{"id":244,"date":"2026-01-19T03:12:53","date_gmt":"2026-01-19T03:12:53","guid":{"rendered":"https:\/\/lbl.bahibaha.cloud\/?post_type=product&#038;p=244"},"modified":"2026-02-25T15:27:35","modified_gmt":"2026-02-25T15:27:35","slug":"https-lbl-bahibaha-cloud","status":"publish","type":"product","link":"https:\/\/lbl.bahibaha.cloud\/?product=https-lbl-bahibaha-cloud","title":{"rendered":"K\u00ednh V\u1ea1n Hoa &#8211; T\u1eadp 15: Kh\u00e1ch S\u1ea1n Hoa H\u1ed3ng (T\u00e1i B\u1ea3n 2022)"},"content":{"rendered":"<h2 data-start=\"397\" data-end=\"456\">K\u00ednh V\u1ea1n Hoa T\u1eadp 15 \u2013 Kh\u00e1ch S\u1ea1n Hoa H\u1ed3ng c\u00f3 g\u00ec \u0111\u1eb7c bi\u1ec7t?<\/h2>\n<p data-start=\"458\" data-end=\"773\"><strong data-start=\"458\" data-end=\"501\">K\u00ednh V\u1ea1n Hoa t\u1eadp 15: Kh\u00e1ch S\u1ea1n Hoa H\u1ed3ng<\/strong> l\u00e0 m\u1ed9t trong nh\u1eefng t\u1eadp truy\u1ec7n \u0111\u1eb7c s\u1eafc thu\u1ed9c b\u1ed9 truy\u1ec7n thi\u1ebfu nhi n\u1ed5i ti\u1ebfng c\u1ee7a nh\u00e0 v\u0103n <span class=\"hover:entity-accent entity-underline inline cursor-pointer align-baseline\"><span class=\"whitespace-normal\">Nguy\u1ec5n Nh\u1eadt \u00c1nh<\/span><\/span>. T\u1eadp truy\u1ec7n ti\u1ebfp t\u1ee5c xoay quanh nh\u00f3m b\u1ea1n Qu\u00fd R\u00f2m, Ti\u1ec3u Long v\u00e0 nh\u1ecf H\u1ea1nh v\u1edbi nh\u1eefng t\u00ecnh hu\u1ed1ng d\u1edf kh\u00f3c d\u1edf c\u01b0\u1eddi nh\u01b0ng ch\u1ee9a \u0111\u1ef1ng nhi\u1ec1u b\u00e0i h\u1ecdc s\u00e2u s\u1eafc.<\/p>\n<p data-start=\"775\" data-end=\"1053\">Trong t\u1eadp 15, c\u00e2u chuy\u1ec7n \u201cKh\u00e1ch S\u1ea1n Hoa H\u1ed3ng \u2013 Qu\u00e0 T\u1eb7ng Ba L\u1ea7n\u201d mang \u0111\u1ebfn nh\u1eefng di\u1ec5n bi\u1ebfn th\u00fa v\u1ecb khi c\u00e1c nh\u00e2n v\u1eadt ch\u00ednh v\u00f4 t\u00ecnh b\u1ecb cu\u1ed1n v\u00e0o m\u1ed9t t\u00ecnh hu\u1ed1ng \u0111\u1ea7y b\u1ea5t ng\u1edd. Qua \u0111\u00f3, t\u00e1c gi\u1ea3 kh\u00e9o l\u00e9o truy\u1ec1n t\u1ea3i th\u00f4ng \u0111i\u1ec7p v\u1ec1 l\u00f2ng t\u1ed1t, s\u1ef1 ch\u00e2n th\u00e0nh v\u00e0 gi\u00e1 tr\u1ecb c\u1ee7a t\u00ecnh b\u1ea1n tu\u1ed5i h\u1ecdc tr\u00f2.<\/p>\n<p data-start=\"1055\" data-end=\"1390\">Kh\u00f4ng ch\u1ec9 \u0111\u01a1n thu\u1ea7n l\u00e0 truy\u1ec7n gi\u1ea3i tr\u00ed, <strong data-start=\"1095\" data-end=\"1118\">k\u00ednh v\u1ea1n hoa t\u1eadp 15<\/strong> c\u00f2n gi\u00fap \u0111\u1ed9c gi\u1ea3 nh\u1ecf tu\u1ed5i hi\u1ec3u h\u01a1n v\u1ec1 c\u00e1ch \u1ee9ng x\u1eed trong cu\u1ed9c s\u1ed1ng, c\u00e1ch gi\u1ea3i quy\u1ebft m\u00e2u thu\u1eabn v\u00e0 tinh th\u1ea7n \u0111o\u00e0n k\u1ebft. Gi\u1ecdng v\u0103n nh\u1eb9 nh\u00e0ng, h\u00e0i h\u01b0\u1edbc nh\u01b0ng gi\u00e0u c\u1ea3m x\u00fac l\u00e0 \u0111i\u1ec3m \u0111\u1eb7c tr\u01b0ng khi\u1ebfn b\u1ed9 <span class=\"hover:entity-accent entity-underline inline cursor-pointer align-baseline\"><span class=\"whitespace-normal\">K\u00ednh V\u1ea1n Hoa<\/span><\/span> lu\u00f4n \u0111\u01b0\u1ee3c nhi\u1ec1u th\u1ebf h\u1ec7 b\u1ea1n \u0111\u1ecdc y\u00eau th\u00edch.<\/p>\n<p data-start=\"1392\" data-end=\"1606\">B\u00ean c\u1ea1nh n\u1ed9i dung h\u1ea5p d\u1eabn, t\u1eadp truy\u1ec7n c\u00f2n ph\u1ea3n \u00e1nh ch\u00e2n th\u1ef1c \u0111\u1eddi s\u1ed1ng h\u1ecdc \u0111\u01b0\u1eddng Vi\u1ec7t Nam, gi\u00fap ng\u01b0\u1eddi \u0111\u1ecdc d\u1ec5 d\u00e0ng \u0111\u1ed3ng c\u1ea3m v\u1edbi nh\u00e2n v\u1eadt. Nh\u1eefng t\u00ecnh ti\u1ebft t\u01b0\u1edfng nh\u01b0 nh\u1ecf b\u00e9 l\u1ea1i ch\u1ee9a \u0111\u1ef1ng b\u00e0i h\u1ecdc l\u1edbn v\u1ec1 s\u1ef1 tr\u01b0\u1edfng th\u00e0nh.<\/p>\n<p data-start=\"1608\" data-end=\"1881\">N\u1ebfu b\u1ea1n \u0111ang t\u00ecm m\u1ed9t cu\u1ed1n truy\u1ec7n thi\u1ebfu nhi v\u1eeba vui nh\u1ed9n v\u1eeba \u00fd ngh\u0129a, <strong data-start=\"1677\" data-end=\"1721\">K\u00ednh V\u1ea1n Hoa t\u1eadp 15 \u2013 Kh\u00e1ch S\u1ea1n Hoa H\u1ed3ng<\/strong> ch\u1eafc ch\u1eafn l\u00e0 l\u1ef1a ch\u1ecdn kh\u00f4ng th\u1ec3 b\u1ecf qua. \u0110\u00e2y l\u00e0 m\u1ed9t ph\u1ea7n quan tr\u1ecdng g\u00f3p ph\u1ea7n l\u00e0m n\u00ean th\u00e0nh c\u00f4ng vang d\u1ed9i c\u1ee7a b\u1ed9 truy\u1ec7n K\u00ednh V\u1ea1n Hoa trong l\u00f2ng \u0111\u1ed9c gi\u1ea3 Vi\u1ec7t Nam.https:\/\/lbl.bahibaha.<\/p>\n","protected":false},"excerpt":{"rendered":"<p><span style=\"font-weight: 400;\">\u201cTrong d\u00f2ng ch\u1ea3y v\u0103n h\u1ecdc thi\u1ebfu nhi Vi\u1ec7t Nam, t\u00ean tu\u1ed5i Nguy\u1ec5n Nh\u1eadt \u00c1nh n\u1ed5i l\u00ean nh\u01b0 m\u1ed9t \u201chi\u1ec7n t\u01b0\u1ee3ng t\u00e1c gi\u1ea3\u201d \u0111\u1eb7c bi\u1ec7t. C\u00e1c t\u00e1c ph\u1ea9m c\u1ee7a nh\u00e0 v\u0103n li\u00ean t\u1ee5c n\u1ed1i ti\u1ebfp nhau ra \u0111\u1eddi khi\u1ebfn \u0111\u1eddi s\u1ed1ng xu\u1ea5t b\u1ea3n v\u00e0 ph\u00e1t h\u00e0nh s\u00e1ch cho thi\u1ebfu nhi s\u00f4i \u0111\u1ed9ng h\u1eb3n l\u00ean. B\u1eb1ng t\u00e0i n\u0103ng c\u1ee7a m\u00ecnh, \u201cch\u00e0ng ho\u00e0ng t\u1eed trong th\u1ebf gi\u1edbi tu\u1ed5i th\u01a1\u201d lu\u00f4n \u0111\u01b0\u1ee3c b\u1ea1n \u0111\u1ecdc nh\u1ecf tu\u1ed5i v\u00e0 c\u1ea3 c\u00e1c b\u1eadc ph\u1ee5 huynh t\u1eeb B\u1eafc ch\u00ed Nam \u0111\u00f3n nh\u1eadn m\u1ed9t c\u00e1ch nhi\u1ec7t t\u00ecnh. C\u00e1c s\u00e1ng t\u00e1c c\u1ee7a Nguy\u1ec5n Nh\u1eadt \u00c1nh \u0111\u1ec1 c\u1eadp \u0111\u1ebfn nhi\u1ec1u v\u1ea5n \u0111\u1ec1, nhi\u1ec1u kh\u00eda c\u1ea1nh li\u00ean quan \u0111\u1ebfn cu\u1ed9c s\u1ed1ng c\u1ee7a c\u00e1c em, t\u1eeb m\u00f4i tr\u01b0\u1eddng gia \u0111\u00ecnh, h\u1ecdc \u0111\u01b0\u1eddng \u0111\u1ebfn nh\u1eefng suy ngh\u0129 ri\u00eang t\u01b0, nh\u1eefng rung \u0111\u1ed9ng \u0111\u1ea7u \u0111\u1eddi c\u1ee7a tu\u1ed5i m\u1edbi l\u1edbn. Kh\u00f4ng ch\u1ec9 l\u00e0 ng\u01b0\u1eddi quan s\u00e1t v\u00e0 tr\u1ea3i nghi\u1ec7m tinh t\u1ebf, Nguy\u1ec5n Nh\u1eadt \u00c1nh \u0111\u00e3 h\u00f2a m\u00ecnh, \u201cnh\u1eadp th\u00e2n\u201d v\u00e0o ch\u00ednh \u0111\u1ed1i t\u01b0\u1ee3ng mi\u00eau t\u1ea3 \u0111\u1ec3 l\u00e0m n\u00ean s\u1ee9c cu\u1ed1n h\u00fat qua nh\u1eefng trang v\u0103n sinh \u0111\u1ed9ng, phong ph\u00fa, nhi\u1ec1u m\u00e0u s\u1eafc c\u1ee7a m\u00ecnh.\u201d<\/span><\/p>\n<p><span style=\"font-weight: 400;\">Nh\u00e0 ph\u00ea b\u00ecnh v\u0103n h\u1ecdc L\u01afU KH\u00c1NH TH\u01a0<\/span><\/p>\n<p><span style=\"font-weight: 400;\">(B\u00e1o Thanh Ni\u00ean, 7-7-2013)<\/span><\/p>\n","protected":false},"featured_media":546,"comment_status":"open","ping_status":"closed","template":"","meta":[],"product_brand":[],"product_cat":[21],"product_tag":[],"class_list":{"0":"post-244","1":"product","2":"type-product","3":"status-publish","4":"has-post-thumbnail","6":"product_cat-uncategorized","8":"first","9":"instock","10":"sale","11":"taxable","12":"shipping-taxable","13":"purchasable","14":"product-type-simple"},"yoast_head":"<!-- This site is optimized with the Yoast SEO plugin v26.8 - https:\/\/yoast.com\/product\/yoast-seo-wordpress\/ -->\n<title>K\u00ednh V\u1ea1n Hoa - T\u1eadp 15: Kh\u00e1ch S\u1ea1n Hoa H\u1ed3ng (T\u00e1i B\u1ea3n 2022) - Little Bird Library.<\/title>\n<meta name=\"description\" content=\"K\u00ednh V\u1ea1n Hoa t\u1eadp 15 \u2013 Kh\u00e1ch S\u1ea1n Hoa H\u1ed3ng l\u00e0 c\u00e2u chuy\u1ec7n thi\u1ebfu nhi h\u1ea5p d\u1eabn c\u1ee7a Nguy\u1ec5n Nh\u1eadt \u00c1nh, mang \u0111\u1ebfn b\u00e0i h\u1ecdc \u00fd ngh\u0129a v\u1ec1 t\u00ecnh b\u1ea1n v\u00e0 tu\u1ed5i h\u1ecdc tr\u00f2.\" \/>\n<meta name=\"robots\" content=\"noindex, follow, max-snippet:-1, max-image-preview:large, max-video-preview:-1\" \/>\n<meta property=\"og:locale\" content=\"vi_VN\" \/>\n<meta property=\"og:type\" content=\"article\" \/>\n<meta property=\"og:title\" content=\"K\u00ednh V\u1ea1n Hoa - T\u1eadp 15: Kh\u00e1ch S\u1ea1n Hoa H\u1ed3ng (T\u00e1i B\u1ea3n 2022) - Little Bird Library.\" \/>\n<meta property=\"og:description\" content=\"K\u00ednh V\u1ea1n Hoa t\u1eadp 15 \u2013 Kh\u00e1ch S\u1ea1n Hoa H\u1ed3ng l\u00e0 c\u00e2u chuy\u1ec7n thi\u1ebfu nhi h\u1ea5p d\u1eabn c\u1ee7a Nguy\u1ec5n Nh\u1eadt \u00c1nh, mang \u0111\u1ebfn b\u00e0i h\u1ecdc \u00fd ngh\u0129a v\u1ec1 t\u00ecnh b\u1ea1n v\u00e0 tu\u1ed5i h\u1ecdc tr\u00f2.\" \/>\n<meta property=\"og:url\" content=\"https:\/\/lbl.bahibaha.cloud\/?product=https-lbl-bahibaha-cloud\" \/>\n<meta property=\"og:site_name\" content=\"Little Bird Library.\" \/>\n<meta property=\"article:modified_time\" content=\"2026-02-25T15:27:35+00:00\" \/>\n<meta property=\"og:image\" content=\"https:\/\/lbl.bahibaha.cloud\/wp-content\/uploads\/2026\/01\/8935244864250.webp\" \/>\n\t<meta property=\"og:image:width\" content=\"600\" \/>\n\t<meta property=\"og:image:height\" content=\"600\" \/>\n\t<meta property=\"og:image:type\" content=\"image\/webp\" \/>\n<meta name=\"twitter:card\" content=\"summary_large_image\" \/>\n<meta name=\"twitter:label1\" content=\"\u01af\u1edbc t\u00ednh th\u1eddi gian \u0111\u1ecdc\" \/>\n\t<meta name=\"twitter:data1\" content=\"2 ph\u00fat\" \/>\n<script type=\"application\/ld+json\" class=\"yoast-schema-graph\">{\"@context\":\"https:\/\/schema.org\",\"@graph\":[{\"@type\":\"WebPage\",\"@id\":\"https:\/\/lbl.bahibaha.cloud\/?product=https-lbl-bahibaha-cloud\",\"url\":\"https:\/\/lbl.bahibaha.cloud\/?product=https-lbl-bahibaha-cloud\",\"name\":\"K\u00ednh V\u1ea1n Hoa - T\u1eadp 15: Kh\u00e1ch S\u1ea1n Hoa H\u1ed3ng (T\u00e1i B\u1ea3n 2022) - Little Bird Library.\",\"isPartOf\":{\"@id\":\"https:\/\/lbl.bahibaha.cloud\/#website\"},\"primaryImageOfPage\":{\"@id\":\"https:\/\/lbl.bahibaha.cloud\/?product=https-lbl-bahibaha-cloud#primaryimage\"},\"image\":{\"@id\":\"https:\/\/lbl.bahibaha.cloud\/?product=https-lbl-bahibaha-cloud#primaryimage\"},\"thumbnailUrl\":\"https:\/\/lbl.bahibaha.cloud\/wp-content\/uploads\/2026\/01\/8935244864250.webp\",\"datePublished\":\"2026-01-19T03:12:53+00:00\",\"dateModified\":\"2026-02-25T15:27:35+00:00\",\"description\":\"K\u00ednh V\u1ea1n Hoa t\u1eadp 15 \u2013 Kh\u00e1ch S\u1ea1n Hoa H\u1ed3ng l\u00e0 c\u00e2u chuy\u1ec7n thi\u1ebfu nhi h\u1ea5p d\u1eabn c\u1ee7a Nguy\u1ec5n Nh\u1eadt \u00c1nh, mang \u0111\u1ebfn b\u00e0i h\u1ecdc \u00fd ngh\u0129a v\u1ec1 t\u00ecnh b\u1ea1n v\u00e0 tu\u1ed5i h\u1ecdc tr\u00f2.\",\"breadcrumb\":{\"@id\":\"https:\/\/lbl.bahibaha.cloud\/?product=https-lbl-bahibaha-cloud#breadcrumb\"},\"inLanguage\":\"vi\",\"potentialAction\":[{\"@type\":\"ReadAction\",\"target\":[\"https:\/\/lbl.bahibaha.cloud\/?product=https-lbl-bahibaha-cloud\"]}]},{\"@type\":\"ImageObject\",\"inLanguage\":\"vi\",\"@id\":\"https:\/\/lbl.bahibaha.cloud\/?product=https-lbl-bahibaha-cloud#primaryimage\",\"url\":\"https:\/\/lbl.bahibaha.cloud\/wp-content\/uploads\/2026\/01\/8935244864250.webp\",\"contentUrl\":\"https:\/\/lbl.bahibaha.cloud\/wp-content\/uploads\/2026\/01\/8935244864250.webp\",\"width\":600,\"height\":600,\"caption\":\"K\u00ednh v\u1ea1n hoa\"},{\"@type\":\"BreadcrumbList\",\"@id\":\"https:\/\/lbl.bahibaha.cloud\/?product=https-lbl-bahibaha-cloud#breadcrumb\",\"itemListElement\":[{\"@type\":\"ListItem\",\"position\":1,\"name\":\"Home\",\"item\":\"https:\/\/lbl.bahibaha.cloud\/\"},{\"@type\":\"ListItem\",\"position\":2,\"name\":\"Shop\",\"item\":\"https:\/\/lbl.bahibaha.cloud\/?page_id=71\"},{\"@type\":\"ListItem\",\"position\":3,\"name\":\"K\u00ednh V\u1ea1n Hoa &#8211; T\u1eadp 15: Kh\u00e1ch S\u1ea1n Hoa H\u1ed3ng (T\u00e1i B\u1ea3n 2022)\"}]},{\"@type\":\"WebSite\",\"@id\":\"https:\/\/lbl.bahibaha.cloud\/#website\",\"url\":\"https:\/\/lbl.bahibaha.cloud\/\",\"name\":\"Little Bird Library.\",\"description\":\"\",\"potentialAction\":[{\"@type\":\"SearchAction\",\"target\":{\"@type\":\"EntryPoint\",\"urlTemplate\":\"https:\/\/lbl.bahibaha.cloud\/?s={search_term_string}\"},\"query-input\":{\"@type\":\"PropertyValueSpecification\",\"valueRequired\":true,\"valueName\":\"search_term_string\"}}],\"inLanguage\":\"vi\"}]}<\/script>\n<!-- \/ Yoast SEO plugin. -->","yoast_head_json":{"title":"K\u00ednh V\u1ea1n Hoa - T\u1eadp 15: Kh\u00e1ch S\u1ea1n Hoa H\u1ed3ng (T\u00e1i B\u1ea3n 2022) - Little Bird Library.","description":"K\u00ednh V\u1ea1n Hoa t\u1eadp 15 \u2013 Kh\u00e1ch S\u1ea1n Hoa H\u1ed3ng l\u00e0 c\u00e2u chuy\u1ec7n thi\u1ebfu nhi h\u1ea5p d\u1eabn c\u1ee7a Nguy\u1ec5n Nh\u1eadt \u00c1nh, mang \u0111\u1ebfn b\u00e0i h\u1ecdc \u00fd ngh\u0129a v\u1ec1 t\u00ecnh b\u1ea1n v\u00e0 tu\u1ed5i h\u1ecdc tr\u00f2.","robots":{"index":"noindex","follow":"follow","max-snippet":"max-snippet:-1","max-image-preview":"max-image-preview:large","max-video-preview":"max-video-preview:-1"},"og_locale":"vi_VN","og_type":"article","og_title":"K\u00ednh V\u1ea1n Hoa - T\u1eadp 15: Kh\u00e1ch S\u1ea1n Hoa H\u1ed3ng (T\u00e1i B\u1ea3n 2022) - Little Bird Library.","og_description":"K\u00ednh V\u1ea1n Hoa t\u1eadp 15 \u2013 Kh\u00e1ch S\u1ea1n Hoa H\u1ed3ng l\u00e0 c\u00e2u chuy\u1ec7n thi\u1ebfu nhi h\u1ea5p d\u1eabn c\u1ee7a Nguy\u1ec5n Nh\u1eadt \u00c1nh, mang \u0111\u1ebfn b\u00e0i h\u1ecdc \u00fd ngh\u0129a v\u1ec1 t\u00ecnh b\u1ea1n v\u00e0 tu\u1ed5i h\u1ecdc tr\u00f2.","og_url":"https:\/\/lbl.bahibaha.cloud\/?product=https-lbl-bahibaha-cloud","og_site_name":"Little Bird Library.","article_modified_time":"2026-02-25T15:27:35+00:00","og_image":[{"width":600,"height":600,"url":"https:\/\/lbl.bahibaha.cloud\/wp-content\/uploads\/2026\/01\/8935244864250.webp","type":"image\/webp"}],"twitter_card":"summary_large_image","twitter_misc":{"\u01af\u1edbc t\u00ednh th\u1eddi gian \u0111\u1ecdc":"2 ph\u00fat"},"schema":{"@context":"https:\/\/schema.org","@graph":[{"@type":"WebPage","@id":"https:\/\/lbl.bahibaha.cloud\/?product=https-lbl-bahibaha-cloud","url":"https:\/\/lbl.bahibaha.cloud\/?product=https-lbl-bahibaha-cloud","name":"K\u00ednh V\u1ea1n Hoa - T\u1eadp 15: Kh\u00e1ch S\u1ea1n Hoa H\u1ed3ng (T\u00e1i B\u1ea3n 2022) - Little Bird Library.","isPartOf":{"@id":"https:\/\/lbl.bahibaha.cloud\/#website"},"primaryImageOfPage":{"@id":"https:\/\/lbl.bahibaha.cloud\/?product=https-lbl-bahibaha-cloud#primaryimage"},"image":{"@id":"https:\/\/lbl.bahibaha.cloud\/?product=https-lbl-bahibaha-cloud#primaryimage"},"thumbnailUrl":"https:\/\/lbl.bahibaha.cloud\/wp-content\/uploads\/2026\/01\/8935244864250.webp","datePublished":"2026-01-19T03:12:53+00:00","dateModified":"2026-02-25T15:27:35+00:00","description":"K\u00ednh V\u1ea1n Hoa t\u1eadp 15 \u2013 Kh\u00e1ch S\u1ea1n Hoa H\u1ed3ng l\u00e0 c\u00e2u chuy\u1ec7n thi\u1ebfu nhi h\u1ea5p d\u1eabn c\u1ee7a Nguy\u1ec5n Nh\u1eadt \u00c1nh, mang \u0111\u1ebfn b\u00e0i h\u1ecdc \u00fd ngh\u0129a v\u1ec1 t\u00ecnh b\u1ea1n v\u00e0 tu\u1ed5i h\u1ecdc tr\u00f2.","breadcrumb":{"@id":"https:\/\/lbl.bahibaha.cloud\/?product=https-lbl-bahibaha-cloud#breadcrumb"},"inLanguage":"vi","potentialAction":[{"@type":"ReadAction","target":["https:\/\/lbl.bahibaha.cloud\/?product=https-lbl-bahibaha-cloud"]}]},{"@type":"ImageObject","inLanguage":"vi","@id":"https:\/\/lbl.bahibaha.cloud\/?product=https-lbl-bahibaha-cloud#primaryimage","url":"https:\/\/lbl.bahibaha.cloud\/wp-content\/uploads\/2026\/01\/8935244864250.webp","contentUrl":"https:\/\/lbl.bahibaha.cloud\/wp-content\/uploads\/2026\/01\/8935244864250.webp","width":600,"height":600,"caption":"K\u00ednh v\u1ea1n hoa"},{"@type":"BreadcrumbList","@id":"https:\/\/lbl.bahibaha.cloud\/?product=https-lbl-bahibaha-cloud#breadcrumb","itemListElement":[{"@type":"ListItem","position":1,"name":"Home","item":"https:\/\/lbl.bahibaha.cloud\/"},{"@type":"ListItem","position":2,"name":"Shop","item":"https:\/\/lbl.bahibaha.cloud\/?page_id=71"},{"@type":"ListItem","position":3,"name":"K\u00ednh V\u1ea1n Hoa &#8211; T\u1eadp 15: Kh\u00e1ch S\u1ea1n Hoa H\u1ed3ng (T\u00e1i B\u1ea3n 2022)"}]},{"@type":"WebSite","@id":"https:\/\/lbl.bahibaha.cloud\/#website","url":"https:\/\/lbl.bahibaha.cloud\/","name":"Little Bird Library.","description":"","potentialAction":[{"@type":"SearchAction","target":{"@type":"EntryPoint","urlTemplate":"https:\/\/lbl.bahibaha.cloud\/?s={search_term_string}"},"query-input":{"@type":"PropertyValueSpecification","valueRequired":true,"valueName":"search_term_string"}}],"inLanguage":"vi"}]}},"_links":{"self":[{"href":"https:\/\/lbl.bahibaha.cloud\/index.php?rest_route=\/wp\/v2\/product\/244","targetHints":{"allow":["GET"]}}],"collection":[{"href":"https:\/\/lbl.bahibaha.cloud\/index.php?rest_route=\/wp\/v2\/product"}],"about":[{"href":"https:\/\/lbl.bahibaha.cloud\/index.php?rest_route=\/wp\/v2\/types\/product"}],"replies":[{"embeddable":true,"href":"https:\/\/lbl.bahibaha.cloud\/index.php?rest_route=%2Fwp%2Fv2%2Fcomments&post=244"}],"wp:featuredmedia":[{"embeddable":true,"href":"https:\/\/lbl.bahibaha.cloud\/index.php?rest_route=\/wp\/v2\/media\/546"}],"wp:attachment":[{"href":"https:\/\/lbl.bahibaha.cloud\/index.php?rest_route=%2Fwp%2Fv2%2Fmedia&parent=244"}],"wp:term":[{"taxonomy":"product_brand","embeddable":true,"href":"https:\/\/lbl.bahibaha.cloud\/index.php?rest_route=%2Fwp%2Fv2%2Fproduct_brand&post=244"},{"taxonomy":"product_cat","embeddable":true,"href":"https:\/\/lbl.bahibaha.cloud\/index.php?rest_route=%2Fwp%2Fv2%2Fproduct_cat&post=244"},{"taxonomy":"product_tag","embeddable":true,"href":"https:\/\/lbl.bahibaha.cloud\/index.php?rest_route=%2Fwp%2Fv2%2Fproduct_tag&post=244"}],"curies":[{"name":"wp","href":"https:\/\/api.w.org\/{rel}","templated":true}]}}