{"id":240,"date":"2026-01-19T03:10:46","date_gmt":"2026-01-19T03:10:46","guid":{"rendered":"https:\/\/lbl.bahibaha.cloud\/?post_type=product&#038;p=240"},"modified":"2026-02-25T15:46:24","modified_gmt":"2026-02-25T15:46:24","slug":"https-lbl-bahibaha-cloud-2","status":"publish","type":"product","link":"https:\/\/lbl.bahibaha.cloud\/?product=https-lbl-bahibaha-cloud-2","title":{"rendered":"Cho T\u00f4i Xin M\u1ed9t V\u00e9 \u0110i Tu\u1ed5i Th\u01a1 &#8211; Phi\u00ean B\u1ea3n \u0110\u1eb7c Bi\u1ec7t"},"content":{"rendered":"<h2 data-start=\"445\" data-end=\"510\">Cho T\u00f4i Xin M\u1ed9t V\u00e9 \u0110i Tu\u1ed5i Th\u01a1 \u2013 Phi\u00ean B\u1ea3n \u0110\u1eb7c Bi\u1ec7t<\/h2>\n<p data-start=\"180\" data-end=\"475\">Phi\u00ean b\u1ea3n \u0111\u1eb7c bi\u1ec7t c\u1ee7a cu\u1ed1n s\u00e1ch kh\u00f4ng ch\u1ec9 gi\u1eef nguy\u00ean gi\u00e1 tr\u1ecb n\u1ed9i dung s\u00e2u s\u1eafc m\u00e0 c\u00f2n \u0111\u01b0\u1ee3c \u0111\u1ea7u t\u01b0 k\u1ef9 l\u01b0\u1ee1ng v\u1ec1 h\u00ecnh th\u1ee9c v\u1edbi b\u00eca c\u1ee9ng sang tr\u1ecdng, minh h\u1ecda \u1ea5n t\u01b0\u1ee3ng v\u00e0 ch\u1ea5t l\u01b0\u1ee3ng in \u1ea5n cao. \u0110\u00e2y l\u00e0 l\u1ef1a ch\u1ecdn l\u00fd t\u01b0\u1edfng \u0111\u1ec3 s\u01b0u t\u1ea7m, l\u00e0m qu\u00e0 t\u1eb7ng ho\u1eb7c l\u01b0u gi\u1eef nh\u01b0 m\u1ed9t ph\u1ea7n k\u00fd \u1ee9c tu\u1ed5i th\u01a1 \u0111\u00e1ng tr\u00e2n tr\u1ecdng.<\/p>\n<p data-start=\"477\" data-end=\"756\">\u0110i\u1ec3m \u0111\u1eb7c bi\u1ec7t c\u1ee7a t\u00e1c ph\u1ea9m n\u1eb1m \u1edf c\u00e1ch t\u00e1c gi\u1ea3 t\u00e1i hi\u1ec7n th\u1ebf gi\u1edbi tr\u1ebb th\u01a1 \u0111\u1ea7y s\u00e1ng t\u1ea1o v\u00e0 trong tr\u1ebbo. Ng\u01b0\u1eddi l\u1edbn khi \u0111\u1ecdc l\u1ea1i s\u1ebd t\u00ecm th\u1ea5y ch\u00ednh m\u00ecnh trong nh\u1eefng n\u0103m th\u00e1ng v\u00f4 t\u01b0, c\u00f2n c\u00e1c b\u1ea1n tr\u1ebb c\u00f3 th\u1ec3 c\u1ea3m nh\u1eadn r\u00f5 h\u01a1n gi\u00e1 tr\u1ecb c\u1ee7a t\u00ecnh c\u1ea3m gia \u0111\u00ecnh v\u00e0 s\u1ef1 tr\u00e2n tr\u1ecdng nh\u1eefng \u0111i\u1ec1u gi\u1ea3n d\u1ecb.<\/p>\n<p data-start=\"758\" data-end=\"1001\">N\u1ebfu b\u1ea1n \u0111ang t\u00ecm m\u1ed9t cu\u1ed1n s\u00e1ch gi\u00e0u c\u1ea3m x\u00fac, s\u00e2u l\u1eafng nh\u01b0ng v\u1eabn \u0111\u1ea7y ti\u1ebfng c\u01b0\u1eddi, \u1ea5n b\u1ea3n \u0111\u1eb7c bi\u1ec7t n\u00e0y ch\u1eafc ch\u1eafn l\u00e0 l\u1ef1a ch\u1ecdn kh\u00f4ng n\u00ean b\u1ecf qua. Kh\u00f4ng ch\u1ec9 \u0111\u01a1n thu\u1ea7n l\u00e0 m\u1ed9t cu\u1ed1n s\u00e1ch, \u0111\u00e2y c\u00f2n l\u00e0 t\u1ea5m v\u00e9 \u0111\u01b0a b\u1ea1n quay v\u1ec1 mi\u1ec1n k\u00fd \u1ee9c \u0111\u1eb9p \u0111\u1ebd c\u1ee7a tu\u1ed5i th\u01a1.<\/p>\n<p data-start=\"1699\" data-end=\"1969\"><a href=\"https:\/\/lbl.bahibaha.cloud\/?product=cho-toi-xin-mot-ve-di-tuoi-tho-phien-ban-dac-biet\">Cho T\u00f4i Xin M\u1ed9t V\u00e9 \u0110i Tu\u1ed5i Th\u01a1 &#8211; Phi\u00ean B\u1ea3n \u0110\u1eb7c Bi\u1ec7t &#8211; Little Bird Library.<\/a><\/p>\n","protected":false},"excerpt":{"rendered":"<p><span style=\"font-weight: 400;\">Truy\u1ec7n Cho t\u00f4i xin m\u1ed9t v\u00e9 \u0111i tu\u1ed5i th\u01a1 l\u00e0 m\u1ed9t trong nh\u1eefng t\u00e1c ph\u1ea9m b\u00e1n ch\u1ea1y nh\u1ea5t nh\u00e0 v\u0103n Nguy\u1ec5n Nh\u1eadt \u00c1nh. Nh\u00e0 v\u0103n m\u1eddi ng\u01b0\u1eddi \u0111\u1ecdc l\u00ean chuy\u1ebfn t\u00e0u quay ng\u01b0\u1ee3c tr\u1edf l\u1ea1i th\u0103m tu\u1ed5i th\u01a1 v\u00e0 t\u00ecnh b\u1ea1n d\u1ec5 th\u01b0\u01a1ng c\u1ee7a 4 b\u1ea1n nh\u1ecf. Nh\u1eefng tr\u00f2 ch\u01a1i d\u1ec5 th\u01b0\u01a1ng th\u1eddi b\u00e9, t\u00ednh c\u00e1ch th\u1eadt th\u00e0, th\u1eb3ng th\u1eafn m\u1ed9t c\u00e1ch th\u00f4ng minh v\u00e0 d\u1ea1i d\u1ed9t, nh\u1eefng \u01b0\u1edbc m\u01a1 t\u1ef1 do trong l\u00f2ng\u2026 khi\u1ebfn cu\u1ed1n s\u00e1ch c\u00f3 th\u1ec3 l\u00e0m c\u00e1c b\u1eadc ph\u1ee5 huynh lo l\u1eafng r\u1ed3i th\u1edf ph\u00e0o. Kh\u00f4ng ch\u1ec9 th\u00edch h\u1ee3p v\u1edbi ng\u01b0\u1eddi \u0111\u1ecdc tr\u1ebb, cu\u1ed1n s\u00e1ch c\u00f2n c\u00f3 th\u1ec3 h\u1ea5p d\u1eabn v\u00e0 th\u1ef1c s\u1ef1 c\u00f3 \u00edch cho ng\u01b0\u1eddi l\u1edbn trong quan h\u1ec7 v\u1edbi con m\u00ecnh.<\/span><\/p>\n<p><span style=\"font-weight: 400;\">T\u00e1c ph\u1ea9m \u0111\u1ea1t gi\u1ea3i th\u01b0\u1edfng v\u0103n h\u1ecdc Asean 2010.<\/span><\/p>\n<p><span style=\"font-weight: 400;\">Cho t\u00f4i xin m\u1ed9t v\u00e9 \u0111i tu\u1ed5i th\u01a1 \u0111\u00e3 \u0111\u01b0\u1ee3c chuy\u1ec3n ng\u1eef sang nhi\u1ec1u th\u1ee9 ti\u1ebfng nh\u01b0 Ti\u1ebfng Anh, Nh\u1eadt, H\u00e0n, Th\u00e1i v\u00e0 ph\u00e1t h\u00e0nh t\u1ea1i nhi\u1ec1u n\u01b0\u1edbc th\u1ebf gi\u1edbi.<\/span><\/p>\n<p>&nbsp;<\/p>\n<p><span style=\"font-weight: 400;\">\u201cM\u1ed9t c\u00e2u chuy\u1ec7n ng\u1ee5 ng\u00f4n l\u00e0m say l\u00f2ng ng\u01b0\u1eddi l\u1edbn v\u00e0 tr\u1ebb em. Cho t\u00f4i xin m\u1ed9t v\u00e9 \u0111i tu\u1ed5i th\u01a1 s\u1ebd chi\u1ebfm c\u1ea3m t\u00ecnh c\u1ee7a \u0111\u1ed9c gi\u1ea3 M\u1ef9 &#8211; Amazon.<\/span><\/p>\n<p>&nbsp;<\/p>\n<p><span style=\"font-weight: 400;\">T\u00e1c ph\u1ea9m \u0111\u1ea7y m\u00ea ho\u1eb7c n\u00e0y &#8211; g\u1ee3i nh\u1edb \u0111\u1ebfn Ho\u00e0ng t\u1eed b\u00e9 c\u1ee7a Saint-Exupery \u2013 \u0111\u00e3 kh\u1eafc h\u1ecda m\u1ed9t c\u00e1ch t\u00e0i t\u00ecnh s\u1ef1 \u0111a c\u1ea3m c\u1ee7a tu\u1ed5i th\u01a1 \u0111\u1ed1i l\u1eadp v\u1edbi nh\u1eefng phi l\u00fd c\u1ee7a th\u1ebf gi\u1edbi ng\u01b0\u1eddi l\u1edbn \u2013 Publishers Weekly\u201d<\/span><\/p>\n<p>&nbsp;<\/p>\n<p><span style=\"font-weight: 400;\">Phi\u00ean b\u1ea3n \u0111\u1eb7c bi\u1ec7t k\u1ef7 ni\u1ec7m 40 n\u0103m ng\u00e0y th\u00e0nh l\u1eadp NXB Tr\u1ebb \u0111\u01b0\u1ee3c in m\u00e0u ho\u00e0n to\u00e0n v\u1edbi nh\u1eefng tranh minh h\u1ecda m\u1edbi c\u1ee7a h\u1ecda s\u0129 \u0110\u1ed7 Ho\u00e0ng T\u01b0\u1eddng.<\/span><\/p>\n","protected":false},"featured_media":558,"comment_status":"open","ping_status":"closed","template":"","meta":[],"product_brand":[],"product_cat":[21],"product_tag":[],"class_list":{"0":"post-240","1":"product","2":"type-product","3":"status-publish","4":"has-post-thumbnail","6":"product_cat-uncategorized","8":"first","9":"instock","10":"sale","11":"taxable","12":"shipping-taxable","13":"purchasable","14":"product-type-simple"},"yoast_head":"<!-- This site is optimized with the Yoast SEO plugin v26.8 - https:\/\/yoast.com\/product\/yoast-seo-wordpress\/ -->\n<title>Cho T\u00f4i Xin M\u1ed9t V\u00e9 \u0110i Tu\u1ed5i Th\u01a1 - Phi\u00ean B\u1ea3n \u0110\u1eb7c Bi\u1ec7t - Little Bird Library.<\/title>\n<meta name=\"description\" content=\"Cho T\u00f4i Xin M\u1ed9t V\u00e9 \u0110i Tu\u1ed5i Th\u01a1 phi\u00ean b\u1ea3n \u0111\u1eb7c bi\u1ec7t l\u00e0 \u1ea5n b\u1ea3n b\u00eca c\u1ee9ng cao c\u1ea5p, n\u1ed9i dung gi\u00e0u c\u1ea3m x\u00fac, th\u00edch h\u1ee3p s\u01b0u t\u1ea7m v\u00e0 l\u00e0m qu\u00e0 t\u1eb7ng \u00fd ngh\u0129a.\" \/>\n<meta name=\"robots\" content=\"noindex, follow, max-snippet:-1, max-image-preview:large, max-video-preview:-1\" \/>\n<meta property=\"og:locale\" content=\"vi_VN\" \/>\n<meta property=\"og:type\" content=\"article\" \/>\n<meta property=\"og:title\" content=\"Cho T\u00f4i Xin M\u1ed9t V\u00e9 \u0110i Tu\u1ed5i Th\u01a1 - Phi\u00ean B\u1ea3n \u0110\u1eb7c Bi\u1ec7t - Little Bird Library.\" \/>\n<meta property=\"og:description\" content=\"Cho T\u00f4i Xin M\u1ed9t V\u00e9 \u0110i Tu\u1ed5i Th\u01a1 phi\u00ean b\u1ea3n \u0111\u1eb7c bi\u1ec7t l\u00e0 \u1ea5n b\u1ea3n b\u00eca c\u1ee9ng cao c\u1ea5p, n\u1ed9i dung gi\u00e0u c\u1ea3m x\u00fac, th\u00edch h\u1ee3p s\u01b0u t\u1ea7m v\u00e0 l\u00e0m qu\u00e0 t\u1eb7ng \u00fd ngh\u0129a.\" \/>\n<meta property=\"og:url\" content=\"https:\/\/lbl.bahibaha.cloud\/?product=https-lbl-bahibaha-cloud-2\" \/>\n<meta property=\"og:site_name\" content=\"Little Bird Library.\" \/>\n<meta property=\"article:modified_time\" content=\"2026-02-25T15:46:24+00:00\" \/>\n<meta property=\"og:image\" content=\"https:\/\/lbl.bahibaha.cloud\/wp-content\/uploads\/2026\/01\/nxbtre_full_22142021_051437.jpg\" \/>\n\t<meta property=\"og:image:width\" content=\"900\" \/>\n\t<meta property=\"og:image:height\" content=\"1201\" \/>\n\t<meta property=\"og:image:type\" content=\"image\/jpeg\" \/>\n<meta name=\"twitter:card\" content=\"summary_large_image\" \/>\n<meta name=\"twitter:label1\" content=\"\u01af\u1edbc t\u00ednh th\u1eddi gian \u0111\u1ecdc\" \/>\n\t<meta name=\"twitter:data1\" content=\"2 ph\u00fat\" \/>\n<script type=\"application\/ld+json\" class=\"yoast-schema-graph\">{\"@context\":\"https:\/\/schema.org\",\"@graph\":[{\"@type\":\"WebPage\",\"@id\":\"https:\/\/lbl.bahibaha.cloud\/?product=https-lbl-bahibaha-cloud-2\",\"url\":\"https:\/\/lbl.bahibaha.cloud\/?product=https-lbl-bahibaha-cloud-2\",\"name\":\"Cho T\u00f4i Xin M\u1ed9t V\u00e9 \u0110i Tu\u1ed5i Th\u01a1 - Phi\u00ean B\u1ea3n \u0110\u1eb7c Bi\u1ec7t - Little Bird Library.\",\"isPartOf\":{\"@id\":\"https:\/\/lbl.bahibaha.cloud\/#website\"},\"primaryImageOfPage\":{\"@id\":\"https:\/\/lbl.bahibaha.cloud\/?product=https-lbl-bahibaha-cloud-2#primaryimage\"},\"image\":{\"@id\":\"https:\/\/lbl.bahibaha.cloud\/?product=https-lbl-bahibaha-cloud-2#primaryimage\"},\"thumbnailUrl\":\"https:\/\/lbl.bahibaha.cloud\/wp-content\/uploads\/2026\/01\/nxbtre_full_22142021_051437.jpg\",\"datePublished\":\"2026-01-19T03:10:46+00:00\",\"dateModified\":\"2026-02-25T15:46:24+00:00\",\"description\":\"Cho T\u00f4i Xin M\u1ed9t V\u00e9 \u0110i Tu\u1ed5i Th\u01a1 phi\u00ean b\u1ea3n \u0111\u1eb7c bi\u1ec7t l\u00e0 \u1ea5n b\u1ea3n b\u00eca c\u1ee9ng cao c\u1ea5p, n\u1ed9i dung gi\u00e0u c\u1ea3m x\u00fac, th\u00edch h\u1ee3p s\u01b0u t\u1ea7m v\u00e0 l\u00e0m qu\u00e0 t\u1eb7ng \u00fd ngh\u0129a.\",\"breadcrumb\":{\"@id\":\"https:\/\/lbl.bahibaha.cloud\/?product=https-lbl-bahibaha-cloud-2#breadcrumb\"},\"inLanguage\":\"vi\",\"potentialAction\":[{\"@type\":\"ReadAction\",\"target\":[\"https:\/\/lbl.bahibaha.cloud\/?product=https-lbl-bahibaha-cloud-2\"]}]},{\"@type\":\"ImageObject\",\"inLanguage\":\"vi\",\"@id\":\"https:\/\/lbl.bahibaha.cloud\/?product=https-lbl-bahibaha-cloud-2#primaryimage\",\"url\":\"https:\/\/lbl.bahibaha.cloud\/wp-content\/uploads\/2026\/01\/nxbtre_full_22142021_051437.jpg\",\"contentUrl\":\"https:\/\/lbl.bahibaha.cloud\/wp-content\/uploads\/2026\/01\/nxbtre_full_22142021_051437.jpg\",\"width\":900,\"height\":1201},{\"@type\":\"BreadcrumbList\",\"@id\":\"https:\/\/lbl.bahibaha.cloud\/?product=https-lbl-bahibaha-cloud-2#breadcrumb\",\"itemListElement\":[{\"@type\":\"ListItem\",\"position\":1,\"name\":\"Home\",\"item\":\"https:\/\/lbl.bahibaha.cloud\/\"},{\"@type\":\"ListItem\",\"position\":2,\"name\":\"Shop\",\"item\":\"https:\/\/lbl.bahibaha.cloud\/?page_id=71\"},{\"@type\":\"ListItem\",\"position\":3,\"name\":\"Cho T\u00f4i Xin M\u1ed9t V\u00e9 \u0110i Tu\u1ed5i Th\u01a1 &#8211; Phi\u00ean B\u1ea3n \u0110\u1eb7c Bi\u1ec7t\"}]},{\"@type\":\"WebSite\",\"@id\":\"https:\/\/lbl.bahibaha.cloud\/#website\",\"url\":\"https:\/\/lbl.bahibaha.cloud\/\",\"name\":\"Little Bird Library.\",\"description\":\"\",\"potentialAction\":[{\"@type\":\"SearchAction\",\"target\":{\"@type\":\"EntryPoint\",\"urlTemplate\":\"https:\/\/lbl.bahibaha.cloud\/?s={search_term_string}\"},\"query-input\":{\"@type\":\"PropertyValueSpecification\",\"valueRequired\":true,\"valueName\":\"search_term_string\"}}],\"inLanguage\":\"vi\"}]}<\/script>\n<!-- \/ Yoast SEO plugin. -->","yoast_head_json":{"title":"Cho T\u00f4i Xin M\u1ed9t V\u00e9 \u0110i Tu\u1ed5i Th\u01a1 - Phi\u00ean B\u1ea3n \u0110\u1eb7c Bi\u1ec7t - Little Bird Library.","description":"Cho T\u00f4i Xin M\u1ed9t V\u00e9 \u0110i Tu\u1ed5i Th\u01a1 phi\u00ean b\u1ea3n \u0111\u1eb7c bi\u1ec7t l\u00e0 \u1ea5n b\u1ea3n b\u00eca c\u1ee9ng cao c\u1ea5p, n\u1ed9i dung gi\u00e0u c\u1ea3m x\u00fac, th\u00edch h\u1ee3p s\u01b0u t\u1ea7m v\u00e0 l\u00e0m qu\u00e0 t\u1eb7ng \u00fd ngh\u0129a.","robots":{"index":"noindex","follow":"follow","max-snippet":"max-snippet:-1","max-image-preview":"max-image-preview:large","max-video-preview":"max-video-preview:-1"},"og_locale":"vi_VN","og_type":"article","og_title":"Cho T\u00f4i Xin M\u1ed9t V\u00e9 \u0110i Tu\u1ed5i Th\u01a1 - Phi\u00ean B\u1ea3n \u0110\u1eb7c Bi\u1ec7t - Little Bird Library.","og_description":"Cho T\u00f4i Xin M\u1ed9t V\u00e9 \u0110i Tu\u1ed5i Th\u01a1 phi\u00ean b\u1ea3n \u0111\u1eb7c bi\u1ec7t l\u00e0 \u1ea5n b\u1ea3n b\u00eca c\u1ee9ng cao c\u1ea5p, n\u1ed9i dung gi\u00e0u c\u1ea3m x\u00fac, th\u00edch h\u1ee3p s\u01b0u t\u1ea7m v\u00e0 l\u00e0m qu\u00e0 t\u1eb7ng \u00fd ngh\u0129a.","og_url":"https:\/\/lbl.bahibaha.cloud\/?product=https-lbl-bahibaha-cloud-2","og_site_name":"Little Bird Library.","article_modified_time":"2026-02-25T15:46:24+00:00","og_image":[{"width":900,"height":1201,"url":"https:\/\/lbl.bahibaha.cloud\/wp-content\/uploads\/2026\/01\/nxbtre_full_22142021_051437.jpg","type":"image\/jpeg"}],"twitter_card":"summary_large_image","twitter_misc":{"\u01af\u1edbc t\u00ednh th\u1eddi gian \u0111\u1ecdc":"2 ph\u00fat"},"schema":{"@context":"https:\/\/schema.org","@graph":[{"@type":"WebPage","@id":"https:\/\/lbl.bahibaha.cloud\/?product=https-lbl-bahibaha-cloud-2","url":"https:\/\/lbl.bahibaha.cloud\/?product=https-lbl-bahibaha-cloud-2","name":"Cho T\u00f4i Xin M\u1ed9t V\u00e9 \u0110i Tu\u1ed5i Th\u01a1 - Phi\u00ean B\u1ea3n \u0110\u1eb7c Bi\u1ec7t - Little Bird Library.","isPartOf":{"@id":"https:\/\/lbl.bahibaha.cloud\/#website"},"primaryImageOfPage":{"@id":"https:\/\/lbl.bahibaha.cloud\/?product=https-lbl-bahibaha-cloud-2#primaryimage"},"image":{"@id":"https:\/\/lbl.bahibaha.cloud\/?product=https-lbl-bahibaha-cloud-2#primaryimage"},"thumbnailUrl":"https:\/\/lbl.bahibaha.cloud\/wp-content\/uploads\/2026\/01\/nxbtre_full_22142021_051437.jpg","datePublished":"2026-01-19T03:10:46+00:00","dateModified":"2026-02-25T15:46:24+00:00","description":"Cho T\u00f4i Xin M\u1ed9t V\u00e9 \u0110i Tu\u1ed5i Th\u01a1 phi\u00ean b\u1ea3n \u0111\u1eb7c bi\u1ec7t l\u00e0 \u1ea5n b\u1ea3n b\u00eca c\u1ee9ng cao c\u1ea5p, n\u1ed9i dung gi\u00e0u c\u1ea3m x\u00fac, th\u00edch h\u1ee3p s\u01b0u t\u1ea7m v\u00e0 l\u00e0m qu\u00e0 t\u1eb7ng \u00fd ngh\u0129a.","breadcrumb":{"@id":"https:\/\/lbl.bahibaha.cloud\/?product=https-lbl-bahibaha-cloud-2#breadcrumb"},"inLanguage":"vi","potentialAction":[{"@type":"ReadAction","target":["https:\/\/lbl.bahibaha.cloud\/?product=https-lbl-bahibaha-cloud-2"]}]},{"@type":"ImageObject","inLanguage":"vi","@id":"https:\/\/lbl.bahibaha.cloud\/?product=https-lbl-bahibaha-cloud-2#primaryimage","url":"https:\/\/lbl.bahibaha.cloud\/wp-content\/uploads\/2026\/01\/nxbtre_full_22142021_051437.jpg","contentUrl":"https:\/\/lbl.bahibaha.cloud\/wp-content\/uploads\/2026\/01\/nxbtre_full_22142021_051437.jpg","width":900,"height":1201},{"@type":"BreadcrumbList","@id":"https:\/\/lbl.bahibaha.cloud\/?product=https-lbl-bahibaha-cloud-2#breadcrumb","itemListElement":[{"@type":"ListItem","position":1,"name":"Home","item":"https:\/\/lbl.bahibaha.cloud\/"},{"@type":"ListItem","position":2,"name":"Shop","item":"https:\/\/lbl.bahibaha.cloud\/?page_id=71"},{"@type":"ListItem","position":3,"name":"Cho T\u00f4i Xin M\u1ed9t V\u00e9 \u0110i Tu\u1ed5i Th\u01a1 &#8211; Phi\u00ean B\u1ea3n \u0110\u1eb7c Bi\u1ec7t"}]},{"@type":"WebSite","@id":"https:\/\/lbl.bahibaha.cloud\/#website","url":"https:\/\/lbl.bahibaha.cloud\/","name":"Little Bird Library.","description":"","potentialAction":[{"@type":"SearchAction","target":{"@type":"EntryPoint","urlTemplate":"https:\/\/lbl.bahibaha.cloud\/?s={search_term_string}"},"query-input":{"@type":"PropertyValueSpecification","valueRequired":true,"valueName":"search_term_string"}}],"inLanguage":"vi"}]}},"_links":{"self":[{"href":"https:\/\/lbl.bahibaha.cloud\/index.php?rest_route=\/wp\/v2\/product\/240","targetHints":{"allow":["GET"]}}],"collection":[{"href":"https:\/\/lbl.bahibaha.cloud\/index.php?rest_route=\/wp\/v2\/product"}],"about":[{"href":"https:\/\/lbl.bahibaha.cloud\/index.php?rest_route=\/wp\/v2\/types\/product"}],"replies":[{"embeddable":true,"href":"https:\/\/lbl.bahibaha.cloud\/index.php?rest_route=%2Fwp%2Fv2%2Fcomments&post=240"}],"wp:featuredmedia":[{"embeddable":true,"href":"https:\/\/lbl.bahibaha.cloud\/index.php?rest_route=\/wp\/v2\/media\/558"}],"wp:attachment":[{"href":"https:\/\/lbl.bahibaha.cloud\/index.php?rest_route=%2Fwp%2Fv2%2Fmedia&parent=240"}],"wp:term":[{"taxonomy":"product_brand","embeddable":true,"href":"https:\/\/lbl.bahibaha.cloud\/index.php?rest_route=%2Fwp%2Fv2%2Fproduct_brand&post=240"},{"taxonomy":"product_cat","embeddable":true,"href":"https:\/\/lbl.bahibaha.cloud\/index.php?rest_route=%2Fwp%2Fv2%2Fproduct_cat&post=240"},{"taxonomy":"product_tag","embeddable":true,"href":"https:\/\/lbl.bahibaha.cloud\/index.php?rest_route=%2Fwp%2Fv2%2Fproduct_tag&post=240"}],"curies":[{"name":"wp","href":"https:\/\/api.w.org\/{rel}","templated":true}]}}