{"id":232,"date":"2026-01-19T03:06:23","date_gmt":"2026-01-19T03:06:23","guid":{"rendered":"https:\/\/lbl.bahibaha.cloud\/?post_type=product&#038;p=232"},"modified":"2026-02-25T16:12:33","modified_gmt":"2026-02-25T16:12:33","slug":"ghi-chep-phap-y","status":"publish","type":"product","link":"https:\/\/lbl.bahibaha.cloud\/?product=ghi-chep-phap-y","title":{"rendered":"Ghi Ch\u00e9p Ph\u00e1p Y"},"content":{"rendered":"<h2 data-start=\"345\" data-end=\"379\">Gi\u1edbi thi\u1ec7u s\u00e1ch Ghi Ch\u00e9p Ph\u00e1p Y<\/h2>\n<p data-start=\"381\" data-end=\"689\"><strong data-start=\"381\" data-end=\"400\">Ghi Ch\u00e9p Ph\u00e1p Y<\/strong> l\u00e0 t\u00e1c ph\u1ea9m thu\u1ed9c th\u1ec3 lo\u1ea1i trinh th\u00e1m \u2013 \u0111i\u1ec1u tra, khai th\u00e1c th\u1ebf gi\u1edbi ph\u00e1 \u00e1n d\u01b0\u1edbi g\u00f3c nh\u00ecn chuy\u00ean m\u00f4n c\u1ee7a ng\u00e0nh ph\u00e1p y. Cu\u1ed1n s\u00e1ch \u0111\u01b0a ng\u01b0\u1eddi \u0111\u1ecdc b\u01b0\u1edbc v\u00e0o h\u00e0nh tr\u00ecnh l\u1ea7n theo d\u1ea5u v\u1ebft s\u1ef1 th\u1eadt th\u00f4ng qua nh\u1eefng chi ti\u1ebft t\u01b0\u1edfng ch\u1eebng nh\u1ecf b\u00e9 nh\u01b0ng l\u1ea1i mang t\u00ednh quy\u1ebft \u0111\u1ecbnh trong qu\u00e1 tr\u00ecnh \u0111i\u1ec1u tra.<\/p>\n<p data-start=\"691\" data-end=\"1063\">Kh\u00e1c v\u1edbi nh\u1eefng ti\u1ec3u thuy\u1ebft trinh th\u00e1m th\u00f4ng th\u01b0\u1eddng, <em data-start=\"743\" data-end=\"760\">ghi ch\u00e9p ph\u00e1p y<\/em> t\u1eadp trung v\u00e0o qu\u00e1 tr\u00ecnh ph\u00e2n t\u00edch hi\u1ec7n tr\u01b0\u1eddng, kh\u00e1m nghi\u1ec7m t\u1eed thi v\u00e0 gi\u1ea3i m\u00e3 c\u00e1c b\u1eb1ng ch\u1ee9ng khoa h\u1ecdc. T\u1eebng v\u1ee5 \u00e1n \u0111\u01b0\u1ee3c t\u00e1i hi\u1ec7n v\u1edbi nh\u1ecbp \u0111\u1ed9 c\u0103ng th\u1eb3ng, logic ch\u1eb7t ch\u1ebd, t\u1ea1o c\u1ea3m gi\u00e1c h\u1ed3i h\u1ed9p xuy\u00ean su\u1ed1t t\u1eeb \u0111\u1ea7u \u0111\u1ebfn cu\u1ed1i. Qua \u0111\u00f3, ng\u01b0\u1eddi \u0111\u1ecdc hi\u1ec3u r\u00f5 h\u01a1n vai tr\u00f2 quan tr\u1ecdng c\u1ee7a ph\u00e1p y trong vi\u1ec7c b\u1ea3o v\u1ec7 c\u00f4ng l\u00fd.<\/p>\n<p data-start=\"1065\" data-end=\"1373\">\u0110i\u1ec3m h\u1ea5p d\u1eabn c\u1ee7a <strong data-start=\"1082\" data-end=\"1101\">Ghi Ch\u00e9p Ph\u00e1p Y<\/strong> n\u1eb1m \u1edf s\u1ef1 k\u1ebft h\u1ee3p gi\u1eefa y\u1ebfu t\u1ed1 chuy\u00ean m\u00f4n v\u00e0 chi\u1ec1u s\u00e2u t\u00e2m l\u00fd. Kh\u00f4ng ch\u1ec9 d\u1eebng l\u1ea1i \u1edf vi\u1ec7c ph\u00e1 \u00e1n, t\u00e1c ph\u1ea9m c\u00f2n kh\u1eafc h\u1ecda nh\u1eefng g\u00f3c khu\u1ea5t c\u1ee7a con ng\u01b0\u1eddi, \u0111\u1ed9ng c\u01a1 g\u00e2y \u00e1n v\u00e0 nh\u1eefng bi k\u1ecbch ph\u00eda sau m\u1ed7i v\u1ee5 vi\u1ec7c. \u0110i\u1ec1u n\u00e0y gi\u00fap c\u00e2u chuy\u1ec7n tr\u1edf n\u00ean ch\u00e2n th\u1ef1c v\u00e0 gi\u00e0u t\u00ednh nh\u00e2n v\u0103n h\u01a1n.<\/p>\n<p data-start=\"1375\" data-end=\"1738\">V\u1edbi l\u1ed1i vi\u1ebft s\u1eafc s\u1ea3o, n\u1ed9i dung k\u1ecbch t\u00ednh v\u00e0 ki\u1ebfn th\u1ee9c chuy\u00ean ng\u00e0nh \u0111\u01b0\u1ee3c l\u1ed3ng gh\u00e9p kh\u00e9o l\u00e9o, <em data-start=\"1467\" data-end=\"1484\">ghi ch\u00e9p ph\u00e1p y<\/em> ph\u00f9 h\u1ee3p v\u1edbi nh\u1eefng \u0111\u1ed9c gi\u1ea3 y\u00eau th\u00edch th\u1ec3 lo\u1ea1i trinh th\u00e1m, \u0111i\u1ec1u tra h\u00ecnh s\u1ef1 v\u00e0 kh\u00e1m ph\u00e1 s\u1ef1 th\u1eadt t\u1eeb g\u00f3c nh\u00ecn khoa h\u1ecdc. \u0110\u00e2y l\u00e0 cu\u1ed1n s\u00e1ch kh\u00f4ng ch\u1ec9 mang t\u00ednh gi\u1ea3i tr\u00ed m\u00e0 c\u00f2n m\u1edf ra c\u00e1i nh\u00ecn m\u1edbi m\u1ebb v\u1ec1 c\u00f4ng vi\u1ec7c th\u1ea7m l\u1eb7ng nh\u01b0ng \u0111\u1ea7y tr\u00e1ch nhi\u1ec7m c\u1ee7a ng\u00e0nh ph\u00e1p y.<\/p>\n","protected":false},"excerpt":{"rendered":"<p><i><span style=\"font-weight: 400;\">Nh\u1eefng C\u00e1i Ch\u1ebft B\u00ed \u1ea8n<\/span><\/i><span style=\"font-weight: 400;\"> l\u00e0 cu\u1ed1n s\u00e1ch ph\u00e1p y d\u1ef1a tr\u00ean <\/span><b>c\u00e1c v\u1ee5 \u00e1n c\u00f3 th\u1eadt<\/b><span style=\"font-weight: 400;\">, do <\/span><b>b\u00e1c s\u0129 ph\u00e1p y L\u01b0u Hi\u1ec3u Huy<\/b><span style=\"font-weight: 400;\"> \u2013 ng\u01b0\u1eddi c\u00f3 h\u01a1n 15 n\u0103m kinh nghi\u1ec7m v\u00e0 t\u1eebng kh\u00e1m nghi\u1ec7m h\u01a1n 800 t\u1eed thi \u2013 ch\u1ea5p b\u00fat. T\u00e1c ph\u1ea9m n\u1eb1m trong h\u1ec7 li\u1ec7t c\u00f9ng d\u00f2ng v\u1edbi <\/span><i><span style=\"font-weight: 400;\">Ph\u00e1p y T\u1ea7n Minh<\/span><\/i><span style=\"font-weight: 400;\">, \u0111\u01b0a ng\u01b0\u1eddi \u0111\u1ecdc ti\u1ebfp c\u1eadn th\u1ebf gi\u1edbi \u0111i\u1ec1u tra t\u1ed9i ph\u1ea1m d\u01b0\u1edbi g\u00f3c nh\u00ecn khoa h\u1ecdc ph\u00e1p y.<\/span><\/p>\n<p><span style=\"font-weight: 400;\">Cu\u1ed1n s\u00e1ch g\u1ed3m <\/span><b>15 v\u1ee5 \u00e1n r\u00f9ng r\u1ee3n<\/b><span style=\"font-weight: 400;\">, n\u01a1i m\u1ed7i t\u1eed thi tr\u1edf th\u00e0nh \u201cnh\u00e2n ch\u1ee9ng th\u1ea7m l\u1eb7ng\u201d. Th\u00f4ng qua vi\u1ec7c ph\u00e2n t\u00edch hi\u1ec7n tr\u01b0\u1eddng, d\u1ea5u v\u1ebft tr\u00ean c\u01a1 th\u1ec3, n\u1ed9i t\u1ea1ng, \u0111\u1ed9c ch\u1ea5t v\u00e0 c\u00e1c ph\u1ea3n \u1ee9ng sinh h\u1ecdc sau khi ch\u1ebft, t\u00e1c gi\u1ea3 t\u1eebng b\u01b0\u1edbc <\/span><b>gi\u1ea3i m\u00e3 nguy\u00ean nh\u00e2n t\u1eed vong v\u00e0 v\u1ea1ch tr\u1ea7n s\u1ef1 th\u1eadt ph\u00eda sau c\u00e1i ch\u1ebft<\/b><span style=\"font-weight: 400;\">.<\/span><\/p>\n<p><span style=\"font-weight: 400;\">Kh\u00f4ng ch\u1ec9 tr\u00ecnh b\u00e0y ki\u1ebfn th\u1ee9c v\u00e0 quy tr\u00ecnh ph\u00e1p y chuy\u00ean m\u00f4n, s\u00e1ch c\u00f2n ph\u1ea3n \u00e1nh <\/span><b>nh\u1eefng g\u00f3c khu\u1ea5t t\u0103m t\u1ed1i c\u1ee7a x\u00e3 h\u1ed9i v\u00e0 b\u1ea3n ch\u1ea5t con ng\u01b0\u1eddi<\/b><span style=\"font-weight: 400;\">, c\u00f9ng nh\u1eefng tr\u0103n tr\u1edf, day d\u1ee9t c\u1ee7a ng\u01b0\u1eddi l\u00e0m ngh\u1ec1. <\/span><i><span style=\"font-weight: 400;\">Ghi Ch\u00e9p Ph\u00e1p Y \u2013 Nh\u1eefng C\u00e1i Ch\u1ebft B\u00ed \u1ea8n<\/span><\/i><span style=\"font-weight: 400;\"> v\u1eeba mang gi\u00e1 tr\u1ecb khoa h\u1ecdc, v\u1eeba g\u00e2y \u00e1m \u1ea3nh v\u00e0 khi\u1ebfn ng\u01b0\u1eddi \u0111\u1ecdc suy ng\u1eabm s\u00e2u s\u1eafc v\u1ec1 s\u1ef1 s\u1ed1ng, c\u00e1i ch\u1ebft v\u00e0 c\u00f4ng l\u00fd.<\/span><\/p>\n","protected":false},"featured_media":555,"comment_status":"open","ping_status":"closed","template":"","meta":[],"product_brand":[],"product_cat":[21],"product_tag":[],"class_list":{"0":"post-232","1":"product","2":"type-product","3":"status-publish","4":"has-post-thumbnail","6":"product_cat-uncategorized","8":"first","9":"instock","10":"taxable","11":"shipping-taxable","12":"product-type-simple"},"yoast_head":"<!-- This site is optimized with the Yoast SEO plugin v26.8 - https:\/\/yoast.com\/product\/yoast-seo-wordpress\/ -->\n<title>Ghi Ch\u00e9p Ph\u00e1p Y - Little Bird Library.<\/title>\n<meta name=\"description\" content=\"Ghi Ch\u00e9p Ph\u00e1p Y l\u00e0 t\u00e1c ph\u1ea9m trinh th\u00e1m h\u1ea5p d\u1eabn, t\u00e1i hi\u1ec7n qu\u00e1 tr\u00ecnh \u0111i\u1ec1u tra v\u00e0 ph\u00e1 \u00e1n d\u01b0\u1edbi g\u00f3c nh\u00ecn ph\u00e1p y \u0111\u1ea7y k\u1ecbch t\u00ednh, logic v\u00e0 ch\u00e2n th\u1ef1c.\" \/>\n<meta name=\"robots\" content=\"noindex, follow, max-snippet:-1, max-image-preview:large, max-video-preview:-1\" \/>\n<meta property=\"og:locale\" content=\"vi_VN\" \/>\n<meta property=\"og:type\" content=\"article\" \/>\n<meta property=\"og:title\" content=\"Ghi Ch\u00e9p Ph\u00e1p Y - Little Bird Library.\" \/>\n<meta property=\"og:description\" content=\"Ghi Ch\u00e9p Ph\u00e1p Y l\u00e0 t\u00e1c ph\u1ea9m trinh th\u00e1m h\u1ea5p d\u1eabn, t\u00e1i hi\u1ec7n qu\u00e1 tr\u00ecnh \u0111i\u1ec1u tra v\u00e0 ph\u00e1 \u00e1n d\u01b0\u1edbi g\u00f3c nh\u00ecn ph\u00e1p y \u0111\u1ea7y k\u1ecbch t\u00ednh, logic v\u00e0 ch\u00e2n th\u1ef1c.\" \/>\n<meta property=\"og:url\" content=\"https:\/\/lbl.bahibaha.cloud\/?product=ghi-chep-phap-y\" \/>\n<meta property=\"og:site_name\" content=\"Little Bird Library.\" \/>\n<meta property=\"article:modified_time\" content=\"2026-02-25T16:12:33+00:00\" \/>\n<meta property=\"og:image\" content=\"https:\/\/lbl.bahibaha.cloud\/wp-content\/uploads\/2026\/01\/123168874.jpg\" \/>\n\t<meta property=\"og:image:width\" content=\"773\" \/>\n\t<meta property=\"og:image:height\" content=\"1200\" \/>\n\t<meta property=\"og:image:type\" content=\"image\/jpeg\" \/>\n<meta name=\"twitter:card\" content=\"summary_large_image\" \/>\n<meta name=\"twitter:label1\" content=\"\u01af\u1edbc t\u00ednh th\u1eddi gian \u0111\u1ecdc\" \/>\n\t<meta name=\"twitter:data1\" content=\"2 ph\u00fat\" \/>\n<script type=\"application\/ld+json\" class=\"yoast-schema-graph\">{\"@context\":\"https:\/\/schema.org\",\"@graph\":[{\"@type\":\"WebPage\",\"@id\":\"https:\/\/lbl.bahibaha.cloud\/?product=ghi-chep-phap-y\",\"url\":\"https:\/\/lbl.bahibaha.cloud\/?product=ghi-chep-phap-y\",\"name\":\"Ghi Ch\u00e9p Ph\u00e1p Y - Little Bird Library.\",\"isPartOf\":{\"@id\":\"https:\/\/lbl.bahibaha.cloud\/#website\"},\"primaryImageOfPage\":{\"@id\":\"https:\/\/lbl.bahibaha.cloud\/?product=ghi-chep-phap-y#primaryimage\"},\"image\":{\"@id\":\"https:\/\/lbl.bahibaha.cloud\/?product=ghi-chep-phap-y#primaryimage\"},\"thumbnailUrl\":\"https:\/\/lbl.bahibaha.cloud\/wp-content\/uploads\/2026\/01\/123168874.jpg\",\"datePublished\":\"2026-01-19T03:06:23+00:00\",\"dateModified\":\"2026-02-25T16:12:33+00:00\",\"description\":\"Ghi Ch\u00e9p Ph\u00e1p Y l\u00e0 t\u00e1c ph\u1ea9m trinh th\u00e1m h\u1ea5p d\u1eabn, t\u00e1i hi\u1ec7n qu\u00e1 tr\u00ecnh \u0111i\u1ec1u tra v\u00e0 ph\u00e1 \u00e1n d\u01b0\u1edbi g\u00f3c nh\u00ecn ph\u00e1p y \u0111\u1ea7y k\u1ecbch t\u00ednh, logic v\u00e0 ch\u00e2n th\u1ef1c.\",\"breadcrumb\":{\"@id\":\"https:\/\/lbl.bahibaha.cloud\/?product=ghi-chep-phap-y#breadcrumb\"},\"inLanguage\":\"vi\",\"potentialAction\":[{\"@type\":\"ReadAction\",\"target\":[\"https:\/\/lbl.bahibaha.cloud\/?product=ghi-chep-phap-y\"]}]},{\"@type\":\"ImageObject\",\"inLanguage\":\"vi\",\"@id\":\"https:\/\/lbl.bahibaha.cloud\/?product=ghi-chep-phap-y#primaryimage\",\"url\":\"https:\/\/lbl.bahibaha.cloud\/wp-content\/uploads\/2026\/01\/123168874.jpg\",\"contentUrl\":\"https:\/\/lbl.bahibaha.cloud\/wp-content\/uploads\/2026\/01\/123168874.jpg\",\"width\":773,\"height\":1200},{\"@type\":\"BreadcrumbList\",\"@id\":\"https:\/\/lbl.bahibaha.cloud\/?product=ghi-chep-phap-y#breadcrumb\",\"itemListElement\":[{\"@type\":\"ListItem\",\"position\":1,\"name\":\"Home\",\"item\":\"https:\/\/lbl.bahibaha.cloud\/\"},{\"@type\":\"ListItem\",\"position\":2,\"name\":\"Shop\",\"item\":\"https:\/\/lbl.bahibaha.cloud\/?page_id=71\"},{\"@type\":\"ListItem\",\"position\":3,\"name\":\"Ghi Ch\u00e9p Ph\u00e1p Y\"}]},{\"@type\":\"WebSite\",\"@id\":\"https:\/\/lbl.bahibaha.cloud\/#website\",\"url\":\"https:\/\/lbl.bahibaha.cloud\/\",\"name\":\"Little Bird Library.\",\"description\":\"\",\"potentialAction\":[{\"@type\":\"SearchAction\",\"target\":{\"@type\":\"EntryPoint\",\"urlTemplate\":\"https:\/\/lbl.bahibaha.cloud\/?s={search_term_string}\"},\"query-input\":{\"@type\":\"PropertyValueSpecification\",\"valueRequired\":true,\"valueName\":\"search_term_string\"}}],\"inLanguage\":\"vi\"}]}<\/script>\n<!-- \/ Yoast SEO plugin. -->","yoast_head_json":{"title":"Ghi Ch\u00e9p Ph\u00e1p Y - Little Bird Library.","description":"Ghi Ch\u00e9p Ph\u00e1p Y l\u00e0 t\u00e1c ph\u1ea9m trinh th\u00e1m h\u1ea5p d\u1eabn, t\u00e1i hi\u1ec7n qu\u00e1 tr\u00ecnh \u0111i\u1ec1u tra v\u00e0 ph\u00e1 \u00e1n d\u01b0\u1edbi g\u00f3c nh\u00ecn ph\u00e1p y \u0111\u1ea7y k\u1ecbch t\u00ednh, logic v\u00e0 ch\u00e2n th\u1ef1c.","robots":{"index":"noindex","follow":"follow","max-snippet":"max-snippet:-1","max-image-preview":"max-image-preview:large","max-video-preview":"max-video-preview:-1"},"og_locale":"vi_VN","og_type":"article","og_title":"Ghi Ch\u00e9p Ph\u00e1p Y - Little Bird Library.","og_description":"Ghi Ch\u00e9p Ph\u00e1p Y l\u00e0 t\u00e1c ph\u1ea9m trinh th\u00e1m h\u1ea5p d\u1eabn, t\u00e1i hi\u1ec7n qu\u00e1 tr\u00ecnh \u0111i\u1ec1u tra v\u00e0 ph\u00e1 \u00e1n d\u01b0\u1edbi g\u00f3c nh\u00ecn ph\u00e1p y \u0111\u1ea7y k\u1ecbch t\u00ednh, logic v\u00e0 ch\u00e2n th\u1ef1c.","og_url":"https:\/\/lbl.bahibaha.cloud\/?product=ghi-chep-phap-y","og_site_name":"Little Bird Library.","article_modified_time":"2026-02-25T16:12:33+00:00","og_image":[{"width":773,"height":1200,"url":"https:\/\/lbl.bahibaha.cloud\/wp-content\/uploads\/2026\/01\/123168874.jpg","type":"image\/jpeg"}],"twitter_card":"summary_large_image","twitter_misc":{"\u01af\u1edbc t\u00ednh th\u1eddi gian \u0111\u1ecdc":"2 ph\u00fat"},"schema":{"@context":"https:\/\/schema.org","@graph":[{"@type":"WebPage","@id":"https:\/\/lbl.bahibaha.cloud\/?product=ghi-chep-phap-y","url":"https:\/\/lbl.bahibaha.cloud\/?product=ghi-chep-phap-y","name":"Ghi Ch\u00e9p Ph\u00e1p Y - Little Bird Library.","isPartOf":{"@id":"https:\/\/lbl.bahibaha.cloud\/#website"},"primaryImageOfPage":{"@id":"https:\/\/lbl.bahibaha.cloud\/?product=ghi-chep-phap-y#primaryimage"},"image":{"@id":"https:\/\/lbl.bahibaha.cloud\/?product=ghi-chep-phap-y#primaryimage"},"thumbnailUrl":"https:\/\/lbl.bahibaha.cloud\/wp-content\/uploads\/2026\/01\/123168874.jpg","datePublished":"2026-01-19T03:06:23+00:00","dateModified":"2026-02-25T16:12:33+00:00","description":"Ghi Ch\u00e9p Ph\u00e1p Y l\u00e0 t\u00e1c ph\u1ea9m trinh th\u00e1m h\u1ea5p d\u1eabn, t\u00e1i hi\u1ec7n qu\u00e1 tr\u00ecnh \u0111i\u1ec1u tra v\u00e0 ph\u00e1 \u00e1n d\u01b0\u1edbi g\u00f3c nh\u00ecn ph\u00e1p y \u0111\u1ea7y k\u1ecbch t\u00ednh, logic v\u00e0 ch\u00e2n th\u1ef1c.","breadcrumb":{"@id":"https:\/\/lbl.bahibaha.cloud\/?product=ghi-chep-phap-y#breadcrumb"},"inLanguage":"vi","potentialAction":[{"@type":"ReadAction","target":["https:\/\/lbl.bahibaha.cloud\/?product=ghi-chep-phap-y"]}]},{"@type":"ImageObject","inLanguage":"vi","@id":"https:\/\/lbl.bahibaha.cloud\/?product=ghi-chep-phap-y#primaryimage","url":"https:\/\/lbl.bahibaha.cloud\/wp-content\/uploads\/2026\/01\/123168874.jpg","contentUrl":"https:\/\/lbl.bahibaha.cloud\/wp-content\/uploads\/2026\/01\/123168874.jpg","width":773,"height":1200},{"@type":"BreadcrumbList","@id":"https:\/\/lbl.bahibaha.cloud\/?product=ghi-chep-phap-y#breadcrumb","itemListElement":[{"@type":"ListItem","position":1,"name":"Home","item":"https:\/\/lbl.bahibaha.cloud\/"},{"@type":"ListItem","position":2,"name":"Shop","item":"https:\/\/lbl.bahibaha.cloud\/?page_id=71"},{"@type":"ListItem","position":3,"name":"Ghi Ch\u00e9p Ph\u00e1p Y"}]},{"@type":"WebSite","@id":"https:\/\/lbl.bahibaha.cloud\/#website","url":"https:\/\/lbl.bahibaha.cloud\/","name":"Little Bird Library.","description":"","potentialAction":[{"@type":"SearchAction","target":{"@type":"EntryPoint","urlTemplate":"https:\/\/lbl.bahibaha.cloud\/?s={search_term_string}"},"query-input":{"@type":"PropertyValueSpecification","valueRequired":true,"valueName":"search_term_string"}}],"inLanguage":"vi"}]}},"_links":{"self":[{"href":"https:\/\/lbl.bahibaha.cloud\/index.php?rest_route=\/wp\/v2\/product\/232","targetHints":{"allow":["GET"]}}],"collection":[{"href":"https:\/\/lbl.bahibaha.cloud\/index.php?rest_route=\/wp\/v2\/product"}],"about":[{"href":"https:\/\/lbl.bahibaha.cloud\/index.php?rest_route=\/wp\/v2\/types\/product"}],"replies":[{"embeddable":true,"href":"https:\/\/lbl.bahibaha.cloud\/index.php?rest_route=%2Fwp%2Fv2%2Fcomments&post=232"}],"wp:featuredmedia":[{"embeddable":true,"href":"https:\/\/lbl.bahibaha.cloud\/index.php?rest_route=\/wp\/v2\/media\/555"}],"wp:attachment":[{"href":"https:\/\/lbl.bahibaha.cloud\/index.php?rest_route=%2Fwp%2Fv2%2Fmedia&parent=232"}],"wp:term":[{"taxonomy":"product_brand","embeddable":true,"href":"https:\/\/lbl.bahibaha.cloud\/index.php?rest_route=%2Fwp%2Fv2%2Fproduct_brand&post=232"},{"taxonomy":"product_cat","embeddable":true,"href":"https:\/\/lbl.bahibaha.cloud\/index.php?rest_route=%2Fwp%2Fv2%2Fproduct_cat&post=232"},{"taxonomy":"product_tag","embeddable":true,"href":"https:\/\/lbl.bahibaha.cloud\/index.php?rest_route=%2Fwp%2Fv2%2Fproduct_tag&post=232"}],"curies":[{"name":"wp","href":"https:\/\/api.w.org\/{rel}","templated":true}]}}