{"id":171,"date":"2026-01-16T04:00:05","date_gmt":"2026-01-16T04:00:05","guid":{"rendered":"https:\/\/lbl.bahibaha.cloud\/?post_type=product&#038;p=171"},"modified":"2026-02-25T16:38:54","modified_gmt":"2026-02-25T16:38:54","slug":"dac-nhan-tam","status":"publish","type":"product","link":"https:\/\/lbl.bahibaha.cloud\/?product=dac-nhan-tam","title":{"rendered":"\u0110\u1eafc Nh\u00e2n T\u00e2m"},"content":{"rendered":"<h2>\u0110\u1eafc Nh\u00e2n T\u00e2m \u2013 Ngh\u1ec7 Thu\u1eadt Giao Ti\u1ebfp V\u00e0 Chinh Ph\u1ee5c L\u00f2ng Ng\u01b0\u1eddi<\/h2>\n<p><strong>\u0110\u1eafc Nh\u00e2n T\u00e2m<\/strong> l\u00e0 t\u00e1c ph\u1ea9m kinh \u0111i\u1ec3n c\u1ee7a Dale Carnegie, thu\u1ed9c d\u00f2ng s\u00e1ch k\u1ef9 n\u0103ng s\u1ed1ng v\u00e0 ph\u00e1t tri\u1ec3n b\u1ea3n th\u00e2n b\u00e1n ch\u1ea1y nh\u1ea5t m\u1ecdi th\u1eddi \u0111\u1ea1i. T\u1eeb khi ra m\u1eaft \u0111\u1ebfn nay, \u0110\u1eafc Nh\u00e2n T\u00e2m \u0111\u00e3 \u0111\u01b0\u1ee3c d\u1ecbch ra nhi\u1ec1u ng\u00f4n ng\u1eef v\u00e0 chinh ph\u1ee5c h\u00e0ng tri\u1ec7u \u0111\u1ed9c gi\u1ea3 tr\u00ean to\u00e0n th\u1ebf gi\u1edbi nh\u1edd nh\u1eefng b\u00e0i h\u1ecdc th\u1ef1c ti\u1ec5n, d\u1ec5 \u00e1p d\u1ee5ng v\u00e0 mang t\u00ednh b\u1ec1n v\u1eefng theo th\u1eddi gian. \u0110\u00e2y kh\u00f4ng ch\u1ec9 l\u00e0 m\u1ed9t cu\u1ed1n s\u00e1ch d\u1ea1y giao ti\u1ebfp m\u00e0 c\u00f2n l\u00e0 c\u1ea9m nang gi\u00fap m\u1ed7i ng\u01b0\u1eddi ho\u00e0n thi\u1ec7n t\u01b0 duy v\u00e0 nh\u00e2n c\u00e1ch.<\/p>\n<p>N\u1ed9i dung \u0110\u1eafc Nh\u00e2n T\u00e2m xoay quanh c\u00e1c nguy\u00ean t\u1eafc v\u00e0ng trong \u1ee9ng x\u1eed nh\u01b0: kh\u00f4ng ch\u1ec9 tr\u00edch, kh\u00f4ng than phi\u1ec1n, bi\u1ebft khen ng\u1ee3i ch\u00e2n th\u00e0nh v\u00e0 kh\u01a1i g\u1ee3i thi\u1ec7n ch\u00ed t\u1eeb ng\u01b0\u1eddi \u0111\u1ed1i di\u1ec7n. T\u00e1c gi\u1ea3 Dale Carnegie nh\u1ea5n m\u1ea1nh r\u1eb1ng \u0111\u1ec3 th\u00e0nh c\u00f4ng, tr\u01b0\u1edbc h\u1ebft c\u1ea7n th\u1ea5u hi\u1ec3u t\u00e2m l\u00fd con ng\u01b0\u1eddi v\u00e0 bi\u1ebft \u0111\u1eb7t m\u00ecnh v\u00e0o v\u1ecb tr\u00ed c\u1ee7a ng\u01b0\u1eddi kh\u00e1c. Th\u00f4ng qua nh\u1eefng c\u00e2u chuy\u1ec7n th\u1ef1c t\u1ebf, v\u00ed d\u1ee5 sinh \u0111\u1ed9ng v\u00e0 ph\u00e2n t\u00edch s\u00e2u s\u1eafc, \u0110\u1eafc Nh\u00e2n T\u00e2m gi\u00fap ng\u01b0\u1eddi \u0111\u1ecdc c\u1ea3i thi\u1ec7n k\u1ef9 n\u0103ng giao ti\u1ebfp, n\u00e2ng cao kh\u1ea3 n\u0103ng thuy\u1ebft ph\u1ee5c v\u00e0 x\u00e2y d\u1ef1ng m\u1ed1i quan h\u1ec7 b\u1ec1n v\u1eefng trong c\u00f4ng vi\u1ec7c l\u1eabn cu\u1ed9c s\u1ed1ng.<\/p>\n<p>\u0110i\u1ec3m n\u1ed5i b\u1eadt c\u1ee7a \u0110\u1eafc Nh\u00e2n T\u00e2m ch\u00ednh l\u00e0 t\u00ednh \u1ee9ng d\u1ee5ng cao. C\u00e1c nguy\u00ean t\u1eafc trong s\u00e1ch c\u00f3 th\u1ec3 \u00e1p d\u1ee5ng ngay trong m\u00f4i tr\u01b0\u1eddng h\u1ecdc t\u1eadp, c\u00f4ng s\u1edf v\u00e0 kinh doanh. Cu\u1ed1n s\u00e1ch \u0111\u1eb7c bi\u1ec7t ph\u00f9 h\u1ee3p v\u1edbi sinh vi\u00ean, nh\u00e2n vi\u00ean v\u0103n ph\u00f2ng, nh\u00e0 qu\u1ea3n l\u00fd, doanh nh\u00e2n v\u00e0 b\u1ea5t k\u1ef3 ai mong mu\u1ed1n ph\u00e1t tri\u1ec3n k\u1ef9 n\u0103ng m\u1ec1m. N\u1ebfu b\u1ea1n \u0111ang t\u00ecm ki\u1ebfm m\u1ed9t cu\u1ed1n s\u00e1ch gi\u00fap n\u00e2ng cao gi\u00e1 tr\u1ecb b\u1ea3n th\u00e2n, m\u1edf r\u1ed9ng c\u01a1 h\u1ed9i v\u00e0 t\u1ea1o d\u1ef1ng th\u00e0nh c\u00f4ng l\u00e2u d\u00e0i, \u0110\u1eafc Nh\u00e2n T\u00e2m ch\u1eafc ch\u1eafn l\u00e0 l\u1ef1a ch\u1ecdn kh\u00f4ng th\u1ec3 b\u1ecf qua.<\/p>\n","protected":false},"excerpt":{"rendered":"<p>\u0110\u1eafc nh\u00e2n t\u00e2m c\u1ee7a Dale Carnegie l\u00e0 quy\u1ec3n s\u00e1ch c\u1ee7a m\u1ecdi th\u1eddi \u0111\u1ea1i v\u00e0 m\u1ed9t hi\u1ec7n t\u01b0\u1ee3ng \u0111\u00e1ng kinh ng\u1ea1c trong ng\u00e0nh xu\u1ea5t b\u1ea3n Hoa K\u1ef3. Trong su\u1ed1t nhi\u1ec1u th\u1eadp k\u1ef7 ti\u1ebfp theo v\u00e0 cho \u0111\u1ebfn t\u1eadn b\u00e2y gi\u1edd, t\u00e1c ph\u1ea9m n\u00e0y v\u1eabn chi\u1ebfm v\u1ecb tr\u00ed s\u1ed1 m\u1ed9t trong danh m\u1ee5c s\u00e1ch b\u00e1n ch\u1ea1y nh\u1ea5t v\u00e0 tr\u1edf th\u00e0nh m\u1ed9t s\u1ef1 ki\u1ec7n c\u00f3 m\u1ed9t kh\u00f4ng hai trong l\u1ecbch s\u1eed ng\u00e0nh xu\u1ea5t b\u1ea3n th\u1ebf gi\u1edbi v\u00e0 \u0111\u01b0\u1ee3c \u0111\u00e1nh gi\u00e1 l\u00e0 m\u1ed9t quy\u1ec3n s\u00e1ch c\u00f3 t\u1ea7m \u1ea3nh h\u01b0\u1edfng nh\u1ea5t m\u1ecdi th\u1eddi \u0111\u1ea1i. \u0110\u00e2y l\u00e0 cu\u1ed1n s\u00e1ch \u0111\u1ed9c nh\u1ea5t v\u1ec1 th\u1ec3 lo\u1ea1i self-help s\u1edf h\u1eefu m\u1ed9t l\u01b0\u1ee3ng l\u1edbn ng\u01b0\u1eddi h\u00e2m m\u1ed9. Ngo\u00e0i ra cu\u1ed1n s\u00e1ch c\u00f3 doanh s\u1ed1 b\u00e1n ra cao nh\u1ea5t \u0111\u01b0\u1ee3c t\u1edd b\u00e1o The New York Times b\u00ecnh ch\u1ecdn trong nhi\u1ec1u n\u0103m. Cu\u1ed1n s\u00e1ch n\u00e0y kh\u00f4ng c\u00f2n l\u00e0 m\u1ed9t t\u00e1c ph\u1ea9m v\u1ec1 ngh\u1ec7 thu\u1eadt \u0111\u01a1n thu\u1ea7n n\u1eefa m\u00e0 l\u00e0 m\u1ed9t b\u01b0\u1edbc thay \u0111\u1ed5i l\u1edbn trong cu\u1ed9c s\u1ed1ng c\u1ee7a m\u1ed7i ng\u01b0\u1eddi. Nh\u1edd c\u00f3 t\u1ea7m hi\u1ec3u bi\u1ebft r\u1ed9ng r\u00e3i v\u00e0 kh\u1ea3 n\u0103ng \u2018\u1ee9ng x\u1eed m\u1ed9t c\u00e1ch ngh\u1ec7 thu\u1eadt trong giao ti\u1ebfp\u2019 \u2013 Dale Carnegie \u0111\u00e3 vi\u1ebft ra m\u1ed9t quy\u1ec3n s\u00e1ch v\u1edbi g\u00f3c nh\u00ecn \u0111\u1ed9c \u0111\u00e1o v\u00e0 m\u1edbi m\u1ebb trong giao ti\u1ebfp h\u00e0ng ng\u00e0y m\u1ed9t c\u00e1ch v\u00f4 c\u00f9ng th\u00fa v\u1ecb \u2013 Th\u00f4ng qua nh\u1eefng m\u1eabu truy\u1ec7n r\u1eddi r\u1ea1c nh\u01b0ng l\u1ea1i \u0111\u1ea7y l\u00fd l\u1ebd thuy\u1ebft ph\u1ee5c. T\u1eeb \u0111\u00f3 t\u00ecm ra nh\u1eefng kinh nghi\u1ec7m \u0111\u1ec3 \u0111\u00fac k\u1ebft ra nh\u1eefng nguy\u00ean t\u1eafc v\u00f4 c\u00f9ng \u2018ng\u01b0\u1ee3c ng\u1ea1o\u2019, nh\u01b0ng c\u0169ng r\u1ea5t logic d\u01b0\u1edbi c\u00e1i nh\u00ecn v\u1eeba s\u00e2u s\u1eafc, v\u1eeba th\u1ef1c t\u1ebf. M\u1ed9t s\u1ed1 nguy\u00ean t\u1eafc \u2013 Ngh\u1ec7 thu\u1eadt \u1ee9ng x\u1eed c\u0103n b\u1ea3n: Nguy\u00ean t\u1eafc 1: Kh\u00f4ng ch\u1ec9 tr\u00edch, o\u00e1n tr\u00e1ch hay than phi\u1ec1n. Nguy\u00ean t\u1eafc 2: Th\u00e0nh th\u1eadt khen ng\u1ee3i v\u00e0 bi\u1ebft \u01a1n ng\u01b0\u1eddi kh\u00e1c. 6 c\u00e1ch t\u1ea1o thi\u1ec7n c\u1ea3m: Nguy\u00ean t\u1eafc 4: Th\u1eadt l\u00f2ng quan t\u00e2m \u0111\u1ebfn ng\u01b0\u1eddi kh\u00e1c. Nguy\u00ean t\u1eafc 5: H\u00e3y m\u1ec9m c\u01b0\u1eddi! Nguy\u00ean t\u1eafc 6: Lu\u00f4n nh\u1edb r\u1eb1ng t\u00ean c\u1ee7a ng\u01b0\u1eddi kh\u00e1c l\u00e0 m\u1ed9t \u00e2m th\u00e2m \u00eam \u0111\u1ec1m, th\u00e2n th\u01b0\u01a1ng v\u00e0 quan tr\u1ecdng nh\u1ea5t \u0111\u1ed1i v\u1edbi h\u1ecd. Nguy\u00ean t\u1eafc 7: Bi\u1ebft l\u1eafng nghe v\u00e0 khuy\u1ebfn kh\u00edch ng\u01b0\u1eddi kh\u00e1c n\u00f3i v\u1ec1 v\u1ea5n \u0111\u1ec1 c\u1ee7a h\u1ecd. Nguy\u00ean t\u1eafc 9: Th\u1eadt l\u00f2ng l\u00e0m cho ng\u01b0\u1eddi kh\u00e1c c\u1ea3m th\u1ea5y h\u1ecd quan tr\u1ecdng.<\/p>\n","protected":false},"featured_media":548,"comment_status":"open","ping_status":"closed","template":"","meta":[],"product_brand":[],"product_cat":[24],"product_tag":[],"class_list":{"0":"post-171","1":"product","2":"type-product","3":"status-publish","4":"has-post-thumbnail","6":"product_cat-sach-tam-hom","8":"first","9":"instock","10":"taxable","11":"shipping-taxable","12":"purchasable","13":"product-type-simple"},"yoast_head":"<!-- This site is optimized with the Yoast SEO plugin v26.8 - https:\/\/yoast.com\/product\/yoast-seo-wordpress\/ -->\n<title>\u0110\u1eafc Nh\u00e2n T\u00e2m - Little Bird Library.<\/title>\n<meta name=\"description\" content=\"S\u00e1ch \u0110\u1eafc Nh\u00e2n T\u00e2m l\u00e0 cu\u1ed1n s\u00e1ch k\u1ef9 n\u0103ng s\u1ed1ng kinh \u0111i\u1ec3n gi\u00fap c\u1ea3i thi\u1ec7n giao ti\u1ebfp, x\u00e2y d\u1ef1ng m\u1ed1i quan h\u1ec7 v\u00e0 ph\u00e1t tri\u1ec3n b\u1ea3n th\u00e2n hi\u1ec7u qu\u1ea3.\" \/>\n<meta name=\"robots\" content=\"noindex, follow, max-snippet:-1, max-image-preview:large, max-video-preview:-1\" \/>\n<meta property=\"og:locale\" content=\"vi_VN\" \/>\n<meta property=\"og:type\" content=\"article\" \/>\n<meta property=\"og:title\" content=\"\u0110\u1eafc Nh\u00e2n T\u00e2m - Little Bird Library.\" \/>\n<meta property=\"og:description\" content=\"S\u00e1ch \u0110\u1eafc Nh\u00e2n T\u00e2m l\u00e0 cu\u1ed1n s\u00e1ch k\u1ef9 n\u0103ng s\u1ed1ng kinh \u0111i\u1ec3n gi\u00fap c\u1ea3i thi\u1ec7n giao ti\u1ebfp, x\u00e2y d\u1ef1ng m\u1ed1i quan h\u1ec7 v\u00e0 ph\u00e1t tri\u1ec3n b\u1ea3n th\u00e2n hi\u1ec7u qu\u1ea3.\" \/>\n<meta property=\"og:url\" content=\"https:\/\/lbl.bahibaha.cloud\/?product=dac-nhan-tam\" \/>\n<meta property=\"og:site_name\" content=\"Little Bird Library.\" \/>\n<meta property=\"article:modified_time\" content=\"2026-02-25T16:38:54+00:00\" \/>\n<meta property=\"og:image\" content=\"https:\/\/lbl.bahibaha.cloud\/wp-content\/uploads\/2026\/01\/images.png\" \/>\n\t<meta property=\"og:image:width\" content=\"225\" \/>\n\t<meta property=\"og:image:height\" content=\"225\" \/>\n\t<meta property=\"og:image:type\" content=\"image\/png\" \/>\n<meta name=\"twitter:card\" content=\"summary_large_image\" \/>\n<meta name=\"twitter:label1\" content=\"\u01af\u1edbc t\u00ednh th\u1eddi gian \u0111\u1ecdc\" \/>\n\t<meta name=\"twitter:data1\" content=\"2 ph\u00fat\" \/>\n<script type=\"application\/ld+json\" class=\"yoast-schema-graph\">{\"@context\":\"https:\/\/schema.org\",\"@graph\":[{\"@type\":\"WebPage\",\"@id\":\"https:\/\/lbl.bahibaha.cloud\/?product=dac-nhan-tam\",\"url\":\"https:\/\/lbl.bahibaha.cloud\/?product=dac-nhan-tam\",\"name\":\"\u0110\u1eafc Nh\u00e2n T\u00e2m - Little Bird Library.\",\"isPartOf\":{\"@id\":\"https:\/\/lbl.bahibaha.cloud\/#website\"},\"primaryImageOfPage\":{\"@id\":\"https:\/\/lbl.bahibaha.cloud\/?product=dac-nhan-tam#primaryimage\"},\"image\":{\"@id\":\"https:\/\/lbl.bahibaha.cloud\/?product=dac-nhan-tam#primaryimage\"},\"thumbnailUrl\":\"https:\/\/lbl.bahibaha.cloud\/wp-content\/uploads\/2026\/01\/images.png\",\"datePublished\":\"2026-01-16T04:00:05+00:00\",\"dateModified\":\"2026-02-25T16:38:54+00:00\",\"description\":\"S\u00e1ch \u0110\u1eafc Nh\u00e2n T\u00e2m l\u00e0 cu\u1ed1n s\u00e1ch k\u1ef9 n\u0103ng s\u1ed1ng kinh \u0111i\u1ec3n gi\u00fap c\u1ea3i thi\u1ec7n giao ti\u1ebfp, x\u00e2y d\u1ef1ng m\u1ed1i quan h\u1ec7 v\u00e0 ph\u00e1t tri\u1ec3n b\u1ea3n th\u00e2n hi\u1ec7u qu\u1ea3.\",\"breadcrumb\":{\"@id\":\"https:\/\/lbl.bahibaha.cloud\/?product=dac-nhan-tam#breadcrumb\"},\"inLanguage\":\"vi\",\"potentialAction\":[{\"@type\":\"ReadAction\",\"target\":[\"https:\/\/lbl.bahibaha.cloud\/?product=dac-nhan-tam\"]}]},{\"@type\":\"ImageObject\",\"inLanguage\":\"vi\",\"@id\":\"https:\/\/lbl.bahibaha.cloud\/?product=dac-nhan-tam#primaryimage\",\"url\":\"https:\/\/lbl.bahibaha.cloud\/wp-content\/uploads\/2026\/01\/images.png\",\"contentUrl\":\"https:\/\/lbl.bahibaha.cloud\/wp-content\/uploads\/2026\/01\/images.png\",\"width\":225,\"height\":225},{\"@type\":\"BreadcrumbList\",\"@id\":\"https:\/\/lbl.bahibaha.cloud\/?product=dac-nhan-tam#breadcrumb\",\"itemListElement\":[{\"@type\":\"ListItem\",\"position\":1,\"name\":\"Home\",\"item\":\"https:\/\/lbl.bahibaha.cloud\/\"},{\"@type\":\"ListItem\",\"position\":2,\"name\":\"Shop\",\"item\":\"https:\/\/lbl.bahibaha.cloud\/?page_id=71\"},{\"@type\":\"ListItem\",\"position\":3,\"name\":\"\u0110\u1eafc Nh\u00e2n T\u00e2m\"}]},{\"@type\":\"WebSite\",\"@id\":\"https:\/\/lbl.bahibaha.cloud\/#website\",\"url\":\"https:\/\/lbl.bahibaha.cloud\/\",\"name\":\"Little Bird Library.\",\"description\":\"\",\"potentialAction\":[{\"@type\":\"SearchAction\",\"target\":{\"@type\":\"EntryPoint\",\"urlTemplate\":\"https:\/\/lbl.bahibaha.cloud\/?s={search_term_string}\"},\"query-input\":{\"@type\":\"PropertyValueSpecification\",\"valueRequired\":true,\"valueName\":\"search_term_string\"}}],\"inLanguage\":\"vi\"}]}<\/script>\n<!-- \/ Yoast SEO plugin. -->","yoast_head_json":{"title":"\u0110\u1eafc Nh\u00e2n T\u00e2m - Little Bird Library.","description":"S\u00e1ch \u0110\u1eafc Nh\u00e2n T\u00e2m l\u00e0 cu\u1ed1n s\u00e1ch k\u1ef9 n\u0103ng s\u1ed1ng kinh \u0111i\u1ec3n gi\u00fap c\u1ea3i thi\u1ec7n giao ti\u1ebfp, x\u00e2y d\u1ef1ng m\u1ed1i quan h\u1ec7 v\u00e0 ph\u00e1t tri\u1ec3n b\u1ea3n th\u00e2n hi\u1ec7u qu\u1ea3.","robots":{"index":"noindex","follow":"follow","max-snippet":"max-snippet:-1","max-image-preview":"max-image-preview:large","max-video-preview":"max-video-preview:-1"},"og_locale":"vi_VN","og_type":"article","og_title":"\u0110\u1eafc Nh\u00e2n T\u00e2m - Little Bird Library.","og_description":"S\u00e1ch \u0110\u1eafc Nh\u00e2n T\u00e2m l\u00e0 cu\u1ed1n s\u00e1ch k\u1ef9 n\u0103ng s\u1ed1ng kinh \u0111i\u1ec3n gi\u00fap c\u1ea3i thi\u1ec7n giao ti\u1ebfp, x\u00e2y d\u1ef1ng m\u1ed1i quan h\u1ec7 v\u00e0 ph\u00e1t tri\u1ec3n b\u1ea3n th\u00e2n hi\u1ec7u qu\u1ea3.","og_url":"https:\/\/lbl.bahibaha.cloud\/?product=dac-nhan-tam","og_site_name":"Little Bird Library.","article_modified_time":"2026-02-25T16:38:54+00:00","og_image":[{"width":225,"height":225,"url":"https:\/\/lbl.bahibaha.cloud\/wp-content\/uploads\/2026\/01\/images.png","type":"image\/png"}],"twitter_card":"summary_large_image","twitter_misc":{"\u01af\u1edbc t\u00ednh th\u1eddi gian \u0111\u1ecdc":"2 ph\u00fat"},"schema":{"@context":"https:\/\/schema.org","@graph":[{"@type":"WebPage","@id":"https:\/\/lbl.bahibaha.cloud\/?product=dac-nhan-tam","url":"https:\/\/lbl.bahibaha.cloud\/?product=dac-nhan-tam","name":"\u0110\u1eafc Nh\u00e2n T\u00e2m - Little Bird Library.","isPartOf":{"@id":"https:\/\/lbl.bahibaha.cloud\/#website"},"primaryImageOfPage":{"@id":"https:\/\/lbl.bahibaha.cloud\/?product=dac-nhan-tam#primaryimage"},"image":{"@id":"https:\/\/lbl.bahibaha.cloud\/?product=dac-nhan-tam#primaryimage"},"thumbnailUrl":"https:\/\/lbl.bahibaha.cloud\/wp-content\/uploads\/2026\/01\/images.png","datePublished":"2026-01-16T04:00:05+00:00","dateModified":"2026-02-25T16:38:54+00:00","description":"S\u00e1ch \u0110\u1eafc Nh\u00e2n T\u00e2m l\u00e0 cu\u1ed1n s\u00e1ch k\u1ef9 n\u0103ng s\u1ed1ng kinh \u0111i\u1ec3n gi\u00fap c\u1ea3i thi\u1ec7n giao ti\u1ebfp, x\u00e2y d\u1ef1ng m\u1ed1i quan h\u1ec7 v\u00e0 ph\u00e1t tri\u1ec3n b\u1ea3n th\u00e2n hi\u1ec7u qu\u1ea3.","breadcrumb":{"@id":"https:\/\/lbl.bahibaha.cloud\/?product=dac-nhan-tam#breadcrumb"},"inLanguage":"vi","potentialAction":[{"@type":"ReadAction","target":["https:\/\/lbl.bahibaha.cloud\/?product=dac-nhan-tam"]}]},{"@type":"ImageObject","inLanguage":"vi","@id":"https:\/\/lbl.bahibaha.cloud\/?product=dac-nhan-tam#primaryimage","url":"https:\/\/lbl.bahibaha.cloud\/wp-content\/uploads\/2026\/01\/images.png","contentUrl":"https:\/\/lbl.bahibaha.cloud\/wp-content\/uploads\/2026\/01\/images.png","width":225,"height":225},{"@type":"BreadcrumbList","@id":"https:\/\/lbl.bahibaha.cloud\/?product=dac-nhan-tam#breadcrumb","itemListElement":[{"@type":"ListItem","position":1,"name":"Home","item":"https:\/\/lbl.bahibaha.cloud\/"},{"@type":"ListItem","position":2,"name":"Shop","item":"https:\/\/lbl.bahibaha.cloud\/?page_id=71"},{"@type":"ListItem","position":3,"name":"\u0110\u1eafc Nh\u00e2n T\u00e2m"}]},{"@type":"WebSite","@id":"https:\/\/lbl.bahibaha.cloud\/#website","url":"https:\/\/lbl.bahibaha.cloud\/","name":"Little Bird Library.","description":"","potentialAction":[{"@type":"SearchAction","target":{"@type":"EntryPoint","urlTemplate":"https:\/\/lbl.bahibaha.cloud\/?s={search_term_string}"},"query-input":{"@type":"PropertyValueSpecification","valueRequired":true,"valueName":"search_term_string"}}],"inLanguage":"vi"}]}},"_links":{"self":[{"href":"https:\/\/lbl.bahibaha.cloud\/index.php?rest_route=\/wp\/v2\/product\/171","targetHints":{"allow":["GET"]}}],"collection":[{"href":"https:\/\/lbl.bahibaha.cloud\/index.php?rest_route=\/wp\/v2\/product"}],"about":[{"href":"https:\/\/lbl.bahibaha.cloud\/index.php?rest_route=\/wp\/v2\/types\/product"}],"replies":[{"embeddable":true,"href":"https:\/\/lbl.bahibaha.cloud\/index.php?rest_route=%2Fwp%2Fv2%2Fcomments&post=171"}],"wp:featuredmedia":[{"embeddable":true,"href":"https:\/\/lbl.bahibaha.cloud\/index.php?rest_route=\/wp\/v2\/media\/548"}],"wp:attachment":[{"href":"https:\/\/lbl.bahibaha.cloud\/index.php?rest_route=%2Fwp%2Fv2%2Fmedia&parent=171"}],"wp:term":[{"taxonomy":"product_brand","embeddable":true,"href":"https:\/\/lbl.bahibaha.cloud\/index.php?rest_route=%2Fwp%2Fv2%2Fproduct_brand&post=171"},{"taxonomy":"product_cat","embeddable":true,"href":"https:\/\/lbl.bahibaha.cloud\/index.php?rest_route=%2Fwp%2Fv2%2Fproduct_cat&post=171"},{"taxonomy":"product_tag","embeddable":true,"href":"https:\/\/lbl.bahibaha.cloud\/index.php?rest_route=%2Fwp%2Fv2%2Fproduct_tag&post=171"}],"curies":[{"name":"wp","href":"https:\/\/api.w.org\/{rel}","templated":true}]}}