{"id":168,"date":"2026-01-16T03:55:58","date_gmt":"2026-01-16T03:55:58","guid":{"rendered":"https:\/\/lbl.bahibaha.cloud\/?post_type=product&#038;p=168"},"modified":"2026-02-06T11:07:26","modified_gmt":"2026-02-06T11:07:26","slug":"so-do","status":"publish","type":"product","link":"https:\/\/lbl.bahibaha.cloud\/?product=so-do","title":{"rendered":"S\u1ed5 \u0110\u1ecf"},"content":{"rendered":"<p><img fetchpriority=\"high\" decoding=\"async\" class=\"alignnone size-medium wp-image-169\" src=\"https:\/\/lbl.bahibaha.cloud\/wp-content\/uploads\/2026\/01\/SO-DO-195x300.jpg\" alt=\"\" width=\"195\" height=\"300\" \/><\/p>\n","protected":false},"excerpt":{"rendered":"<p>V\u0103n h\u1ecdc Vi\u1ec7t Nam th\u1eddi x\u01b0a c\u00f3 nhi\u1ec1u t\u00e1c ph\u1ea9m c\u00f3 gi\u00e1 tr\u1ecb to l\u1edbn v\u1ec1 m\u1eb7t nh\u00e2n v\u0103n v\u00e0 ngh\u1ec7 thu\u1eadt, \u0111\u00e3 \u0111\u01b0\u1ee3c c\u00f4ng nh\u1eadn v\u00e0 ch\u1ee9ng th\u1ef1c qua th\u1eddi gian. B\u1ed9 s\u00e1ch Vi\u1ec7t Nam danh t\u00e1c bao g\u1ed3m lo\u1ea1t t\u00e1c ph\u1ea9m \u0111i c\u00f9ng n\u0103m th\u00e1ng nh\u01b0: S\u1ed1 \u0111\u1ecf (V\u0169 Tr\u1ecdng Ph\u1ee5ng), Vi\u1ec7c l\u00e0ng (Ng\u00f4 T\u1ea5t T\u1ed1), Gi\u00f3 \u0111\u1ea7u m\u00f9a, H\u00e0 N\u1ed9i b\u0103m s\u00e1u ph\u1ed1 ph\u01b0\u1eddng (Th\u1ea1ch Lam), Mi\u1ebfng ngon H\u00e0 N\u1ed9i (V\u0169 B\u1eb1ng), Vang b\u00f3ng m\u1ed9t th\u1eddi (Nguy\u1ec5n Tu\u00e2n). Hy v\u1ecdng b\u1ed9 s\u00e1ch sau khi t\u00e1i b\u1ea3n s\u1ebd gi\u00fap \u0111\u00f4ng \u0111\u1ea3o t\u1ea7ng l\u1edbp \u0111\u1ed9c gi\u1ea3 th\u00eam hi\u1ec3u, t\u1ef1 h\u00e0o v\u00e0 n\u00e2ng niu kho t\u00e0ng v\u0103n h\u1ecdc n\u01b0\u1edbc nh\u00e0. Tr\u00edch \u0111o\u1ea1n \u201c- T\u00f4i kh\u00f4ng mu\u1ed1n l\u1ea5y c\u00e1i ng\u01b0\u1eddi \u1ea5y, v\u00ec n\u1ebfu t\u00f4i l\u1ea5y h\u1eafn, ch\u1eafc h\u1eafn s\u1ebd m\u1ecdc s\u1eebng. Th\u00ed d\u1ee5 m\u1ed9t ng\u01b0\u1eddi nh\u01b0 \u00f4ng m\u00e0 h\u1ecfi t\u00f4i th\u00ec c\u00f2n n\u00f3i g\u00ec! \u0110\u1eb1ng n\u00e0y h\u1eafn l\u1ea1i nh\u00e0 qu\u00ea, kh\u00f4ng bi\u1ebft y\u00eau v\u1ee3 nh\u01b0 nh\u1eefng ng\u01b0\u1eddi v\u0103n minh. Bu\u1ed3n l\u1eafm anh \u1ea1. &#8211; T\u00f4i ph\u1ea3i l\u00e0m g\u00ec?- Ph\u1ea3i gi\u1ea3 v\u1edd chim t\u00f4i&#8230;, ch\u00fang ta gi\u1ea3 v\u1edd chim nhau, m\u00ea nhau&#8230; Cho h\u1eafn b\u1ecf t\u00f4i, m\u00ecnh hi\u1ec3u ch\u01b0a? Ta gi\u1ea3 v\u1edd v\u1edbi nhau th\u00f4i m\u00e0! T\u00f4i c\u1ea7n mang ti\u1ebfng h\u01b0 h\u1ecfng l\u1eafm m\u1edbi \u0111\u01b0\u1ee3c. &#8211; Th\u1ebf sao n\u1eefa \u1ea1? &#8211; Anh th\u00ec anh c\u0169ng ph\u1ea3i mang ti\u1ebfng l\u00e0 l\u00e0m h\u1ea1i m\u1ed9t \u0111\u1eddi t\u00f4i m\u1edbi xong!\u201d<\/p>\n","protected":false},"featured_media":549,"comment_status":"open","ping_status":"closed","template":"","meta":[],"product_brand":[],"product_cat":[23],"product_tag":[],"class_list":{"0":"post-168","1":"product","2":"type-product","3":"status-publish","4":"has-post-thumbnail","6":"product_cat-sach-van-hoc","8":"first","9":"instock","10":"taxable","11":"shipping-taxable","12":"purchasable","13":"product-type-simple"},"yoast_head":"<!-- This site is optimized with the Yoast SEO plugin v26.8 - https:\/\/yoast.com\/product\/yoast-seo-wordpress\/ -->\n<title>S\u1ed5 \u0110\u1ecf - Little Bird Library.<\/title>\n<meta name=\"robots\" content=\"noindex, follow, max-snippet:-1, max-image-preview:large, max-video-preview:-1\" \/>\n<meta property=\"og:locale\" content=\"vi_VN\" \/>\n<meta property=\"og:type\" content=\"article\" \/>\n<meta property=\"og:title\" content=\"S\u1ed5 \u0110\u1ecf - Little Bird Library.\" \/>\n<meta property=\"og:description\" content=\"V\u0103n h\u1ecdc Vi\u1ec7t Nam th\u1eddi x\u01b0a c\u00f3 nhi\u1ec1u t\u00e1c ph\u1ea9m c\u00f3 gi\u00e1 tr\u1ecb to l\u1edbn v\u1ec1 m\u1eb7t nh\u00e2n v\u0103n v\u00e0 ngh\u1ec7 thu\u1eadt, \u0111\u00e3 \u0111\u01b0\u1ee3c c\u00f4ng nh\u1eadn v\u00e0 ch\u1ee9ng th\u1ef1c qua th\u1eddi gian. B\u1ed9 s\u00e1ch Vi\u1ec7t Nam danh t\u00e1c bao g\u1ed3m lo\u1ea1t t\u00e1c ph\u1ea9m \u0111i c\u00f9ng n\u0103m th\u00e1ng nh\u01b0: S\u1ed1 \u0111\u1ecf (V\u0169 Tr\u1ecdng Ph\u1ee5ng), Vi\u1ec7c l\u00e0ng (Ng\u00f4 T\u1ea5t T\u1ed1), Gi\u00f3 \u0111\u1ea7u m\u00f9a, H\u00e0 N\u1ed9i b\u0103m s\u00e1u ph\u1ed1 ph\u01b0\u1eddng (Th\u1ea1ch Lam), Mi\u1ebfng ngon H\u00e0 N\u1ed9i (V\u0169 B\u1eb1ng), Vang b\u00f3ng m\u1ed9t th\u1eddi (Nguy\u1ec5n Tu\u00e2n). Hy v\u1ecdng b\u1ed9 s\u00e1ch sau khi t\u00e1i b\u1ea3n s\u1ebd gi\u00fap \u0111\u00f4ng \u0111\u1ea3o t\u1ea7ng l\u1edbp \u0111\u1ed9c gi\u1ea3 th\u00eam hi\u1ec3u, t\u1ef1 h\u00e0o v\u00e0 n\u00e2ng niu kho t\u00e0ng v\u0103n h\u1ecdc n\u01b0\u1edbc nh\u00e0. Tr\u00edch \u0111o\u1ea1n \u201c- T\u00f4i kh\u00f4ng mu\u1ed1n l\u1ea5y c\u00e1i ng\u01b0\u1eddi \u1ea5y, v\u00ec n\u1ebfu t\u00f4i l\u1ea5y h\u1eafn, ch\u1eafc h\u1eafn s\u1ebd m\u1ecdc s\u1eebng. Th\u00ed d\u1ee5 m\u1ed9t ng\u01b0\u1eddi nh\u01b0 \u00f4ng m\u00e0 h\u1ecfi t\u00f4i th\u00ec c\u00f2n n\u00f3i g\u00ec! \u0110\u1eb1ng n\u00e0y h\u1eafn l\u1ea1i nh\u00e0 qu\u00ea, kh\u00f4ng bi\u1ebft y\u00eau v\u1ee3 nh\u01b0 nh\u1eefng ng\u01b0\u1eddi v\u0103n minh. Bu\u1ed3n l\u1eafm anh \u1ea1. - T\u00f4i ph\u1ea3i l\u00e0m g\u00ec?- Ph\u1ea3i gi\u1ea3 v\u1edd chim t\u00f4i..., ch\u00fang ta gi\u1ea3 v\u1edd chim nhau, m\u00ea nhau... Cho h\u1eafn b\u1ecf t\u00f4i, m\u00ecnh hi\u1ec3u ch\u01b0a? Ta gi\u1ea3 v\u1edd v\u1edbi nhau th\u00f4i m\u00e0! T\u00f4i c\u1ea7n mang ti\u1ebfng h\u01b0 h\u1ecfng l\u1eafm m\u1edbi \u0111\u01b0\u1ee3c. - Th\u1ebf sao n\u1eefa \u1ea1? - Anh th\u00ec anh c\u0169ng ph\u1ea3i mang ti\u1ebfng l\u00e0 l\u00e0m h\u1ea1i m\u1ed9t \u0111\u1eddi t\u00f4i m\u1edbi xong!\u201d\" \/>\n<meta property=\"og:url\" content=\"https:\/\/lbl.bahibaha.cloud\/?product=so-do\" \/>\n<meta property=\"og:site_name\" content=\"Little Bird Library.\" \/>\n<meta property=\"article:modified_time\" content=\"2026-02-06T11:07:26+00:00\" \/>\n<meta property=\"og:image\" content=\"https:\/\/lbl.bahibaha.cloud\/wp-content\/uploads\/2026\/01\/images.jpg\" \/>\n\t<meta property=\"og:image:width\" content=\"181\" \/>\n\t<meta property=\"og:image:height\" content=\"279\" \/>\n\t<meta property=\"og:image:type\" content=\"image\/jpeg\" \/>\n<meta name=\"twitter:card\" content=\"summary_large_image\" \/>\n<meta name=\"twitter:label1\" content=\"\u01af\u1edbc t\u00ednh th\u1eddi gian \u0111\u1ecdc\" \/>\n\t<meta name=\"twitter:data1\" content=\"1 ph\u00fat\" \/>\n<script type=\"application\/ld+json\" class=\"yoast-schema-graph\">{\"@context\":\"https:\/\/schema.org\",\"@graph\":[{\"@type\":\"WebPage\",\"@id\":\"https:\/\/lbl.bahibaha.cloud\/?product=so-do\",\"url\":\"https:\/\/lbl.bahibaha.cloud\/?product=so-do\",\"name\":\"S\u1ed5 \u0110\u1ecf - Little Bird Library.\",\"isPartOf\":{\"@id\":\"https:\/\/lbl.bahibaha.cloud\/#website\"},\"primaryImageOfPage\":{\"@id\":\"https:\/\/lbl.bahibaha.cloud\/?product=so-do#primaryimage\"},\"image\":{\"@id\":\"https:\/\/lbl.bahibaha.cloud\/?product=so-do#primaryimage\"},\"thumbnailUrl\":\"https:\/\/lbl.bahibaha.cloud\/wp-content\/uploads\/2026\/01\/images.jpg\",\"datePublished\":\"2026-01-16T03:55:58+00:00\",\"dateModified\":\"2026-02-06T11:07:26+00:00\",\"breadcrumb\":{\"@id\":\"https:\/\/lbl.bahibaha.cloud\/?product=so-do#breadcrumb\"},\"inLanguage\":\"vi\",\"potentialAction\":[{\"@type\":\"ReadAction\",\"target\":[\"https:\/\/lbl.bahibaha.cloud\/?product=so-do\"]}]},{\"@type\":\"ImageObject\",\"inLanguage\":\"vi\",\"@id\":\"https:\/\/lbl.bahibaha.cloud\/?product=so-do#primaryimage\",\"url\":\"https:\/\/lbl.bahibaha.cloud\/wp-content\/uploads\/2026\/01\/images.jpg\",\"contentUrl\":\"https:\/\/lbl.bahibaha.cloud\/wp-content\/uploads\/2026\/01\/images.jpg\",\"width\":181,\"height\":279},{\"@type\":\"BreadcrumbList\",\"@id\":\"https:\/\/lbl.bahibaha.cloud\/?product=so-do#breadcrumb\",\"itemListElement\":[{\"@type\":\"ListItem\",\"position\":1,\"name\":\"Home\",\"item\":\"https:\/\/lbl.bahibaha.cloud\/\"},{\"@type\":\"ListItem\",\"position\":2,\"name\":\"Shop\",\"item\":\"https:\/\/lbl.bahibaha.cloud\/?page_id=71\"},{\"@type\":\"ListItem\",\"position\":3,\"name\":\"S\u1ed5 \u0110\u1ecf\"}]},{\"@type\":\"WebSite\",\"@id\":\"https:\/\/lbl.bahibaha.cloud\/#website\",\"url\":\"https:\/\/lbl.bahibaha.cloud\/\",\"name\":\"Little Bird Library.\",\"description\":\"\",\"potentialAction\":[{\"@type\":\"SearchAction\",\"target\":{\"@type\":\"EntryPoint\",\"urlTemplate\":\"https:\/\/lbl.bahibaha.cloud\/?s={search_term_string}\"},\"query-input\":{\"@type\":\"PropertyValueSpecification\",\"valueRequired\":true,\"valueName\":\"search_term_string\"}}],\"inLanguage\":\"vi\"}]}<\/script>\n<!-- \/ Yoast SEO plugin. -->","yoast_head_json":{"title":"S\u1ed5 \u0110\u1ecf - Little Bird Library.","robots":{"index":"noindex","follow":"follow","max-snippet":"max-snippet:-1","max-image-preview":"max-image-preview:large","max-video-preview":"max-video-preview:-1"},"og_locale":"vi_VN","og_type":"article","og_title":"S\u1ed5 \u0110\u1ecf - Little Bird Library.","og_description":"V\u0103n h\u1ecdc Vi\u1ec7t Nam th\u1eddi x\u01b0a c\u00f3 nhi\u1ec1u t\u00e1c ph\u1ea9m c\u00f3 gi\u00e1 tr\u1ecb to l\u1edbn v\u1ec1 m\u1eb7t nh\u00e2n v\u0103n v\u00e0 ngh\u1ec7 thu\u1eadt, \u0111\u00e3 \u0111\u01b0\u1ee3c c\u00f4ng nh\u1eadn v\u00e0 ch\u1ee9ng th\u1ef1c qua th\u1eddi gian. B\u1ed9 s\u00e1ch Vi\u1ec7t Nam danh t\u00e1c bao g\u1ed3m lo\u1ea1t t\u00e1c ph\u1ea9m \u0111i c\u00f9ng n\u0103m th\u00e1ng nh\u01b0: S\u1ed1 \u0111\u1ecf (V\u0169 Tr\u1ecdng Ph\u1ee5ng), Vi\u1ec7c l\u00e0ng (Ng\u00f4 T\u1ea5t T\u1ed1), Gi\u00f3 \u0111\u1ea7u m\u00f9a, H\u00e0 N\u1ed9i b\u0103m s\u00e1u ph\u1ed1 ph\u01b0\u1eddng (Th\u1ea1ch Lam), Mi\u1ebfng ngon H\u00e0 N\u1ed9i (V\u0169 B\u1eb1ng), Vang b\u00f3ng m\u1ed9t th\u1eddi (Nguy\u1ec5n Tu\u00e2n). Hy v\u1ecdng b\u1ed9 s\u00e1ch sau khi t\u00e1i b\u1ea3n s\u1ebd gi\u00fap \u0111\u00f4ng \u0111\u1ea3o t\u1ea7ng l\u1edbp \u0111\u1ed9c gi\u1ea3 th\u00eam hi\u1ec3u, t\u1ef1 h\u00e0o v\u00e0 n\u00e2ng niu kho t\u00e0ng v\u0103n h\u1ecdc n\u01b0\u1edbc nh\u00e0. Tr\u00edch \u0111o\u1ea1n \u201c- T\u00f4i kh\u00f4ng mu\u1ed1n l\u1ea5y c\u00e1i ng\u01b0\u1eddi \u1ea5y, v\u00ec n\u1ebfu t\u00f4i l\u1ea5y h\u1eafn, ch\u1eafc h\u1eafn s\u1ebd m\u1ecdc s\u1eebng. Th\u00ed d\u1ee5 m\u1ed9t ng\u01b0\u1eddi nh\u01b0 \u00f4ng m\u00e0 h\u1ecfi t\u00f4i th\u00ec c\u00f2n n\u00f3i g\u00ec! \u0110\u1eb1ng n\u00e0y h\u1eafn l\u1ea1i nh\u00e0 qu\u00ea, kh\u00f4ng bi\u1ebft y\u00eau v\u1ee3 nh\u01b0 nh\u1eefng ng\u01b0\u1eddi v\u0103n minh. Bu\u1ed3n l\u1eafm anh \u1ea1. - T\u00f4i ph\u1ea3i l\u00e0m g\u00ec?- Ph\u1ea3i gi\u1ea3 v\u1edd chim t\u00f4i..., ch\u00fang ta gi\u1ea3 v\u1edd chim nhau, m\u00ea nhau... Cho h\u1eafn b\u1ecf t\u00f4i, m\u00ecnh hi\u1ec3u ch\u01b0a? Ta gi\u1ea3 v\u1edd v\u1edbi nhau th\u00f4i m\u00e0! T\u00f4i c\u1ea7n mang ti\u1ebfng h\u01b0 h\u1ecfng l\u1eafm m\u1edbi \u0111\u01b0\u1ee3c. - Th\u1ebf sao n\u1eefa \u1ea1? - Anh th\u00ec anh c\u0169ng ph\u1ea3i mang ti\u1ebfng l\u00e0 l\u00e0m h\u1ea1i m\u1ed9t \u0111\u1eddi t\u00f4i m\u1edbi xong!\u201d","og_url":"https:\/\/lbl.bahibaha.cloud\/?product=so-do","og_site_name":"Little Bird Library.","article_modified_time":"2026-02-06T11:07:26+00:00","og_image":[{"width":181,"height":279,"url":"https:\/\/lbl.bahibaha.cloud\/wp-content\/uploads\/2026\/01\/images.jpg","type":"image\/jpeg"}],"twitter_card":"summary_large_image","twitter_misc":{"\u01af\u1edbc t\u00ednh th\u1eddi gian \u0111\u1ecdc":"1 ph\u00fat"},"schema":{"@context":"https:\/\/schema.org","@graph":[{"@type":"WebPage","@id":"https:\/\/lbl.bahibaha.cloud\/?product=so-do","url":"https:\/\/lbl.bahibaha.cloud\/?product=so-do","name":"S\u1ed5 \u0110\u1ecf - Little Bird Library.","isPartOf":{"@id":"https:\/\/lbl.bahibaha.cloud\/#website"},"primaryImageOfPage":{"@id":"https:\/\/lbl.bahibaha.cloud\/?product=so-do#primaryimage"},"image":{"@id":"https:\/\/lbl.bahibaha.cloud\/?product=so-do#primaryimage"},"thumbnailUrl":"https:\/\/lbl.bahibaha.cloud\/wp-content\/uploads\/2026\/01\/images.jpg","datePublished":"2026-01-16T03:55:58+00:00","dateModified":"2026-02-06T11:07:26+00:00","breadcrumb":{"@id":"https:\/\/lbl.bahibaha.cloud\/?product=so-do#breadcrumb"},"inLanguage":"vi","potentialAction":[{"@type":"ReadAction","target":["https:\/\/lbl.bahibaha.cloud\/?product=so-do"]}]},{"@type":"ImageObject","inLanguage":"vi","@id":"https:\/\/lbl.bahibaha.cloud\/?product=so-do#primaryimage","url":"https:\/\/lbl.bahibaha.cloud\/wp-content\/uploads\/2026\/01\/images.jpg","contentUrl":"https:\/\/lbl.bahibaha.cloud\/wp-content\/uploads\/2026\/01\/images.jpg","width":181,"height":279},{"@type":"BreadcrumbList","@id":"https:\/\/lbl.bahibaha.cloud\/?product=so-do#breadcrumb","itemListElement":[{"@type":"ListItem","position":1,"name":"Home","item":"https:\/\/lbl.bahibaha.cloud\/"},{"@type":"ListItem","position":2,"name":"Shop","item":"https:\/\/lbl.bahibaha.cloud\/?page_id=71"},{"@type":"ListItem","position":3,"name":"S\u1ed5 \u0110\u1ecf"}]},{"@type":"WebSite","@id":"https:\/\/lbl.bahibaha.cloud\/#website","url":"https:\/\/lbl.bahibaha.cloud\/","name":"Little Bird Library.","description":"","potentialAction":[{"@type":"SearchAction","target":{"@type":"EntryPoint","urlTemplate":"https:\/\/lbl.bahibaha.cloud\/?s={search_term_string}"},"query-input":{"@type":"PropertyValueSpecification","valueRequired":true,"valueName":"search_term_string"}}],"inLanguage":"vi"}]}},"_links":{"self":[{"href":"https:\/\/lbl.bahibaha.cloud\/index.php?rest_route=\/wp\/v2\/product\/168","targetHints":{"allow":["GET"]}}],"collection":[{"href":"https:\/\/lbl.bahibaha.cloud\/index.php?rest_route=\/wp\/v2\/product"}],"about":[{"href":"https:\/\/lbl.bahibaha.cloud\/index.php?rest_route=\/wp\/v2\/types\/product"}],"replies":[{"embeddable":true,"href":"https:\/\/lbl.bahibaha.cloud\/index.php?rest_route=%2Fwp%2Fv2%2Fcomments&post=168"}],"wp:featuredmedia":[{"embeddable":true,"href":"https:\/\/lbl.bahibaha.cloud\/index.php?rest_route=\/wp\/v2\/media\/549"}],"wp:attachment":[{"href":"https:\/\/lbl.bahibaha.cloud\/index.php?rest_route=%2Fwp%2Fv2%2Fmedia&parent=168"}],"wp:term":[{"taxonomy":"product_brand","embeddable":true,"href":"https:\/\/lbl.bahibaha.cloud\/index.php?rest_route=%2Fwp%2Fv2%2Fproduct_brand&post=168"},{"taxonomy":"product_cat","embeddable":true,"href":"https:\/\/lbl.bahibaha.cloud\/index.php?rest_route=%2Fwp%2Fv2%2Fproduct_cat&post=168"},{"taxonomy":"product_tag","embeddable":true,"href":"https:\/\/lbl.bahibaha.cloud\/index.php?rest_route=%2Fwp%2Fv2%2Fproduct_tag&post=168"}],"curies":[{"name":"wp","href":"https:\/\/api.w.org\/{rel}","templated":true}]}}