{"id":158,"date":"2026-01-16T03:47:49","date_gmt":"2026-01-16T03:47:49","guid":{"rendered":"https:\/\/lbl.bahibaha.cloud\/?post_type=product&#038;p=158"},"modified":"2026-02-06T11:12:50","modified_gmt":"2026-02-06T11:12:50","slug":"dam-tre-o-dai-duong-den","status":"publish","type":"product","link":"https:\/\/lbl.bahibaha.cloud\/?product=dam-tre-o-dai-duong-den","title":{"rendered":"\u0110\u00e1m Tr\u1ebb \u1edf \u0110\u1ea1i D\u01b0\u01a1ng \u0110en"},"content":{"rendered":"<p><img fetchpriority=\"high\" decoding=\"async\" class=\"alignnone size-medium wp-image-162\" src=\"https:\/\/lbl.bahibaha.cloud\/wp-content\/uploads\/2026\/01\/dam-tre-o-dai-duong-den-300x217.jpg\" alt=\"\" width=\"300\" height=\"217\" \/><\/p>\n","protected":false},"excerpt":{"rendered":"<p>\u0110\u00e1m tr\u1ebb \u1edf \u0110\u1ea1i D\u01b0\u01a1ng \u0110en\u00a0c\u1ee7a t\u00e1c gi\u1ea3\u00a0Ch\u00e2u Sa \u0110\u00e1y M\u1eaft\u00a0l\u00e0 m\u1ed9t t\u00e1c ph\u1ea9m \u0111\u1ea7y c\u1ea3m x\u00fac, \u0111\u01b0\u1ee3c xu\u1ea5t b\u1ea3n b\u1edfi\u00a0Wave Books &amp; NXB Th\u1ebf Gi\u1edbi\u00a0v\u00e0o n\u0103m 2023. Cu\u1ed1n s\u00e1ch k\u1ec3 v\u1ec1 h\u00e0nh tr\u00ecnh c\u1ee7a nh\u1eefng \u0111\u1ee9a tr\u1ebb ph\u1ea3i \u0111\u1ed1i m\u1eb7t v\u1edbi nh\u1eefng g\u00f3c t\u1ed1i c\u1ee7a t\u00e2m h\u1ed3n, nh\u1eefng n\u1ed7i \u0111au v\u00e0 t\u1ed5n th\u01b0\u01a1ng m\u00e0 ch\u00fang ph\u1ea3i g\u00e1nh ch\u1ecbu t\u1eeb khi c\u00f2n r\u1ea5t nh\u1ecf. Th\u00f4ng qua nh\u1eefng c\u00e2u chuy\u1ec7n \u0111\u1ea7y s\u1ee9c m\u1ea1nh, t\u00e1c gi\u1ea3 \u0111\u00e3 kh\u00e9o l\u00e9o d\u1eabn d\u1eaft ng\u01b0\u1eddi \u0111\u1ecdc b\u01b0\u1edbc v\u00e0o th\u1ebf gi\u1edbi n\u1ed9i t\u00e2m ph\u1ee9c t\u1ea1p c\u1ee7a nh\u1eefng \u0111\u1ee9a tr\u1ebb \u1ea5y. H\u00e3y c\u00f9ng kh\u00e1m ph\u00e1 th\u00eam v\u1ec1 cu\u1ed1n s\u00e1ch \u0111\u1eb7c bi\u1ec7t n\u00e0y trong b\u00e0i vi\u1ebft v\u00e0 t\u00ecm hi\u1ec3u t\u1ea1i sao\u00a0\u0110\u00e1m tr\u1ebb \u1edf \u0111\u1ea1i d\u01b0\u01a1ng \u0111en\u00a0l\u1ea1i tr\u1edf th\u00e0nh m\u1ed9t trong nh\u1eefng t\u00e1c ph\u1ea9m \u0111\u01b0\u1ee3c t\u00ecm ki\u1ebfm<\/p>\n","protected":false},"featured_media":553,"comment_status":"open","ping_status":"closed","template":"","meta":[],"product_brand":[],"product_cat":[24,23],"product_tag":[],"class_list":{"0":"post-158","1":"product","2":"type-product","3":"status-publish","4":"has-post-thumbnail","6":"product_cat-sach-tam-hom","7":"product_cat-sach-van-hoc","9":"first","10":"instock","11":"taxable","12":"shipping-taxable","13":"purchasable","14":"product-type-simple"},"yoast_head":"<!-- This site is optimized with the Yoast SEO plugin v26.8 - https:\/\/yoast.com\/product\/yoast-seo-wordpress\/ -->\n<title>\u0110\u00e1m Tr\u1ebb \u1edf \u0110\u1ea1i D\u01b0\u01a1ng \u0110en - Little Bird Library.<\/title>\n<meta name=\"robots\" content=\"noindex, follow, max-snippet:-1, max-image-preview:large, max-video-preview:-1\" \/>\n<meta property=\"og:locale\" content=\"vi_VN\" \/>\n<meta property=\"og:type\" content=\"article\" \/>\n<meta property=\"og:title\" content=\"\u0110\u00e1m Tr\u1ebb \u1edf \u0110\u1ea1i D\u01b0\u01a1ng \u0110en - Little Bird Library.\" \/>\n<meta property=\"og:description\" content=\"\u0110\u00e1m tr\u1ebb \u1edf \u0110\u1ea1i D\u01b0\u01a1ng \u0110en\u00a0c\u1ee7a t\u00e1c gi\u1ea3\u00a0Ch\u00e2u Sa \u0110\u00e1y M\u1eaft\u00a0l\u00e0 m\u1ed9t t\u00e1c ph\u1ea9m \u0111\u1ea7y c\u1ea3m x\u00fac, \u0111\u01b0\u1ee3c xu\u1ea5t b\u1ea3n b\u1edfi\u00a0Wave Books &amp; NXB Th\u1ebf Gi\u1edbi\u00a0v\u00e0o n\u0103m 2023. Cu\u1ed1n s\u00e1ch k\u1ec3 v\u1ec1 h\u00e0nh tr\u00ecnh c\u1ee7a nh\u1eefng \u0111\u1ee9a tr\u1ebb ph\u1ea3i \u0111\u1ed1i m\u1eb7t v\u1edbi nh\u1eefng g\u00f3c t\u1ed1i c\u1ee7a t\u00e2m h\u1ed3n, nh\u1eefng n\u1ed7i \u0111au v\u00e0 t\u1ed5n th\u01b0\u01a1ng m\u00e0 ch\u00fang ph\u1ea3i g\u00e1nh ch\u1ecbu t\u1eeb khi c\u00f2n r\u1ea5t nh\u1ecf. Th\u00f4ng qua nh\u1eefng c\u00e2u chuy\u1ec7n \u0111\u1ea7y s\u1ee9c m\u1ea1nh, t\u00e1c gi\u1ea3 \u0111\u00e3 kh\u00e9o l\u00e9o d\u1eabn d\u1eaft ng\u01b0\u1eddi \u0111\u1ecdc b\u01b0\u1edbc v\u00e0o th\u1ebf gi\u1edbi n\u1ed9i t\u00e2m ph\u1ee9c t\u1ea1p c\u1ee7a nh\u1eefng \u0111\u1ee9a tr\u1ebb \u1ea5y. H\u00e3y c\u00f9ng kh\u00e1m ph\u00e1 th\u00eam v\u1ec1 cu\u1ed1n s\u00e1ch \u0111\u1eb7c bi\u1ec7t n\u00e0y trong b\u00e0i vi\u1ebft v\u00e0 t\u00ecm hi\u1ec3u t\u1ea1i sao\u00a0\u0110\u00e1m tr\u1ebb \u1edf \u0111\u1ea1i d\u01b0\u01a1ng \u0111en\u00a0l\u1ea1i tr\u1edf th\u00e0nh m\u1ed9t trong nh\u1eefng t\u00e1c ph\u1ea9m \u0111\u01b0\u1ee3c t\u00ecm ki\u1ebfm\" \/>\n<meta property=\"og:url\" content=\"https:\/\/lbl.bahibaha.cloud\/?product=dam-tre-o-dai-duong-den\" \/>\n<meta property=\"og:site_name\" content=\"Little Bird Library.\" \/>\n<meta property=\"article:modified_time\" content=\"2026-02-06T11:12:50+00:00\" \/>\n<meta property=\"og:image\" content=\"https:\/\/lbl.bahibaha.cloud\/wp-content\/uploads\/2026\/01\/Dam-Tre-O-Dai-Duong-Den-ebookvie.png\" \/>\n\t<meta property=\"og:image:width\" content=\"1575\" \/>\n\t<meta property=\"og:image:height\" content=\"2235\" \/>\n\t<meta property=\"og:image:type\" content=\"image\/png\" \/>\n<meta name=\"twitter:card\" content=\"summary_large_image\" \/>\n<meta name=\"twitter:label1\" content=\"\u01af\u1edbc t\u00ednh th\u1eddi gian \u0111\u1ecdc\" \/>\n\t<meta name=\"twitter:data1\" content=\"1 ph\u00fat\" \/>\n<script type=\"application\/ld+json\" class=\"yoast-schema-graph\">{\"@context\":\"https:\/\/schema.org\",\"@graph\":[{\"@type\":\"WebPage\",\"@id\":\"https:\/\/lbl.bahibaha.cloud\/?product=dam-tre-o-dai-duong-den\",\"url\":\"https:\/\/lbl.bahibaha.cloud\/?product=dam-tre-o-dai-duong-den\",\"name\":\"\u0110\u00e1m Tr\u1ebb \u1edf \u0110\u1ea1i D\u01b0\u01a1ng \u0110en - Little Bird Library.\",\"isPartOf\":{\"@id\":\"https:\/\/lbl.bahibaha.cloud\/#website\"},\"primaryImageOfPage\":{\"@id\":\"https:\/\/lbl.bahibaha.cloud\/?product=dam-tre-o-dai-duong-den#primaryimage\"},\"image\":{\"@id\":\"https:\/\/lbl.bahibaha.cloud\/?product=dam-tre-o-dai-duong-den#primaryimage\"},\"thumbnailUrl\":\"https:\/\/lbl.bahibaha.cloud\/wp-content\/uploads\/2026\/01\/Dam-Tre-O-Dai-Duong-Den-ebookvie.png\",\"datePublished\":\"2026-01-16T03:47:49+00:00\",\"dateModified\":\"2026-02-06T11:12:50+00:00\",\"breadcrumb\":{\"@id\":\"https:\/\/lbl.bahibaha.cloud\/?product=dam-tre-o-dai-duong-den#breadcrumb\"},\"inLanguage\":\"vi\",\"potentialAction\":[{\"@type\":\"ReadAction\",\"target\":[\"https:\/\/lbl.bahibaha.cloud\/?product=dam-tre-o-dai-duong-den\"]}]},{\"@type\":\"ImageObject\",\"inLanguage\":\"vi\",\"@id\":\"https:\/\/lbl.bahibaha.cloud\/?product=dam-tre-o-dai-duong-den#primaryimage\",\"url\":\"https:\/\/lbl.bahibaha.cloud\/wp-content\/uploads\/2026\/01\/Dam-Tre-O-Dai-Duong-Den-ebookvie.png\",\"contentUrl\":\"https:\/\/lbl.bahibaha.cloud\/wp-content\/uploads\/2026\/01\/Dam-Tre-O-Dai-Duong-Den-ebookvie.png\",\"width\":1575,\"height\":2235},{\"@type\":\"BreadcrumbList\",\"@id\":\"https:\/\/lbl.bahibaha.cloud\/?product=dam-tre-o-dai-duong-den#breadcrumb\",\"itemListElement\":[{\"@type\":\"ListItem\",\"position\":1,\"name\":\"Home\",\"item\":\"https:\/\/lbl.bahibaha.cloud\/\"},{\"@type\":\"ListItem\",\"position\":2,\"name\":\"Shop\",\"item\":\"https:\/\/lbl.bahibaha.cloud\/?page_id=71\"},{\"@type\":\"ListItem\",\"position\":3,\"name\":\"\u0110\u00e1m Tr\u1ebb \u1edf \u0110\u1ea1i D\u01b0\u01a1ng \u0110en\"}]},{\"@type\":\"WebSite\",\"@id\":\"https:\/\/lbl.bahibaha.cloud\/#website\",\"url\":\"https:\/\/lbl.bahibaha.cloud\/\",\"name\":\"Little Bird Library.\",\"description\":\"\",\"potentialAction\":[{\"@type\":\"SearchAction\",\"target\":{\"@type\":\"EntryPoint\",\"urlTemplate\":\"https:\/\/lbl.bahibaha.cloud\/?s={search_term_string}\"},\"query-input\":{\"@type\":\"PropertyValueSpecification\",\"valueRequired\":true,\"valueName\":\"search_term_string\"}}],\"inLanguage\":\"vi\"}]}<\/script>\n<!-- \/ Yoast SEO plugin. -->","yoast_head_json":{"title":"\u0110\u00e1m Tr\u1ebb \u1edf \u0110\u1ea1i D\u01b0\u01a1ng \u0110en - Little Bird Library.","robots":{"index":"noindex","follow":"follow","max-snippet":"max-snippet:-1","max-image-preview":"max-image-preview:large","max-video-preview":"max-video-preview:-1"},"og_locale":"vi_VN","og_type":"article","og_title":"\u0110\u00e1m Tr\u1ebb \u1edf \u0110\u1ea1i D\u01b0\u01a1ng \u0110en - Little Bird Library.","og_description":"\u0110\u00e1m tr\u1ebb \u1edf \u0110\u1ea1i D\u01b0\u01a1ng \u0110en\u00a0c\u1ee7a t\u00e1c gi\u1ea3\u00a0Ch\u00e2u Sa \u0110\u00e1y M\u1eaft\u00a0l\u00e0 m\u1ed9t t\u00e1c ph\u1ea9m \u0111\u1ea7y c\u1ea3m x\u00fac, \u0111\u01b0\u1ee3c xu\u1ea5t b\u1ea3n b\u1edfi\u00a0Wave Books &amp; NXB Th\u1ebf Gi\u1edbi\u00a0v\u00e0o n\u0103m 2023. Cu\u1ed1n s\u00e1ch k\u1ec3 v\u1ec1 h\u00e0nh tr\u00ecnh c\u1ee7a nh\u1eefng \u0111\u1ee9a tr\u1ebb ph\u1ea3i \u0111\u1ed1i m\u1eb7t v\u1edbi nh\u1eefng g\u00f3c t\u1ed1i c\u1ee7a t\u00e2m h\u1ed3n, nh\u1eefng n\u1ed7i \u0111au v\u00e0 t\u1ed5n th\u01b0\u01a1ng m\u00e0 ch\u00fang ph\u1ea3i g\u00e1nh ch\u1ecbu t\u1eeb khi c\u00f2n r\u1ea5t nh\u1ecf. Th\u00f4ng qua nh\u1eefng c\u00e2u chuy\u1ec7n \u0111\u1ea7y s\u1ee9c m\u1ea1nh, t\u00e1c gi\u1ea3 \u0111\u00e3 kh\u00e9o l\u00e9o d\u1eabn d\u1eaft ng\u01b0\u1eddi \u0111\u1ecdc b\u01b0\u1edbc v\u00e0o th\u1ebf gi\u1edbi n\u1ed9i t\u00e2m ph\u1ee9c t\u1ea1p c\u1ee7a nh\u1eefng \u0111\u1ee9a tr\u1ebb \u1ea5y. H\u00e3y c\u00f9ng kh\u00e1m ph\u00e1 th\u00eam v\u1ec1 cu\u1ed1n s\u00e1ch \u0111\u1eb7c bi\u1ec7t n\u00e0y trong b\u00e0i vi\u1ebft v\u00e0 t\u00ecm hi\u1ec3u t\u1ea1i sao\u00a0\u0110\u00e1m tr\u1ebb \u1edf \u0111\u1ea1i d\u01b0\u01a1ng \u0111en\u00a0l\u1ea1i tr\u1edf th\u00e0nh m\u1ed9t trong nh\u1eefng t\u00e1c ph\u1ea9m \u0111\u01b0\u1ee3c t\u00ecm ki\u1ebfm","og_url":"https:\/\/lbl.bahibaha.cloud\/?product=dam-tre-o-dai-duong-den","og_site_name":"Little Bird Library.","article_modified_time":"2026-02-06T11:12:50+00:00","og_image":[{"width":1575,"height":2235,"url":"https:\/\/lbl.bahibaha.cloud\/wp-content\/uploads\/2026\/01\/Dam-Tre-O-Dai-Duong-Den-ebookvie.png","type":"image\/png"}],"twitter_card":"summary_large_image","twitter_misc":{"\u01af\u1edbc t\u00ednh th\u1eddi gian \u0111\u1ecdc":"1 ph\u00fat"},"schema":{"@context":"https:\/\/schema.org","@graph":[{"@type":"WebPage","@id":"https:\/\/lbl.bahibaha.cloud\/?product=dam-tre-o-dai-duong-den","url":"https:\/\/lbl.bahibaha.cloud\/?product=dam-tre-o-dai-duong-den","name":"\u0110\u00e1m Tr\u1ebb \u1edf \u0110\u1ea1i D\u01b0\u01a1ng \u0110en - Little Bird Library.","isPartOf":{"@id":"https:\/\/lbl.bahibaha.cloud\/#website"},"primaryImageOfPage":{"@id":"https:\/\/lbl.bahibaha.cloud\/?product=dam-tre-o-dai-duong-den#primaryimage"},"image":{"@id":"https:\/\/lbl.bahibaha.cloud\/?product=dam-tre-o-dai-duong-den#primaryimage"},"thumbnailUrl":"https:\/\/lbl.bahibaha.cloud\/wp-content\/uploads\/2026\/01\/Dam-Tre-O-Dai-Duong-Den-ebookvie.png","datePublished":"2026-01-16T03:47:49+00:00","dateModified":"2026-02-06T11:12:50+00:00","breadcrumb":{"@id":"https:\/\/lbl.bahibaha.cloud\/?product=dam-tre-o-dai-duong-den#breadcrumb"},"inLanguage":"vi","potentialAction":[{"@type":"ReadAction","target":["https:\/\/lbl.bahibaha.cloud\/?product=dam-tre-o-dai-duong-den"]}]},{"@type":"ImageObject","inLanguage":"vi","@id":"https:\/\/lbl.bahibaha.cloud\/?product=dam-tre-o-dai-duong-den#primaryimage","url":"https:\/\/lbl.bahibaha.cloud\/wp-content\/uploads\/2026\/01\/Dam-Tre-O-Dai-Duong-Den-ebookvie.png","contentUrl":"https:\/\/lbl.bahibaha.cloud\/wp-content\/uploads\/2026\/01\/Dam-Tre-O-Dai-Duong-Den-ebookvie.png","width":1575,"height":2235},{"@type":"BreadcrumbList","@id":"https:\/\/lbl.bahibaha.cloud\/?product=dam-tre-o-dai-duong-den#breadcrumb","itemListElement":[{"@type":"ListItem","position":1,"name":"Home","item":"https:\/\/lbl.bahibaha.cloud\/"},{"@type":"ListItem","position":2,"name":"Shop","item":"https:\/\/lbl.bahibaha.cloud\/?page_id=71"},{"@type":"ListItem","position":3,"name":"\u0110\u00e1m Tr\u1ebb \u1edf \u0110\u1ea1i D\u01b0\u01a1ng \u0110en"}]},{"@type":"WebSite","@id":"https:\/\/lbl.bahibaha.cloud\/#website","url":"https:\/\/lbl.bahibaha.cloud\/","name":"Little Bird Library.","description":"","potentialAction":[{"@type":"SearchAction","target":{"@type":"EntryPoint","urlTemplate":"https:\/\/lbl.bahibaha.cloud\/?s={search_term_string}"},"query-input":{"@type":"PropertyValueSpecification","valueRequired":true,"valueName":"search_term_string"}}],"inLanguage":"vi"}]}},"_links":{"self":[{"href":"https:\/\/lbl.bahibaha.cloud\/index.php?rest_route=\/wp\/v2\/product\/158","targetHints":{"allow":["GET"]}}],"collection":[{"href":"https:\/\/lbl.bahibaha.cloud\/index.php?rest_route=\/wp\/v2\/product"}],"about":[{"href":"https:\/\/lbl.bahibaha.cloud\/index.php?rest_route=\/wp\/v2\/types\/product"}],"replies":[{"embeddable":true,"href":"https:\/\/lbl.bahibaha.cloud\/index.php?rest_route=%2Fwp%2Fv2%2Fcomments&post=158"}],"wp:featuredmedia":[{"embeddable":true,"href":"https:\/\/lbl.bahibaha.cloud\/index.php?rest_route=\/wp\/v2\/media\/553"}],"wp:attachment":[{"href":"https:\/\/lbl.bahibaha.cloud\/index.php?rest_route=%2Fwp%2Fv2%2Fmedia&parent=158"}],"wp:term":[{"taxonomy":"product_brand","embeddable":true,"href":"https:\/\/lbl.bahibaha.cloud\/index.php?rest_route=%2Fwp%2Fv2%2Fproduct_brand&post=158"},{"taxonomy":"product_cat","embeddable":true,"href":"https:\/\/lbl.bahibaha.cloud\/index.php?rest_route=%2Fwp%2Fv2%2Fproduct_cat&post=158"},{"taxonomy":"product_tag","embeddable":true,"href":"https:\/\/lbl.bahibaha.cloud\/index.php?rest_route=%2Fwp%2Fv2%2Fproduct_tag&post=158"}],"curies":[{"name":"wp","href":"https:\/\/api.w.org\/{rel}","templated":true}]}}