{"id":140,"date":"2026-01-16T03:27:18","date_gmt":"2026-01-16T03:27:18","guid":{"rendered":"https:\/\/lbl.bahibaha.cloud\/?post_type=product&#038;p=140"},"modified":"2026-02-26T01:39:21","modified_gmt":"2026-02-26T01:39:21","slug":"de-men-phieu-luu-ky","status":"publish","type":"product","link":"https:\/\/lbl.bahibaha.cloud\/?product=de-men-phieu-luu-ky","title":{"rendered":"D\u1ebf M\u00e8n Phi\u00eau L\u01b0u K\u00fd"},"content":{"rendered":"<h1><img fetchpriority=\"high\" decoding=\"async\" class=\"alignnone size-medium wp-image-149\" src=\"https:\/\/lbl.bahibaha.cloud\/wp-content\/uploads\/2026\/01\/ebook-de-men-phieu-luu-ky-prc-pdf-epub-216x300.jpg\" alt=\"\" width=\"216\" height=\"300\" \/><\/h1>\n","protected":false},"excerpt":{"rendered":"<p>[contact-form][contact-field label=&#8221;Name&#8221; type=&#8221;name&#8221; required=&#8221;true&#8221; \/][contact-field label=&#8221;Email&#8221; type=&#8221;email&#8221; required=&#8221;true&#8221; \/][contact-field label=&#8221;Website&#8221; type=&#8221;url&#8221; \/][contact-field label=&#8221;Message&#8221; type=&#8221;textarea&#8221; \/][\/contact-form]<\/p>\n<p><img fetchpriority=\"high\" decoding=\"async\" class=\"alignnone size-medium wp-image-149\" src=\"https:\/\/lbl.bahibaha.cloud\/wp-content\/uploads\/2026\/01\/ebook-de-men-phieu-luu-ky-prc-pdf-epub-216x300.jpg\" alt=\"\" width=\"216\" height=\"300\" \/><\/p>\n<p><span dir=\"auto\" style=\"vertical-align: inherit;\"><span dir=\"auto\" style=\"vertical-align: inherit;\">Trong h\u01a1n n\u1eeda th\u1ebf k\u1ef7, k\u1ec3 t\u1eeb ng\u00e0y ra m\u1eaft b\u1ea1n \u0111\u1ecdc l\u1ea7n \u0111\u1ea7u n\u0103m 1941, &#8220;D\u1ebf M\u00e8n th\u00fa l\u01b0u k\u00fd&#8221; l\u00e0 t\u00e1c ph\u1ea9m v\u0103n h\u1ecdc thi\u1ebfu nhi Vi\u1ec7t Nam n\u1ed5i ti\u1ebfng nh\u1ea5t v\u00e0 \u0111\u01b0\u1ee3c d\u1ecbch ra h\u01a1n 20 th\u1ee9 ti\u1ebfng tr\u00ean th\u1ebf gi\u1edbi. T\u00e1c ph\u1ea9m \u0111\u01b0\u1ee3c chuy\u1ec3n \u0111\u1ed5i nhi\u1ec1u h\u00ecnh th\u1ee9c kh\u00e1c nhau v\u00e0 lu\u00f4n \u0111\u01b0\u1ee3c c\u00e1c th\u1ebf \u0111\u1ed9c gi\u1ea3 h\u00e0o h\u1ee9ng \u0111\u00f3n nh\u1eadn.<\/span><\/span><\/p>\n<p><span dir=\"auto\" style=\"vertical-align: inherit;\"><span dir=\"auto\" style=\"vertical-align: inherit;\">&#8220;D\u1ebf M\u00e8n th\u00fa l\u01b0u k\u00fd&#8221; phi\u00ean b\u1ea3n truy\u1ec7n tranh do h\u1ecda s\u0129 T\u1ea1 Huy Long chuy\u1ec3n th\u1ec3 v\u00e0 th\u1ef1c hi\u1ec7n l\u00e0 m\u1ed9t \u1ea5n ph\u1ea9m \u0111\u1ed9c \u0111\u00e1o, \u0111\u1eb9p \u0111\u1ebd. K\u1ebf th\u1eeba to\u00e0n b\u1ed9 n\u1ed9i dung c\u1ed1t truy\u1ec7n, nh\u00e2n v\u1eadt g\u1ed1c c\u1ee7a nh\u00e0 v\u0103n T\u00f4 Ho\u00e0i. V\u1edbi g\u1ea7n 500 khung tranh trong \u0111\u00f3 c\u00f3 r\u1ea5t nhi\u1ec1u b\u1ee9c tranh \u0111au kh\u1ed5, h\u1ecda s\u0129 T\u1ea1 Huy Long \u0111\u00e3 t\u00ecm th\u1ea5y t\u00e0i n\u0103ng \u0111i\u00eau luy\u1ec7n v\u00e0 tinh t\u1ebf. Nh\u1eefng chuy\u1ebfn \u0111i th\u00e1m hi\u1ec3m c\u1ee7a anh ch\u00e0ng d\u1ebf M\u00e8n \u0111\u01b0\u1ee3c h\u1ecda s\u0129 T\u1ea1 Huy Long k\u1ec3 l\u1ea1i b\u1eb1ng ng\u00f4n ng\u1eef truy\u1ec7n tranh s\u1ed1ng \u0111\u1ed9ng v\u00e0 h\u1ea5p d\u1eabn.<\/span><\/span><\/p>\n<p><span dir=\"auto\" style=\"vertical-align: inherit;\"><span dir=\"auto\" style=\"vertical-align: inherit;\">\u201cD\u1ebf M\u00e8n th\u00fa l\u01b0u k\u00fd\u201d phi\u00ean b\u1ea3n truy\u1ec7n tranh c\u1ee7a T\u1ea1 Huy Long g\u1ea7n g\u0169i v\u1edbi b\u1ea1n \u0111\u1ecdc \u0111\u01b0\u01a1ng \u0111\u1ea1i. Cu\u1ed1n s\u00e1ch g\u1ed3m 116 trang, in tr\u00ean gi\u1ea5y couche kh\u1ed5 l\u1edbn 24&#215;32 cm l\u00e0 m\u1ed9t \u1ea5n ph\u1ea9m m\u00e0 ng\u01b0\u1eddi y\u00eau s\u00e1ch kh\u00f4ng th\u1ec3 b\u1ecf l\u1ee1.<\/span><\/span><\/p>\n<p><span dir=\"auto\" style=\"vertical-align: inherit;\"><span dir=\"auto\" style=\"vertical-align: inherit;\">\u201c <\/span><\/span><em><span dir=\"auto\" style=\"vertical-align: inherit;\"><span dir=\"auto\" style=\"vertical-align: inherit;\">Bi\u1ebft \u01b0\u1edbc m\u01a1 v\u00e0 h\u00e0nh \u0111\u1ed9ng, D\u1ebf M\u00e8n c\u1ee7a t\u00f4i ch\u1eafc ch\u1eafn l\u00e0 b\u1ea1n chung th\u1ee7y v\u1edbi th\u1ebf h\u1ec7 tu\u1ed5i th\u01a1 c\u1ee7a b\u1ea1n<\/span><\/span><\/em><span dir=\"auto\" style=\"vertical-align: inherit;\"><span dir=\"auto\" style=\"vertical-align: inherit;\"> .\u201d (T\u00f4 Ho\u00e0i)<\/span><\/span><\/p>\n","protected":false},"featured_media":551,"comment_status":"open","ping_status":"closed","template":"","meta":[],"product_brand":[],"product_cat":[23],"product_tag":[],"class_list":{"0":"post-140","1":"product","2":"type-product","3":"status-publish","4":"has-post-thumbnail","6":"product_cat-sach-van-hoc","8":"first","9":"instock","10":"taxable","11":"shipping-taxable","12":"product-type-variable"},"yoast_head":"<!-- This site is optimized with the Yoast SEO plugin v26.8 - https:\/\/yoast.com\/product\/yoast-seo-wordpress\/ -->\n<title>D\u1ebf M\u00e8n Phi\u00eau L\u01b0u K\u00fd - Little Bird Library.<\/title>\n<meta name=\"robots\" content=\"noindex, follow, max-snippet:-1, max-image-preview:large, max-video-preview:-1\" \/>\n<meta property=\"og:locale\" content=\"vi_VN\" \/>\n<meta property=\"og:type\" content=\"article\" \/>\n<meta property=\"og:title\" content=\"D\u1ebf M\u00e8n Phi\u00eau L\u01b0u K\u00fd - Little Bird Library.\" \/>\n<meta property=\"og:description\" content=\"[contact-form][contact-field label=&quot;Name&quot; type=&quot;name&quot; required=&quot;true&quot; \/][contact-field label=&quot;Email&quot; type=&quot;email&quot; required=&quot;true&quot; \/][contact-field label=&quot;Website&quot; type=&quot;url&quot; \/][contact-field label=&quot;Message&quot; type=&quot;textarea&quot; \/][\/contact-form]    Trong h\u01a1n n\u1eeda th\u1ebf k\u1ef7, k\u1ec3 t\u1eeb ng\u00e0y ra m\u1eaft b\u1ea1n \u0111\u1ecdc l\u1ea7n \u0111\u1ea7u n\u0103m 1941, &quot;D\u1ebf M\u00e8n th\u00fa l\u01b0u k\u00fd&quot; l\u00e0 t\u00e1c ph\u1ea9m v\u0103n h\u1ecdc thi\u1ebfu nhi Vi\u1ec7t Nam n\u1ed5i ti\u1ebfng nh\u1ea5t v\u00e0 \u0111\u01b0\u1ee3c d\u1ecbch ra h\u01a1n 20 th\u1ee9 ti\u1ebfng tr\u00ean th\u1ebf gi\u1edbi. T\u00e1c ph\u1ea9m \u0111\u01b0\u1ee3c chuy\u1ec3n \u0111\u1ed5i nhi\u1ec1u h\u00ecnh th\u1ee9c kh\u00e1c nhau v\u00e0 lu\u00f4n \u0111\u01b0\u1ee3c c\u00e1c th\u1ebf \u0111\u1ed9c gi\u1ea3 h\u00e0o h\u1ee9ng \u0111\u00f3n nh\u1eadn.  &quot;D\u1ebf M\u00e8n th\u00fa l\u01b0u k\u00fd&quot; phi\u00ean b\u1ea3n truy\u1ec7n tranh do h\u1ecda s\u0129 T\u1ea1 Huy Long chuy\u1ec3n th\u1ec3 v\u00e0 th\u1ef1c hi\u1ec7n l\u00e0 m\u1ed9t \u1ea5n ph\u1ea9m \u0111\u1ed9c \u0111\u00e1o, \u0111\u1eb9p \u0111\u1ebd. K\u1ebf th\u1eeba to\u00e0n b\u1ed9 n\u1ed9i dung c\u1ed1t truy\u1ec7n, nh\u00e2n v\u1eadt g\u1ed1c c\u1ee7a nh\u00e0 v\u0103n T\u00f4 Ho\u00e0i. V\u1edbi g\u1ea7n 500 khung tranh trong \u0111\u00f3 c\u00f3 r\u1ea5t nhi\u1ec1u b\u1ee9c tranh \u0111au kh\u1ed5, h\u1ecda s\u0129 T\u1ea1 Huy Long \u0111\u00e3 t\u00ecm th\u1ea5y t\u00e0i n\u0103ng \u0111i\u00eau luy\u1ec7n v\u00e0 tinh t\u1ebf. Nh\u1eefng chuy\u1ebfn \u0111i th\u00e1m hi\u1ec3m c\u1ee7a anh ch\u00e0ng d\u1ebf M\u00e8n \u0111\u01b0\u1ee3c h\u1ecda s\u0129 T\u1ea1 Huy Long k\u1ec3 l\u1ea1i b\u1eb1ng ng\u00f4n ng\u1eef truy\u1ec7n tranh s\u1ed1ng \u0111\u1ed9ng v\u00e0 h\u1ea5p d\u1eabn.  \u201cD\u1ebf M\u00e8n th\u00fa l\u01b0u k\u00fd\u201d phi\u00ean b\u1ea3n truy\u1ec7n tranh c\u1ee7a T\u1ea1 Huy Long g\u1ea7n g\u0169i v\u1edbi b\u1ea1n \u0111\u1ecdc \u0111\u01b0\u01a1ng \u0111\u1ea1i. Cu\u1ed1n s\u00e1ch g\u1ed3m 116 trang, in tr\u00ean gi\u1ea5y couche kh\u1ed5 l\u1edbn 24x32 cm l\u00e0 m\u1ed9t \u1ea5n ph\u1ea9m m\u00e0 ng\u01b0\u1eddi y\u00eau s\u00e1ch kh\u00f4ng th\u1ec3 b\u1ecf l\u1ee1.  \u201c Bi\u1ebft \u01b0\u1edbc m\u01a1 v\u00e0 h\u00e0nh \u0111\u1ed9ng, D\u1ebf M\u00e8n c\u1ee7a t\u00f4i ch\u1eafc ch\u1eafn l\u00e0 b\u1ea1n chung th\u1ee7y v\u1edbi th\u1ebf h\u1ec7 tu\u1ed5i th\u01a1 c\u1ee7a b\u1ea1n .\u201d (T\u00f4 Ho\u00e0i)\" \/>\n<meta property=\"og:url\" content=\"https:\/\/lbl.bahibaha.cloud\/?product=de-men-phieu-luu-ky\" \/>\n<meta property=\"og:site_name\" content=\"Little Bird Library.\" \/>\n<meta property=\"article:modified_time\" content=\"2026-02-26T01:39:21+00:00\" \/>\n<meta property=\"og:image\" content=\"https:\/\/lbl.bahibaha.cloud\/wp-content\/uploads\/2026\/01\/images-1.jpg\" \/>\n\t<meta property=\"og:image:width\" content=\"191\" \/>\n\t<meta property=\"og:image:height\" content=\"264\" \/>\n\t<meta property=\"og:image:type\" content=\"image\/jpeg\" \/>\n<meta name=\"twitter:card\" content=\"summary_large_image\" \/>\n<meta name=\"twitter:label1\" content=\"\u01af\u1edbc t\u00ednh th\u1eddi gian \u0111\u1ecdc\" \/>\n\t<meta name=\"twitter:data1\" content=\"1 ph\u00fat\" \/>\n<script type=\"application\/ld+json\" class=\"yoast-schema-graph\">{\"@context\":\"https:\/\/schema.org\",\"@graph\":[{\"@type\":\"WebPage\",\"@id\":\"https:\/\/lbl.bahibaha.cloud\/?product=de-men-phieu-luu-ky\",\"url\":\"https:\/\/lbl.bahibaha.cloud\/?product=de-men-phieu-luu-ky\",\"name\":\"D\u1ebf M\u00e8n Phi\u00eau L\u01b0u K\u00fd - Little Bird Library.\",\"isPartOf\":{\"@id\":\"https:\/\/lbl.bahibaha.cloud\/#website\"},\"primaryImageOfPage\":{\"@id\":\"https:\/\/lbl.bahibaha.cloud\/?product=de-men-phieu-luu-ky#primaryimage\"},\"image\":{\"@id\":\"https:\/\/lbl.bahibaha.cloud\/?product=de-men-phieu-luu-ky#primaryimage\"},\"thumbnailUrl\":\"https:\/\/lbl.bahibaha.cloud\/wp-content\/uploads\/2026\/01\/images-1.jpg\",\"datePublished\":\"2026-01-16T03:27:18+00:00\",\"dateModified\":\"2026-02-26T01:39:21+00:00\",\"breadcrumb\":{\"@id\":\"https:\/\/lbl.bahibaha.cloud\/?product=de-men-phieu-luu-ky#breadcrumb\"},\"inLanguage\":\"vi\",\"potentialAction\":[{\"@type\":\"ReadAction\",\"target\":[\"https:\/\/lbl.bahibaha.cloud\/?product=de-men-phieu-luu-ky\"]}]},{\"@type\":\"ImageObject\",\"inLanguage\":\"vi\",\"@id\":\"https:\/\/lbl.bahibaha.cloud\/?product=de-men-phieu-luu-ky#primaryimage\",\"url\":\"https:\/\/lbl.bahibaha.cloud\/wp-content\/uploads\/2026\/01\/images-1.jpg\",\"contentUrl\":\"https:\/\/lbl.bahibaha.cloud\/wp-content\/uploads\/2026\/01\/images-1.jpg\",\"width\":191,\"height\":264},{\"@type\":\"BreadcrumbList\",\"@id\":\"https:\/\/lbl.bahibaha.cloud\/?product=de-men-phieu-luu-ky#breadcrumb\",\"itemListElement\":[{\"@type\":\"ListItem\",\"position\":1,\"name\":\"Home\",\"item\":\"https:\/\/lbl.bahibaha.cloud\/\"},{\"@type\":\"ListItem\",\"position\":2,\"name\":\"Shop\",\"item\":\"https:\/\/lbl.bahibaha.cloud\/?page_id=71\"},{\"@type\":\"ListItem\",\"position\":3,\"name\":\"D\u1ebf M\u00e8n Phi\u00eau L\u01b0u K\u00fd\"}]},{\"@type\":\"WebSite\",\"@id\":\"https:\/\/lbl.bahibaha.cloud\/#website\",\"url\":\"https:\/\/lbl.bahibaha.cloud\/\",\"name\":\"Little Bird Library.\",\"description\":\"\",\"potentialAction\":[{\"@type\":\"SearchAction\",\"target\":{\"@type\":\"EntryPoint\",\"urlTemplate\":\"https:\/\/lbl.bahibaha.cloud\/?s={search_term_string}\"},\"query-input\":{\"@type\":\"PropertyValueSpecification\",\"valueRequired\":true,\"valueName\":\"search_term_string\"}}],\"inLanguage\":\"vi\"}]}<\/script>\n<!-- \/ Yoast SEO plugin. -->","yoast_head_json":{"title":"D\u1ebf M\u00e8n Phi\u00eau L\u01b0u K\u00fd - Little Bird Library.","robots":{"index":"noindex","follow":"follow","max-snippet":"max-snippet:-1","max-image-preview":"max-image-preview:large","max-video-preview":"max-video-preview:-1"},"og_locale":"vi_VN","og_type":"article","og_title":"D\u1ebf M\u00e8n Phi\u00eau L\u01b0u K\u00fd - Little Bird Library.","og_description":"[contact-form][contact-field label=\"Name\" type=\"name\" required=\"true\" \/][contact-field label=\"Email\" type=\"email\" required=\"true\" \/][contact-field label=\"Website\" type=\"url\" \/][contact-field label=\"Message\" type=\"textarea\" \/][\/contact-form]    Trong h\u01a1n n\u1eeda th\u1ebf k\u1ef7, k\u1ec3 t\u1eeb ng\u00e0y ra m\u1eaft b\u1ea1n \u0111\u1ecdc l\u1ea7n \u0111\u1ea7u n\u0103m 1941, \"D\u1ebf M\u00e8n th\u00fa l\u01b0u k\u00fd\" l\u00e0 t\u00e1c ph\u1ea9m v\u0103n h\u1ecdc thi\u1ebfu nhi Vi\u1ec7t Nam n\u1ed5i ti\u1ebfng nh\u1ea5t v\u00e0 \u0111\u01b0\u1ee3c d\u1ecbch ra h\u01a1n 20 th\u1ee9 ti\u1ebfng tr\u00ean th\u1ebf gi\u1edbi. T\u00e1c ph\u1ea9m \u0111\u01b0\u1ee3c chuy\u1ec3n \u0111\u1ed5i nhi\u1ec1u h\u00ecnh th\u1ee9c kh\u00e1c nhau v\u00e0 lu\u00f4n \u0111\u01b0\u1ee3c c\u00e1c th\u1ebf \u0111\u1ed9c gi\u1ea3 h\u00e0o h\u1ee9ng \u0111\u00f3n nh\u1eadn.  \"D\u1ebf M\u00e8n th\u00fa l\u01b0u k\u00fd\" phi\u00ean b\u1ea3n truy\u1ec7n tranh do h\u1ecda s\u0129 T\u1ea1 Huy Long chuy\u1ec3n th\u1ec3 v\u00e0 th\u1ef1c hi\u1ec7n l\u00e0 m\u1ed9t \u1ea5n ph\u1ea9m \u0111\u1ed9c \u0111\u00e1o, \u0111\u1eb9p \u0111\u1ebd. K\u1ebf th\u1eeba to\u00e0n b\u1ed9 n\u1ed9i dung c\u1ed1t truy\u1ec7n, nh\u00e2n v\u1eadt g\u1ed1c c\u1ee7a nh\u00e0 v\u0103n T\u00f4 Ho\u00e0i. V\u1edbi g\u1ea7n 500 khung tranh trong \u0111\u00f3 c\u00f3 r\u1ea5t nhi\u1ec1u b\u1ee9c tranh \u0111au kh\u1ed5, h\u1ecda s\u0129 T\u1ea1 Huy Long \u0111\u00e3 t\u00ecm th\u1ea5y t\u00e0i n\u0103ng \u0111i\u00eau luy\u1ec7n v\u00e0 tinh t\u1ebf. Nh\u1eefng chuy\u1ebfn \u0111i th\u00e1m hi\u1ec3m c\u1ee7a anh ch\u00e0ng d\u1ebf M\u00e8n \u0111\u01b0\u1ee3c h\u1ecda s\u0129 T\u1ea1 Huy Long k\u1ec3 l\u1ea1i b\u1eb1ng ng\u00f4n ng\u1eef truy\u1ec7n tranh s\u1ed1ng \u0111\u1ed9ng v\u00e0 h\u1ea5p d\u1eabn.  \u201cD\u1ebf M\u00e8n th\u00fa l\u01b0u k\u00fd\u201d phi\u00ean b\u1ea3n truy\u1ec7n tranh c\u1ee7a T\u1ea1 Huy Long g\u1ea7n g\u0169i v\u1edbi b\u1ea1n \u0111\u1ecdc \u0111\u01b0\u01a1ng \u0111\u1ea1i. Cu\u1ed1n s\u00e1ch g\u1ed3m 116 trang, in tr\u00ean gi\u1ea5y couche kh\u1ed5 l\u1edbn 24x32 cm l\u00e0 m\u1ed9t \u1ea5n ph\u1ea9m m\u00e0 ng\u01b0\u1eddi y\u00eau s\u00e1ch kh\u00f4ng th\u1ec3 b\u1ecf l\u1ee1.  \u201c Bi\u1ebft \u01b0\u1edbc m\u01a1 v\u00e0 h\u00e0nh \u0111\u1ed9ng, D\u1ebf M\u00e8n c\u1ee7a t\u00f4i ch\u1eafc ch\u1eafn l\u00e0 b\u1ea1n chung th\u1ee7y v\u1edbi th\u1ebf h\u1ec7 tu\u1ed5i th\u01a1 c\u1ee7a b\u1ea1n .\u201d (T\u00f4 Ho\u00e0i)","og_url":"https:\/\/lbl.bahibaha.cloud\/?product=de-men-phieu-luu-ky","og_site_name":"Little Bird Library.","article_modified_time":"2026-02-26T01:39:21+00:00","og_image":[{"width":191,"height":264,"url":"https:\/\/lbl.bahibaha.cloud\/wp-content\/uploads\/2026\/01\/images-1.jpg","type":"image\/jpeg"}],"twitter_card":"summary_large_image","twitter_misc":{"\u01af\u1edbc t\u00ednh th\u1eddi gian \u0111\u1ecdc":"1 ph\u00fat"},"schema":{"@context":"https:\/\/schema.org","@graph":[{"@type":"WebPage","@id":"https:\/\/lbl.bahibaha.cloud\/?product=de-men-phieu-luu-ky","url":"https:\/\/lbl.bahibaha.cloud\/?product=de-men-phieu-luu-ky","name":"D\u1ebf M\u00e8n Phi\u00eau L\u01b0u K\u00fd - Little Bird Library.","isPartOf":{"@id":"https:\/\/lbl.bahibaha.cloud\/#website"},"primaryImageOfPage":{"@id":"https:\/\/lbl.bahibaha.cloud\/?product=de-men-phieu-luu-ky#primaryimage"},"image":{"@id":"https:\/\/lbl.bahibaha.cloud\/?product=de-men-phieu-luu-ky#primaryimage"},"thumbnailUrl":"https:\/\/lbl.bahibaha.cloud\/wp-content\/uploads\/2026\/01\/images-1.jpg","datePublished":"2026-01-16T03:27:18+00:00","dateModified":"2026-02-26T01:39:21+00:00","breadcrumb":{"@id":"https:\/\/lbl.bahibaha.cloud\/?product=de-men-phieu-luu-ky#breadcrumb"},"inLanguage":"vi","potentialAction":[{"@type":"ReadAction","target":["https:\/\/lbl.bahibaha.cloud\/?product=de-men-phieu-luu-ky"]}]},{"@type":"ImageObject","inLanguage":"vi","@id":"https:\/\/lbl.bahibaha.cloud\/?product=de-men-phieu-luu-ky#primaryimage","url":"https:\/\/lbl.bahibaha.cloud\/wp-content\/uploads\/2026\/01\/images-1.jpg","contentUrl":"https:\/\/lbl.bahibaha.cloud\/wp-content\/uploads\/2026\/01\/images-1.jpg","width":191,"height":264},{"@type":"BreadcrumbList","@id":"https:\/\/lbl.bahibaha.cloud\/?product=de-men-phieu-luu-ky#breadcrumb","itemListElement":[{"@type":"ListItem","position":1,"name":"Home","item":"https:\/\/lbl.bahibaha.cloud\/"},{"@type":"ListItem","position":2,"name":"Shop","item":"https:\/\/lbl.bahibaha.cloud\/?page_id=71"},{"@type":"ListItem","position":3,"name":"D\u1ebf M\u00e8n Phi\u00eau L\u01b0u K\u00fd"}]},{"@type":"WebSite","@id":"https:\/\/lbl.bahibaha.cloud\/#website","url":"https:\/\/lbl.bahibaha.cloud\/","name":"Little Bird Library.","description":"","potentialAction":[{"@type":"SearchAction","target":{"@type":"EntryPoint","urlTemplate":"https:\/\/lbl.bahibaha.cloud\/?s={search_term_string}"},"query-input":{"@type":"PropertyValueSpecification","valueRequired":true,"valueName":"search_term_string"}}],"inLanguage":"vi"}]}},"_links":{"self":[{"href":"https:\/\/lbl.bahibaha.cloud\/index.php?rest_route=\/wp\/v2\/product\/140","targetHints":{"allow":["GET"]}}],"collection":[{"href":"https:\/\/lbl.bahibaha.cloud\/index.php?rest_route=\/wp\/v2\/product"}],"about":[{"href":"https:\/\/lbl.bahibaha.cloud\/index.php?rest_route=\/wp\/v2\/types\/product"}],"replies":[{"embeddable":true,"href":"https:\/\/lbl.bahibaha.cloud\/index.php?rest_route=%2Fwp%2Fv2%2Fcomments&post=140"}],"wp:featuredmedia":[{"embeddable":true,"href":"https:\/\/lbl.bahibaha.cloud\/index.php?rest_route=\/wp\/v2\/media\/551"}],"wp:attachment":[{"href":"https:\/\/lbl.bahibaha.cloud\/index.php?rest_route=%2Fwp%2Fv2%2Fmedia&parent=140"}],"wp:term":[{"taxonomy":"product_brand","embeddable":true,"href":"https:\/\/lbl.bahibaha.cloud\/index.php?rest_route=%2Fwp%2Fv2%2Fproduct_brand&post=140"},{"taxonomy":"product_cat","embeddable":true,"href":"https:\/\/lbl.bahibaha.cloud\/index.php?rest_route=%2Fwp%2Fv2%2Fproduct_cat&post=140"},{"taxonomy":"product_tag","embeddable":true,"href":"https:\/\/lbl.bahibaha.cloud\/index.php?rest_route=%2Fwp%2Fv2%2Fproduct_tag&post=140"}],"curies":[{"name":"wp","href":"https:\/\/api.w.org\/{rel}","templated":true}]}}