{"id":467,"date":"2026-01-30T04:22:26","date_gmt":"2026-01-30T04:22:26","guid":{"rendered":"https:\/\/lbl.bahibaha.cloud\/?page_id=467"},"modified":"2026-02-04T02:37:33","modified_gmt":"2026-02-04T02:37:33","slug":"hoi-dap-2","status":"publish","type":"page","link":"https:\/\/lbl.bahibaha.cloud\/?page_id=467","title":{"rendered":"H\u1ecfi \u0111\u00e1p"},"content":{"rendered":"\t\t<div data-elementor-type=\"wp-page\" data-elementor-id=\"467\" class=\"elementor elementor-467\">\n\t\t\t\t<div class=\"elementor-element elementor-element-c4054ad e-flex e-con-boxed e-con e-parent\" data-id=\"c4054ad\" data-element_type=\"container\">\n\t\t\t\t\t<div class=\"e-con-inner\">\n\t\t<div class=\"elementor-element elementor-element-392812b e-con-full e-flex e-con e-child\" data-id=\"392812b\" data-element_type=\"container\">\n\t\t\t\t<div class=\"elementor-element elementor-element-7072204 elementor-widget elementor-widget-wp-widget-categories\" data-id=\"7072204\" data-element_type=\"widget\" data-widget_type=\"wp-widget-categories.default\">\n\t\t\t\t<div class=\"elementor-widget-container\">\n\t\t\t\t\t<div id=\"ez-toc-container\" class=\"ez-toc-v2_0_80 counter-hierarchy ez-toc-counter ez-toc-grey ez-toc-container-direction\">\n<div class=\"ez-toc-title-container\">\n<p class=\"ez-toc-title\" style=\"cursor:inherit\">Table of Contents<\/p>\n<span class=\"ez-toc-title-toggle\"><a href=\"#\" class=\"ez-toc-pull-right ez-toc-btn ez-toc-btn-xs ez-toc-btn-default ez-toc-toggle\" aria-label=\"Toggle Table of Content\"><span class=\"ez-toc-js-icon-con\"><span class=\"\"><span class=\"eztoc-hide\" style=\"display:none;\">Toggle<\/span><span class=\"ez-toc-icon-toggle-span\"><svg style=\"fill: #999;color:#999\" xmlns=\"http:\/\/www.w3.org\/2000\/svg\" class=\"list-377408\" width=\"20px\" height=\"20px\" viewBox=\"0 0 24 24\" fill=\"none\"><path d=\"M6 6H4v2h2V6zm14 0H8v2h12V6zM4 11h2v2H4v-2zm16 0H8v2h12v-2zM4 16h2v2H4v-2zm16 0H8v2h12v-2z\" fill=\"currentColor\"><\/path><\/svg><svg style=\"fill: #999;color:#999\" class=\"arrow-unsorted-368013\" xmlns=\"http:\/\/www.w3.org\/2000\/svg\" width=\"10px\" height=\"10px\" viewBox=\"0 0 24 24\" version=\"1.2\" baseProfile=\"tiny\"><path d=\"M18.2 9.3l-6.2-6.3-6.2 6.3c-.2.2-.3.4-.3.7s.1.5.3.7c.2.2.4.3.7.3h11c.3 0 .5-.1.7-.3.2-.2.3-.5.3-.7s-.1-.5-.3-.7zM5.8 14.7l6.2 6.3 6.2-6.3c.2-.2.3-.5.3-.7s-.1-.5-.3-.7c-.2-.2-.4-.3-.7-.3h-11c-.3 0-.5.1-.7.3-.2.2-.3.5-.3.7s.1.5.3.7z\"\/><\/svg><\/span><\/span><\/span><\/a><\/span><\/div>\n<nav><ul class='ez-toc-list ez-toc-list-level-1 ' ><ul class='ez-toc-list-level-5' ><li class='ez-toc-heading-level-5'><ul class='ez-toc-list-level-5' ><li class='ez-toc-heading-level-5'><ul class='ez-toc-list-level-5' ><li class='ez-toc-heading-level-5'><a class=\"ez-toc-link ez-toc-heading-1\" href=\"https:\/\/lbl.bahibaha.cloud\/?page_id=467\/#Danh_muc\" >Danh m\u1ee5c<\/a><\/li><li class='ez-toc-page-1 ez-toc-heading-level-5'><a class=\"ez-toc-link ez-toc-heading-2\" href=\"https:\/\/lbl.bahibaha.cloud\/?page_id=467\/#Hoi_dap\" >H\u1ecfi \u0111\u00e1p<\/a><\/li><\/ul><\/li><\/ul><\/li><\/ul><\/li><li class='ez-toc-page-1 ez-toc-heading-level-2'><a class=\"ez-toc-link ez-toc-heading-3\" href=\"https:\/\/lbl.bahibaha.cloud\/?page_id=467\/#Top_5_cau_hoi_xem_nhieu\" >Top 5 c\u00e2u h\u1ecfi xem nhi\u1ec1u<\/a><\/li><\/ul><\/nav><\/div>\n<h5><span class=\"ez-toc-section\" id=\"Danh_muc\"><\/span>Danh m\u1ee5c<span class=\"ez-toc-section-end\"><\/span><\/h5>\n\t\t\t<ul>\n\t\t\t\t\t<li class=\"cat-item cat-item-27\"><a href=\"https:\/\/lbl.bahibaha.cloud\/?cat=27\">C\u00e2u h\u1ecfi<\/a>\n<\/li>\n\t<li class=\"cat-item cat-item-1\"><a href=\"https:\/\/lbl.bahibaha.cloud\/?cat=1\">Uncategorized<\/a>\n<\/li>\n\t\t\t<\/ul>\n\n\t\t\t\t\t\t\t<\/div>\n\t\t\t\t<\/div>\n\t\t\t\t<div class=\"elementor-element elementor-element-ad57588 elementor-widget elementor-widget-wp-widget-recent-posts\" data-id=\"ad57588\" data-element_type=\"widget\" data-widget_type=\"wp-widget-recent-posts.default\">\n\t\t\t\t<div class=\"elementor-widget-container\">\n\t\t\t\t\t\n\t\t\n\t\t<h5><span class=\"ez-toc-section\" id=\"Hoi_dap\"><\/span>H\u1ecfi \u0111\u00e1p<span class=\"ez-toc-section-end\"><\/span><\/h5>\n\t\t<ul>\n\t\t\t\t\t\t\t\t\t\t\t<li>\n\t\t\t\t\t<a href=\"https:\/\/lbl.bahibaha.cloud\/?p=497\">C\u00e2u Chuy\u1ec7n H\u00ecnh Th\u00e0nh Website B\u00e1n S\u00e1ch Little Bird Library<\/a>\n\t\t\t\t\t\t\t\t\t<\/li>\n\t\t\t\t\t\t\t\t\t\t\t<li>\n\t\t\t\t\t<a href=\"https:\/\/lbl.bahibaha.cloud\/?p=495\">Gi\u1edbi Thi\u1ec7u Website B\u00e1n S\u00e1ch Little Bird Library<\/a>\n\t\t\t\t\t\t\t\t\t<\/li>\n\t\t\t\t\t\t\t\t\t\t\t<li>\n\t\t\t\t\t<a href=\"https:\/\/lbl.bahibaha.cloud\/?p=404\">\ud83d\udcda Top 5 S\u00e1ch Hay N\u00ean \u0110\u1ecdc N\u0103m 2026 Kh\u00f4ng Th\u1ec3 B\u1ecf L\u1ee1<\/a>\n\t\t\t\t\t\t\t\t\t<\/li>\n\t\t\t\t\t\t\t\t\t\t\t<li>\n\t\t\t\t\t<a href=\"https:\/\/lbl.bahibaha.cloud\/?p=461\">10. L\u00e0m sao \u0111\u1ec3 \u0111\u01b0\u1ee3c t\u01b0 v\u1ea5n ch\u1ecdn s\u00e1ch ph\u00f9 h\u1ee3p?<\/a>\n\t\t\t\t\t\t\t\t\t<\/li>\n\t\t\t\t\t\t\t\t\t\t\t<li>\n\t\t\t\t\t<a href=\"https:\/\/lbl.bahibaha.cloud\/?p=459\">9. Website c\u00f3 \u01b0u \u0111\u00e3i cho kh\u00e1ch h\u00e0ng kh\u00f4ng?<\/a>\n\t\t\t\t\t\t\t\t\t<\/li>\n\t\t\t\t\t\t\t\t\t\t\t<li>\n\t\t\t\t\t<a href=\"https:\/\/lbl.bahibaha.cloud\/?p=457\">8. N\u1ebfu s\u00e1ch b\u1ecb l\u1ed7i ho\u1eb7c giao sai th\u00ec x\u1eed l\u00fd th\u1ebf n\u00e0o?<\/a>\n\t\t\t\t\t\t\t\t\t<\/li>\n\t\t\t\t\t\t\t\t\t\t\t<li>\n\t\t\t\t\t<a href=\"https:\/\/lbl.bahibaha.cloud\/?p=455\">7. Website h\u1ed7 tr\u1ee3 nh\u1eefng h\u00ecnh th\u1ee9c thanh to\u00e1n n\u00e0o?<\/a>\n\t\t\t\t\t\t\t\t\t<\/li>\n\t\t\t\t\t\t\t\t\t\t\t<li>\n\t\t\t\t\t<a href=\"https:\/\/lbl.bahibaha.cloud\/?p=453\">6. C\u00f3 \u0111\u01b0\u1ee3c ki\u1ec3m tra s\u00e1ch tr\u01b0\u1edbc khi nh\u1eadn kh\u00f4ng?<\/a>\n\t\t\t\t\t\t\t\t\t<\/li>\n\t\t\t\t\t\t\t\t\t\t\t<li>\n\t\t\t\t\t<a href=\"https:\/\/lbl.bahibaha.cloud\/?p=451\">5. Ph\u00ed v\u1eadn chuy\u1ec3n \u0111\u01b0\u1ee3c t\u00ednh nh\u01b0 th\u1ebf n\u00e0o?<\/a>\n\t\t\t\t\t\t\t\t\t<\/li>\n\t\t\t\t\t\t\t\t\t\t\t<li>\n\t\t\t\t\t<a href=\"https:\/\/lbl.bahibaha.cloud\/?p=447\">4. Website c\u00f3 giao h\u00e0ng to\u00e0n qu\u1ed1c kh\u00f4ng?<\/a>\n\t\t\t\t\t\t\t\t\t<\/li>\n\t\t\t\t\t<\/ul>\n\n\t\t\t\t\t\t<\/div>\n\t\t\t\t<\/div>\n\t\t\t\t<div class=\"elementor-element elementor-element-5621d3d elementor-widget elementor-widget-wordpress-popular-posts-ewidget\" data-id=\"5621d3d\" data-element_type=\"widget\" data-widget_type=\"wordpress-popular-posts-ewidget.default\">\n\t\t\t\t\t<h2><span class=\"ez-toc-section\" id=\"Top_5_cau_hoi_xem_nhieu\"><\/span>Top 5 c\u00e2u h\u1ecfi xem nhi\u1ec1u<span class=\"ez-toc-section-end\"><\/span><\/h2><div class=\"wpp-shortcode\"><script type=\"application\/json\" data-id=\"wpp-shortcode-inline-js\">{\"title\":\"Top 5 c\\u00e2u h\\u1ecfi xem nhi\\u1ec1u\",\"limit\":\"5\",\"offset\":0,\"range\":\"all\",\"time_quantity\":24,\"time_unit\":\"hour\",\"freshness\":\"1\",\"order_by\":\"views\",\"post_type\":\"post\",\"pid\":\"\",\"exclude\":\"\",\"cat\":\"\",\"taxonomy\":\"category\",\"term_id\":\"\",\"author\":\"\",\"shorten_title\":{\"active\":false,\"length\":0,\"words\":false},\"post-excerpt\":{\"active\":false,\"length\":0,\"keep_format\":false,\"words\":false},\"thumbnail\":{\"active\":false,\"build\":\"manual\",\"width\":0,\"height\":0},\"rating\":false,\"stats_tag\":{\"comment_count\":false,\"views\":\"1\",\"author\":false,\"date\":{\"active\":false,\"format\":\"F j, Y\"},\"category\":false,\"taxonomy\":{\"active\":false,\"name\":\"category\"}},\"markup\":{\"custom_html\":true,\"wpp-start\":\"&lt;ul class=&quot;wpp-list&quot;&gt;\",\"wpp-end\":\"&lt;\\\/ul&gt;\",\"title-start\":\"&lt;h2&gt;\",\"title-end\":\"&lt;\\\/h2&gt;\",\"post-html\":\"&lt;li class=&quot;{current_class}&quot;&gt;{thumb} {title} &lt;span class=&quot;wpp-meta post-stats&quot;&gt;{stats}&lt;\\\/span&gt;&lt;p class=&quot;wpp-excerpt&quot;&gt;{excerpt}&lt;\\\/p&gt;&lt;\\\/li&gt;\"},\"theme\":{\"name\":\"\"}}<\/script><div class=\"wpp-shortcode-placeholder\"><\/div><\/div>\t\t\t\t<\/div>\n\t\t\t\t<\/div>\n\t\t<div class=\"elementor-element elementor-element-048508d e-con-full e-grid e-con e-child\" data-id=\"048508d\" data-element_type=\"container\">\n\t\t\t\t<\/div>\n\t\t\t\t\t<\/div>\n\t\t\t\t<\/div>\n\t\t\t\t<\/div>\n\t\t","protected":false},"excerpt":{"rendered":"<p>Top 5 c\u00e2u h\u1ecfi xem nhi\u1ec1u<\/p>\n","protected":false},"author":1,"featured_media":0,"parent":0,"menu_order":0,"comment_status":"closed","ping_status":"closed","template":"","meta":{"footnotes":""},"class_list":["post-467","page","type-page","status-publish","hentry"],"yoast_head":"<!-- This site is optimized with the Yoast SEO plugin v26.8 - https:\/\/yoast.com\/product\/yoast-seo-wordpress\/ -->\n<title>H\u1ecfi \u0111\u00e1p - Little Bird Library.<\/title>\n<meta name=\"robots\" content=\"noindex, follow, max-snippet:-1, max-image-preview:large, max-video-preview:-1\" \/>\n<meta property=\"og:locale\" content=\"vi_VN\" \/>\n<meta property=\"og:type\" content=\"article\" \/>\n<meta property=\"og:title\" content=\"H\u1ecfi \u0111\u00e1p - Little Bird Library.\" \/>\n<meta property=\"og:description\" content=\"Top 5 c\u00e2u h\u1ecfi xem nhi\u1ec1u\" \/>\n<meta property=\"og:url\" content=\"https:\/\/lbl.bahibaha.cloud\/?page_id=467\" \/>\n<meta property=\"og:site_name\" content=\"Little Bird Library.\" \/>\n<meta property=\"article:modified_time\" content=\"2026-02-04T02:37:33+00:00\" \/>\n<meta name=\"twitter:card\" content=\"summary_large_image\" \/>\n<meta name=\"twitter:label1\" content=\"\u01af\u1edbc t\u00ednh th\u1eddi gian \u0111\u1ecdc\" \/>\n\t<meta name=\"twitter:data1\" content=\"1 ph\u00fat\" \/>\n<script type=\"application\/ld+json\" class=\"yoast-schema-graph\">{\"@context\":\"https:\/\/schema.org\",\"@graph\":[{\"@type\":\"WebPage\",\"@id\":\"https:\/\/lbl.bahibaha.cloud\/?page_id=467\",\"url\":\"https:\/\/lbl.bahibaha.cloud\/?page_id=467\",\"name\":\"H\u1ecfi \u0111\u00e1p - Little Bird Library.\",\"isPartOf\":{\"@id\":\"https:\/\/lbl.bahibaha.cloud\/#website\"},\"datePublished\":\"2026-01-30T04:22:26+00:00\",\"dateModified\":\"2026-02-04T02:37:33+00:00\",\"breadcrumb\":{\"@id\":\"https:\/\/lbl.bahibaha.cloud\/?page_id=467#breadcrumb\"},\"inLanguage\":\"vi\",\"potentialAction\":[{\"@type\":\"ReadAction\",\"target\":[\"https:\/\/lbl.bahibaha.cloud\/?page_id=467\"]}]},{\"@type\":\"BreadcrumbList\",\"@id\":\"https:\/\/lbl.bahibaha.cloud\/?page_id=467#breadcrumb\",\"itemListElement\":[{\"@type\":\"ListItem\",\"position\":1,\"name\":\"Home\",\"item\":\"https:\/\/lbl.bahibaha.cloud\/\"},{\"@type\":\"ListItem\",\"position\":2,\"name\":\"H\u1ecfi \u0111\u00e1p\"}]},{\"@type\":\"WebSite\",\"@id\":\"https:\/\/lbl.bahibaha.cloud\/#website\",\"url\":\"https:\/\/lbl.bahibaha.cloud\/\",\"name\":\"Little Bird Library.\",\"description\":\"\",\"potentialAction\":[{\"@type\":\"SearchAction\",\"target\":{\"@type\":\"EntryPoint\",\"urlTemplate\":\"https:\/\/lbl.bahibaha.cloud\/?s={search_term_string}\"},\"query-input\":{\"@type\":\"PropertyValueSpecification\",\"valueRequired\":true,\"valueName\":\"search_term_string\"}}],\"inLanguage\":\"vi\"}]}<\/script>\n<!-- \/ Yoast SEO plugin. -->","yoast_head_json":{"title":"H\u1ecfi \u0111\u00e1p - Little Bird Library.","robots":{"index":"noindex","follow":"follow","max-snippet":"max-snippet:-1","max-image-preview":"max-image-preview:large","max-video-preview":"max-video-preview:-1"},"og_locale":"vi_VN","og_type":"article","og_title":"H\u1ecfi \u0111\u00e1p - Little Bird Library.","og_description":"Top 5 c\u00e2u h\u1ecfi xem nhi\u1ec1u","og_url":"https:\/\/lbl.bahibaha.cloud\/?page_id=467","og_site_name":"Little Bird Library.","article_modified_time":"2026-02-04T02:37:33+00:00","twitter_card":"summary_large_image","twitter_misc":{"\u01af\u1edbc t\u00ednh th\u1eddi gian \u0111\u1ecdc":"1 ph\u00fat"},"schema":{"@context":"https:\/\/schema.org","@graph":[{"@type":"WebPage","@id":"https:\/\/lbl.bahibaha.cloud\/?page_id=467","url":"https:\/\/lbl.bahibaha.cloud\/?page_id=467","name":"H\u1ecfi \u0111\u00e1p - Little Bird Library.","isPartOf":{"@id":"https:\/\/lbl.bahibaha.cloud\/#website"},"datePublished":"2026-01-30T04:22:26+00:00","dateModified":"2026-02-04T02:37:33+00:00","breadcrumb":{"@id":"https:\/\/lbl.bahibaha.cloud\/?page_id=467#breadcrumb"},"inLanguage":"vi","potentialAction":[{"@type":"ReadAction","target":["https:\/\/lbl.bahibaha.cloud\/?page_id=467"]}]},{"@type":"BreadcrumbList","@id":"https:\/\/lbl.bahibaha.cloud\/?page_id=467#breadcrumb","itemListElement":[{"@type":"ListItem","position":1,"name":"Home","item":"https:\/\/lbl.bahibaha.cloud\/"},{"@type":"ListItem","position":2,"name":"H\u1ecfi \u0111\u00e1p"}]},{"@type":"WebSite","@id":"https:\/\/lbl.bahibaha.cloud\/#website","url":"https:\/\/lbl.bahibaha.cloud\/","name":"Little Bird Library.","description":"","potentialAction":[{"@type":"SearchAction","target":{"@type":"EntryPoint","urlTemplate":"https:\/\/lbl.bahibaha.cloud\/?s={search_term_string}"},"query-input":{"@type":"PropertyValueSpecification","valueRequired":true,"valueName":"search_term_string"}}],"inLanguage":"vi"}]}},"_links":{"self":[{"href":"https:\/\/lbl.bahibaha.cloud\/index.php?rest_route=\/wp\/v2\/pages\/467","targetHints":{"allow":["GET"]}}],"collection":[{"href":"https:\/\/lbl.bahibaha.cloud\/index.php?rest_route=\/wp\/v2\/pages"}],"about":[{"href":"https:\/\/lbl.bahibaha.cloud\/index.php?rest_route=\/wp\/v2\/types\/page"}],"author":[{"embeddable":true,"href":"https:\/\/lbl.bahibaha.cloud\/index.php?rest_route=\/wp\/v2\/users\/1"}],"replies":[{"embeddable":true,"href":"https:\/\/lbl.bahibaha.cloud\/index.php?rest_route=%2Fwp%2Fv2%2Fcomments&post=467"}],"version-history":[{"count":13,"href":"https:\/\/lbl.bahibaha.cloud\/index.php?rest_route=\/wp\/v2\/pages\/467\/revisions"}],"predecessor-version":[{"id":504,"href":"https:\/\/lbl.bahibaha.cloud\/index.php?rest_route=\/wp\/v2\/pages\/467\/revisions\/504"}],"wp:attachment":[{"href":"https:\/\/lbl.bahibaha.cloud\/index.php?rest_route=%2Fwp%2Fv2%2Fmedia&parent=467"}],"curies":[{"name":"wp","href":"https:\/\/api.w.org\/{rel}","templated":true}]}}