{"id":345,"date":"2026-01-21T03:26:15","date_gmt":"2026-01-21T03:26:15","guid":{"rendered":"https:\/\/lbl.bahibaha.cloud\/?page_id=345"},"modified":"2026-01-21T04:01:07","modified_gmt":"2026-01-21T04:01:07","slug":"trang-gioi-thieu","status":"publish","type":"page","link":"https:\/\/lbl.bahibaha.cloud\/?page_id=345","title":{"rendered":"TRANG GI\u1edaI THI\u1ec6U"},"content":{"rendered":"\t\t<div data-elementor-type=\"wp-page\" data-elementor-id=\"345\" class=\"elementor elementor-345\">\n\t\t\t\t<div class=\"elementor-element elementor-element-d1cefda e-flex e-con-boxed e-con e-parent\" data-id=\"d1cefda\" data-element_type=\"container\">\n\t\t\t\t\t<div class=\"e-con-inner\">\n\t\t\t\t<div class=\"elementor-element elementor-element-314d3d1 elementor-widget elementor-widget-heading\" data-id=\"314d3d1\" data-element_type=\"widget\" data-widget_type=\"heading.default\">\n\t\t\t\t\t<div id=\"ez-toc-container\" class=\"ez-toc-v2_0_80 counter-hierarchy ez-toc-counter ez-toc-grey ez-toc-container-direction\">\n<div class=\"ez-toc-title-container\">\n<p class=\"ez-toc-title\" style=\"cursor:inherit\">Table of Contents<\/p>\n<span class=\"ez-toc-title-toggle\"><a href=\"#\" class=\"ez-toc-pull-right ez-toc-btn ez-toc-btn-xs ez-toc-btn-default ez-toc-toggle\" aria-label=\"Toggle Table of Content\"><span class=\"ez-toc-js-icon-con\"><span class=\"\"><span class=\"eztoc-hide\" style=\"display:none;\">Toggle<\/span><span class=\"ez-toc-icon-toggle-span\"><svg style=\"fill: #999;color:#999\" xmlns=\"http:\/\/www.w3.org\/2000\/svg\" class=\"list-377408\" width=\"20px\" height=\"20px\" viewBox=\"0 0 24 24\" fill=\"none\"><path d=\"M6 6H4v2h2V6zm14 0H8v2h12V6zM4 11h2v2H4v-2zm16 0H8v2h12v-2zM4 16h2v2H4v-2zm16 0H8v2h12v-2z\" fill=\"currentColor\"><\/path><\/svg><svg style=\"fill: #999;color:#999\" class=\"arrow-unsorted-368013\" xmlns=\"http:\/\/www.w3.org\/2000\/svg\" width=\"10px\" height=\"10px\" viewBox=\"0 0 24 24\" version=\"1.2\" baseProfile=\"tiny\"><path d=\"M18.2 9.3l-6.2-6.3-6.2 6.3c-.2.2-.3.4-.3.7s.1.5.3.7c.2.2.4.3.7.3h11c.3 0 .5-.1.7-.3.2-.2.3-.5.3-.7s-.1-.5-.3-.7zM5.8 14.7l6.2 6.3 6.2-6.3c.2-.2.3-.5.3-.7s-.1-.5-.3-.7c-.2-.2-.4-.3-.7-.3h-11c-.3 0-.5.1-.7.3-.2.2-.3.5-.3.7s.1.5.3.7z\"\/><\/svg><\/span><\/span><\/span><\/a><\/span><\/div>\n<nav><ul class='ez-toc-list ez-toc-list-level-1 ' ><li class='ez-toc-page-1 ez-toc-heading-level-2'><a class=\"ez-toc-link ez-toc-heading-1\" href=\"https:\/\/lbl.bahibaha.cloud\/?page_id=345\/#Gioi_thieu_ve_cua_hang_sach\" >Gi\u1edbi thi\u1ec7u v\u1ec1 c\u1eeda h\u00e0ng s\u00e1ch<\/a><\/li><li class='ez-toc-page-1 ez-toc-heading-level-2'><a class=\"ez-toc-link ez-toc-heading-2\" href=\"https:\/\/lbl.bahibaha.cloud\/?page_id=345\/#Chao_mung_ban_den_voi_Little_Bird_Libarary\" >Ch\u00e0o m\u1eebng b\u1ea1n \u0111\u1ebfn v\u1edbi Little Bird Libarary.<\/a><\/li><\/ul><\/nav><\/div>\n<h2 class=\"elementor-heading-title elementor-size-default\"><span class=\"ez-toc-section\" id=\"Gioi_thieu_ve_cua_hang_sach\"><\/span><p data-start=\"175\" data-end=\"206\"><strong data-start=\"175\" data-end=\"206\">Gi\u1edbi thi\u1ec7u v\u1ec1 c\u1eeda h\u00e0ng s\u00e1ch<\/strong><\/p><span class=\"ez-toc-section-end\"><\/span><\/h2>\t\t\t\t<\/div>\n\t\t\t\t<div class=\"elementor-element elementor-element-5029ad2 elementor-widget elementor-widget-text-editor\" data-id=\"5029ad2\" data-element_type=\"widget\" data-widget_type=\"text-editor.default\">\n\t\t\t\t\t\t\t\t\t<hr \/><h2><span class=\"ez-toc-section\" id=\"Chao_mung_ban_den_voi_Little_Bird_Libarary\"><\/span><b>Ch\u00e0o m\u1eebng b\u1ea1n \u0111\u1ebfn v\u1edbi Little Bird Libarary.<\/b><span class=\"ez-toc-section-end\"><\/span><\/h2><p data-start=\"208\" data-end=\"268\">Ch\u00fang t\u00f4i l\u00e0 n\u01a1i chuy\u00ean cung c\u1ea5p c\u00e1c \u0111\u1ea7u s\u00e1ch ch\u1ea5t l\u01b0\u1ee3ng, \u0111a d\u1ea1ng th\u1ec3 lo\u1ea1i t\u1eeb\u00a0<strong data-start=\"348\" data-end=\"417\">thi\u1ebfu nhi, k\u1ef9 n\u0103ng s\u1ed1ng, v\u0103n h\u1ecdc, truy\u1ec7n tranh \u0111\u1ebfn s\u00e1ch tham kh\u1ea3o<\/strong>.<\/p><p>M\u1ed7i cu\u1ed1n s\u00e1ch \u0111\u01b0\u1ee3c ch\u1ecdn l\u1ecdc v\u1edbi mong mu\u1ed1n\u00a0<strong data-start=\"463\" data-end=\"511\">mang tri th\u1ee9c, c\u1ea3m h\u1ee9ng v\u00e0 ni\u1ec1m vui \u0111\u1ecdc s\u00e1ch<\/strong>\u00a0\u0111\u1ebfn v\u1edbi m\u1ecdi l\u1ee9a tu\u1ed5i.<\/p>\t\t\t\t\t\t\t\t<\/div>\n\t\t\t\t<div class=\"elementor-element elementor-element-bec9ed3 elementor-widget elementor-widget-text-editor\" data-id=\"bec9ed3\" data-element_type=\"widget\" data-widget_type=\"text-editor.default\">\n\t\t\t\t\t\t\t\t\t<hr \/><p data-start=\"535\" data-end=\"561\"><strong data-start=\"535\" data-end=\"561\">Cam k\u1ebft c\u1ee7a ch\u00fang t\u00f4i:<\/strong><\/p><ul><li>S\u00e1ch ch\u00ednh h\u00e3ng, r\u00f5 ngu\u1ed3n g\u1ed1c<\/li><li>\u0110\u00f3ng g\u00f3i c\u1ea9n th\u1eadn, giao h\u00e0ng nhanh ch\u00f3ng<\/li><li>H\u1ed7 tr\u1ee3 kh\u00e1ch h\u00e0ng t\u1eadn t\u00ecnh<\/li><\/ul><p data-start=\"535\" data-end=\"561\"><b>Hy v\u1ecdng LBL s\u1ebd tr\u1edf th\u00e0nh ng\u01b0\u1eddi b\u1ea1n \u0111\u1ed3ng h\u00e0nh tr\u00ean h\u00e0nh tr\u00ecnh \u0111\u1ecdc s\u00e1ch c\u1ee7a b\u1ea1n.<\/b><\/p>\t\t\t\t\t\t\t\t<\/div>\n\t\t\t\t\t<\/div>\n\t\t\t\t<\/div>\n\t\t\t\t<\/div>\n\t\t","protected":false},"excerpt":{"rendered":"<p>Gi\u1edbi thi\u1ec7u v\u1ec1 c\u1eeda h\u00e0ng s\u00e1ch Ch\u00e0o m\u1eebng b\u1ea1n \u0111\u1ebfn v\u1edbi Little Bird Libarary. Ch\u00fang t\u00f4i l\u00e0 n\u01a1i chuy\u00ean cung c\u1ea5p c\u00e1c \u0111\u1ea7u s\u00e1ch ch\u1ea5t l\u01b0\u1ee3ng, \u0111a d\u1ea1ng th\u1ec3 lo\u1ea1i t\u1eeb\u00a0thi\u1ebfu nhi, k\u1ef9 n\u0103ng s\u1ed1ng, v\u0103n h\u1ecdc, truy\u1ec7n tranh \u0111\u1ebfn s\u00e1ch tham kh\u1ea3o. M\u1ed7i cu\u1ed1n s\u00e1ch \u0111\u01b0\u1ee3c ch\u1ecdn l\u1ecdc v\u1edbi mong mu\u1ed1n\u00a0mang tri th\u1ee9c, c\u1ea3m [&hellip;]<\/p>\n","protected":false},"author":1,"featured_media":0,"parent":0,"menu_order":0,"comment_status":"closed","ping_status":"closed","template":"","meta":{"footnotes":""},"class_list":["post-345","page","type-page","status-publish","hentry"],"yoast_head":"<!-- This site is optimized with the Yoast SEO plugin v26.8 - https:\/\/yoast.com\/product\/yoast-seo-wordpress\/ -->\n<title>TRANG GI\u1edaI THI\u1ec6U - Little Bird Library.<\/title>\n<meta name=\"robots\" content=\"noindex, follow, max-snippet:-1, max-image-preview:large, max-video-preview:-1\" \/>\n<meta property=\"og:locale\" content=\"vi_VN\" \/>\n<meta property=\"og:type\" content=\"article\" \/>\n<meta property=\"og:title\" content=\"TRANG GI\u1edaI THI\u1ec6U - Little Bird Library.\" \/>\n<meta property=\"og:description\" content=\"Gi\u1edbi thi\u1ec7u v\u1ec1 c\u1eeda h\u00e0ng s\u00e1ch Ch\u00e0o m\u1eebng b\u1ea1n \u0111\u1ebfn v\u1edbi Little Bird Libarary. Ch\u00fang t\u00f4i l\u00e0 n\u01a1i chuy\u00ean cung c\u1ea5p c\u00e1c \u0111\u1ea7u s\u00e1ch ch\u1ea5t l\u01b0\u1ee3ng, \u0111a d\u1ea1ng th\u1ec3 lo\u1ea1i t\u1eeb\u00a0thi\u1ebfu nhi, k\u1ef9 n\u0103ng s\u1ed1ng, v\u0103n h\u1ecdc, truy\u1ec7n tranh \u0111\u1ebfn s\u00e1ch tham kh\u1ea3o. M\u1ed7i cu\u1ed1n s\u00e1ch \u0111\u01b0\u1ee3c ch\u1ecdn l\u1ecdc v\u1edbi mong mu\u1ed1n\u00a0mang tri th\u1ee9c, c\u1ea3m [&hellip;]\" \/>\n<meta property=\"og:url\" content=\"https:\/\/lbl.bahibaha.cloud\/?page_id=345\" \/>\n<meta property=\"og:site_name\" content=\"Little Bird Library.\" \/>\n<meta property=\"article:modified_time\" content=\"2026-01-21T04:01:07+00:00\" \/>\n<meta name=\"twitter:card\" content=\"summary_large_image\" \/>\n<meta name=\"twitter:label1\" content=\"\u01af\u1edbc t\u00ednh th\u1eddi gian \u0111\u1ecdc\" \/>\n\t<meta name=\"twitter:data1\" content=\"1 ph\u00fat\" \/>\n<script type=\"application\/ld+json\" class=\"yoast-schema-graph\">{\"@context\":\"https:\/\/schema.org\",\"@graph\":[{\"@type\":\"WebPage\",\"@id\":\"https:\/\/lbl.bahibaha.cloud\/?page_id=345\",\"url\":\"https:\/\/lbl.bahibaha.cloud\/?page_id=345\",\"name\":\"TRANG GI\u1edaI THI\u1ec6U - Little Bird Library.\",\"isPartOf\":{\"@id\":\"https:\/\/lbl.bahibaha.cloud\/#website\"},\"datePublished\":\"2026-01-21T03:26:15+00:00\",\"dateModified\":\"2026-01-21T04:01:07+00:00\",\"breadcrumb\":{\"@id\":\"https:\/\/lbl.bahibaha.cloud\/?page_id=345#breadcrumb\"},\"inLanguage\":\"vi\",\"potentialAction\":[{\"@type\":\"ReadAction\",\"target\":[\"https:\/\/lbl.bahibaha.cloud\/?page_id=345\"]}]},{\"@type\":\"BreadcrumbList\",\"@id\":\"https:\/\/lbl.bahibaha.cloud\/?page_id=345#breadcrumb\",\"itemListElement\":[{\"@type\":\"ListItem\",\"position\":1,\"name\":\"Home\",\"item\":\"https:\/\/lbl.bahibaha.cloud\/\"},{\"@type\":\"ListItem\",\"position\":2,\"name\":\"TRANG GI\u1edaI THI\u1ec6U\"}]},{\"@type\":\"WebSite\",\"@id\":\"https:\/\/lbl.bahibaha.cloud\/#website\",\"url\":\"https:\/\/lbl.bahibaha.cloud\/\",\"name\":\"Little Bird Library.\",\"description\":\"\",\"potentialAction\":[{\"@type\":\"SearchAction\",\"target\":{\"@type\":\"EntryPoint\",\"urlTemplate\":\"https:\/\/lbl.bahibaha.cloud\/?s={search_term_string}\"},\"query-input\":{\"@type\":\"PropertyValueSpecification\",\"valueRequired\":true,\"valueName\":\"search_term_string\"}}],\"inLanguage\":\"vi\"}]}<\/script>\n<!-- \/ Yoast SEO plugin. -->","yoast_head_json":{"title":"TRANG GI\u1edaI THI\u1ec6U - Little Bird Library.","robots":{"index":"noindex","follow":"follow","max-snippet":"max-snippet:-1","max-image-preview":"max-image-preview:large","max-video-preview":"max-video-preview:-1"},"og_locale":"vi_VN","og_type":"article","og_title":"TRANG GI\u1edaI THI\u1ec6U - Little Bird Library.","og_description":"Gi\u1edbi thi\u1ec7u v\u1ec1 c\u1eeda h\u00e0ng s\u00e1ch Ch\u00e0o m\u1eebng b\u1ea1n \u0111\u1ebfn v\u1edbi Little Bird Libarary. Ch\u00fang t\u00f4i l\u00e0 n\u01a1i chuy\u00ean cung c\u1ea5p c\u00e1c \u0111\u1ea7u s\u00e1ch ch\u1ea5t l\u01b0\u1ee3ng, \u0111a d\u1ea1ng th\u1ec3 lo\u1ea1i t\u1eeb\u00a0thi\u1ebfu nhi, k\u1ef9 n\u0103ng s\u1ed1ng, v\u0103n h\u1ecdc, truy\u1ec7n tranh \u0111\u1ebfn s\u00e1ch tham kh\u1ea3o. M\u1ed7i cu\u1ed1n s\u00e1ch \u0111\u01b0\u1ee3c ch\u1ecdn l\u1ecdc v\u1edbi mong mu\u1ed1n\u00a0mang tri th\u1ee9c, c\u1ea3m [&hellip;]","og_url":"https:\/\/lbl.bahibaha.cloud\/?page_id=345","og_site_name":"Little Bird Library.","article_modified_time":"2026-01-21T04:01:07+00:00","twitter_card":"summary_large_image","twitter_misc":{"\u01af\u1edbc t\u00ednh th\u1eddi gian \u0111\u1ecdc":"1 ph\u00fat"},"schema":{"@context":"https:\/\/schema.org","@graph":[{"@type":"WebPage","@id":"https:\/\/lbl.bahibaha.cloud\/?page_id=345","url":"https:\/\/lbl.bahibaha.cloud\/?page_id=345","name":"TRANG GI\u1edaI THI\u1ec6U - Little Bird Library.","isPartOf":{"@id":"https:\/\/lbl.bahibaha.cloud\/#website"},"datePublished":"2026-01-21T03:26:15+00:00","dateModified":"2026-01-21T04:01:07+00:00","breadcrumb":{"@id":"https:\/\/lbl.bahibaha.cloud\/?page_id=345#breadcrumb"},"inLanguage":"vi","potentialAction":[{"@type":"ReadAction","target":["https:\/\/lbl.bahibaha.cloud\/?page_id=345"]}]},{"@type":"BreadcrumbList","@id":"https:\/\/lbl.bahibaha.cloud\/?page_id=345#breadcrumb","itemListElement":[{"@type":"ListItem","position":1,"name":"Home","item":"https:\/\/lbl.bahibaha.cloud\/"},{"@type":"ListItem","position":2,"name":"TRANG GI\u1edaI THI\u1ec6U"}]},{"@type":"WebSite","@id":"https:\/\/lbl.bahibaha.cloud\/#website","url":"https:\/\/lbl.bahibaha.cloud\/","name":"Little Bird Library.","description":"","potentialAction":[{"@type":"SearchAction","target":{"@type":"EntryPoint","urlTemplate":"https:\/\/lbl.bahibaha.cloud\/?s={search_term_string}"},"query-input":{"@type":"PropertyValueSpecification","valueRequired":true,"valueName":"search_term_string"}}],"inLanguage":"vi"}]}},"_links":{"self":[{"href":"https:\/\/lbl.bahibaha.cloud\/index.php?rest_route=\/wp\/v2\/pages\/345","targetHints":{"allow":["GET"]}}],"collection":[{"href":"https:\/\/lbl.bahibaha.cloud\/index.php?rest_route=\/wp\/v2\/pages"}],"about":[{"href":"https:\/\/lbl.bahibaha.cloud\/index.php?rest_route=\/wp\/v2\/types\/page"}],"author":[{"embeddable":true,"href":"https:\/\/lbl.bahibaha.cloud\/index.php?rest_route=\/wp\/v2\/users\/1"}],"replies":[{"embeddable":true,"href":"https:\/\/lbl.bahibaha.cloud\/index.php?rest_route=%2Fwp%2Fv2%2Fcomments&post=345"}],"version-history":[{"count":13,"href":"https:\/\/lbl.bahibaha.cloud\/index.php?rest_route=\/wp\/v2\/pages\/345\/revisions"}],"predecessor-version":[{"id":364,"href":"https:\/\/lbl.bahibaha.cloud\/index.php?rest_route=\/wp\/v2\/pages\/345\/revisions\/364"}],"wp:attachment":[{"href":"https:\/\/lbl.bahibaha.cloud\/index.php?rest_route=%2Fwp%2Fv2%2Fmedia&parent=345"}],"curies":[{"name":"wp","href":"https:\/\/api.w.org\/{rel}","templated":true}]}}