{"id":314,"date":"2026-01-21T02:56:04","date_gmt":"2026-01-21T02:56:04","guid":{"rendered":"https:\/\/lbl.bahibaha.cloud\/?page_id=314"},"modified":"2026-01-21T03:20:40","modified_gmt":"2026-01-21T03:20:40","slug":"chinh-sach-doi-tra","status":"publish","type":"page","link":"https:\/\/lbl.bahibaha.cloud\/?page_id=314","title":{"rendered":"CH\u00cdNH S\u00c1CH \u0110\u1ed4I TR\u1ea2"},"content":{"rendered":"\t\t<div data-elementor-type=\"wp-page\" data-elementor-id=\"314\" class=\"elementor elementor-314\">\n\t\t\t\t<div class=\"elementor-element elementor-element-607d833a e-flex e-con-boxed e-con e-parent\" data-id=\"607d833a\" data-element_type=\"container\">\n\t\t\t\t\t<div class=\"e-con-inner\">\n\t\t\t\t<div class=\"elementor-element elementor-element-e71ea6d elementor-widget elementor-widget-heading\" data-id=\"e71ea6d\" data-element_type=\"widget\" data-widget_type=\"heading.default\">\n\t\t\t\t\t<div id=\"ez-toc-container\" class=\"ez-toc-v2_0_80 counter-hierarchy ez-toc-counter ez-toc-grey ez-toc-container-direction\">\n<div class=\"ez-toc-title-container\">\n<p class=\"ez-toc-title\" style=\"cursor:inherit\">Table of Contents<\/p>\n<span class=\"ez-toc-title-toggle\"><a href=\"#\" class=\"ez-toc-pull-right ez-toc-btn ez-toc-btn-xs ez-toc-btn-default ez-toc-toggle\" aria-label=\"Toggle Table of Content\"><span class=\"ez-toc-js-icon-con\"><span class=\"\"><span class=\"eztoc-hide\" style=\"display:none;\">Toggle<\/span><span class=\"ez-toc-icon-toggle-span\"><svg style=\"fill: #999;color:#999\" xmlns=\"http:\/\/www.w3.org\/2000\/svg\" class=\"list-377408\" width=\"20px\" height=\"20px\" viewBox=\"0 0 24 24\" fill=\"none\"><path d=\"M6 6H4v2h2V6zm14 0H8v2h12V6zM4 11h2v2H4v-2zm16 0H8v2h12v-2zM4 16h2v2H4v-2zm16 0H8v2h12v-2z\" fill=\"currentColor\"><\/path><\/svg><svg style=\"fill: #999;color:#999\" class=\"arrow-unsorted-368013\" xmlns=\"http:\/\/www.w3.org\/2000\/svg\" width=\"10px\" height=\"10px\" viewBox=\"0 0 24 24\" version=\"1.2\" baseProfile=\"tiny\"><path d=\"M18.2 9.3l-6.2-6.3-6.2 6.3c-.2.2-.3.4-.3.7s.1.5.3.7c.2.2.4.3.7.3h11c.3 0 .5-.1.7-.3.2-.2.3-.5.3-.7s-.1-.5-.3-.7zM5.8 14.7l6.2 6.3 6.2-6.3c.2-.2.3-.5.3-.7s-.1-.5-.3-.7c-.2-.2-.4-.3-.7-.3h-11c-.3 0-.5.1-.7.3-.2.2-.3.5-.3.7s.1.5.3.7z\"\/><\/svg><\/span><\/span><\/span><\/a><\/span><\/div>\n<nav><ul class='ez-toc-list ez-toc-list-level-1 ' ><ul class='ez-toc-list-level-4' ><li class='ez-toc-heading-level-4'><ul class='ez-toc-list-level-4' ><li class='ez-toc-heading-level-4'><a class=\"ez-toc-link ez-toc-heading-1\" href=\"https:\/\/lbl.bahibaha.cloud\/?page_id=314\/#Chinh_sach_doi_traChung_toi_mong_muon_mang_den_trai_nghiem_mua_sach_tot_nhat_cho_khach_hang_Vi_vay_chinh_sach_doi_tra_duoc_ap_dung_nhu_sau\" >Ch\u00ednh s\u00e1ch \u0111\u1ed5i tr\u1ea3Ch\u00fang t\u00f4i mong mu\u1ed1n mang \u0111\u1ebfn tr\u1ea3i nghi\u1ec7m mua s\u00e1ch t\u1ed1t nh\u1ea5t cho kh\u00e1ch h\u00e0ng. V\u00ec v\u1eady, ch\u00ednh s\u00e1ch \u0111\u1ed5i tr\u1ea3 \u0111\u01b0\u1ee3c \u00e1p d\u1ee5ng nh\u01b0 sau:<\/a><\/li><\/ul><\/li><\/ul><\/li><li class='ez-toc-page-1 ez-toc-heading-level-2'><a class=\"ez-toc-link ez-toc-heading-2\" href=\"https:\/\/lbl.bahibaha.cloud\/?page_id=314\/#Dieu_kien_doi_tra\" >\u0110i\u1ec1u ki\u1ec7n \u0111\u1ed5i tr\u1ea3<\/a><\/li><li class='ez-toc-page-1 ez-toc-heading-level-2'><a class=\"ez-toc-link ez-toc-heading-3\" href=\"https:\/\/lbl.bahibaha.cloud\/?page_id=314\/#Dieu_kien_khong_ap_dung\" >\u0110i\u1ec1u ki\u1ec7n kh\u00f4ng \u00e1p d\u1ee5ng<\/a><\/li><li class='ez-toc-page-1 ez-toc-heading-level-2'><a class=\"ez-toc-link ez-toc-heading-4\" href=\"https:\/\/lbl.bahibaha.cloud\/?page_id=314\/#Hinh_thuc_doi_tra\" >H\u00ecnh th\u1ee9c \u0111\u1ed5i tr\u1ea3<\/a><\/li><\/ul><\/nav><\/div>\n<h4 class=\"elementor-heading-title elementor-size-default\"><span class=\"ez-toc-section\" id=\"Chinh_sach_doi_traChung_toi_mong_muon_mang_den_trai_nghiem_mua_sach_tot_nhat_cho_khach_hang_Vi_vay_chinh_sach_doi_tra_duoc_ap_dung_nhu_sau\"><\/span><p data-start=\"815\" data-end=\"837\"><strong data-start=\"815\" data-end=\"837\">Ch\u00ednh s\u00e1ch \u0111\u1ed5i tr\u1ea3<\/strong><\/p><p data-start=\"815\" data-end=\"837\">Ch\u00fang t\u00f4i mong mu\u1ed1n mang \u0111\u1ebfn tr\u1ea3i nghi\u1ec7m mua s\u00e1ch t\u1ed1t nh\u1ea5t cho kh\u00e1ch h\u00e0ng. V\u00ec v\u1eady, ch\u00ednh s\u00e1ch \u0111\u1ed5i tr\u1ea3 \u0111\u01b0\u1ee3c \u00e1p d\u1ee5ng nh\u01b0 sau:<\/p><span class=\"ez-toc-section-end\"><\/span><\/h4>\t\t\t\t<\/div>\n\t\t\t\t<div class=\"elementor-element elementor-element-2ea5680 elementor-widget elementor-widget-text-editor\" data-id=\"2ea5680\" data-element_type=\"widget\" data-widget_type=\"text-editor.default\">\n\t\t\t\t\t\t\t\t\t<h2><span class=\"ez-toc-section\" id=\"Dieu_kien_doi_tra\"><\/span>\u0110i\u1ec1u ki\u1ec7n \u0111\u1ed5i tr\u1ea3<span class=\"ez-toc-section-end\"><\/span><\/h2>\n<ul data-start=\"989\" data-end=\"1143\">\n<li data-start=\"989\" data-end=\"1041\">\n<p data-start=\"991\" data-end=\"1041\">S\u00e1ch b\u1ecb <strong data-start=\"999\" data-end=\"1041\">l\u1ed7i in \u1ea5n, r\u00e1ch, m\u00f3p m\u00e9o do v\u1eadn chuy\u1ec3n<\/strong><\/p>\n<\/li>\n<li data-start=\"1042\" data-end=\"1081\">\n<p data-start=\"1044\" data-end=\"1081\">Giao <strong data-start=\"1049\" data-end=\"1081\">sai s\u00e1ch so v\u1edbi \u0111\u01a1n \u0111\u1eb7t h\u00e0ng<\/strong><\/p>\n<\/li>\n<li data-start=\"1082\" data-end=\"1143\">\n<p data-start=\"1084\" data-end=\"1143\">Y\u00eau c\u1ea7u \u0111\u1ed5i tr\u1ea3 trong v\u00f2ng <strong data-start=\"1111\" data-end=\"1123\">3\u20137 ng\u00e0y<\/strong> k\u1ec3 t\u1eeb khi nh\u1eadn h\u00e0ng<\/p>\n<\/li>\n<\/ul>\n<h2><span class=\"ez-toc-section\" id=\"Dieu_kien_khong_ap_dung\"><\/span>\u0110i\u1ec1u ki\u1ec7n kh\u00f4ng \u00e1p d\u1ee5ng<span class=\"ez-toc-section-end\"><\/span><\/h2>\n<ul data-start=\"1176\" data-end=\"1258\">\n<li data-start=\"1176\" data-end=\"1223\">\n<p data-start=\"1178\" data-end=\"1223\">S\u00e1ch \u0111\u00e3 qua s\u1eed d\u1ee5ng, c\u00f3 d\u1ea5u hi\u1ec7u b\u1ea9n, g\u00e3y g\u00e1y<\/p>\n<\/li>\n<li data-start=\"1224\" data-end=\"1258\">\n<p data-start=\"1226\" data-end=\"1258\">S\u00e1ch b\u1ecb h\u01b0 h\u1ecfng do ng\u01b0\u1eddi s\u1eed d\u1ee5ng<\/p>\n<\/li>\n<\/ul>\n<h2><span class=\"ez-toc-section\" id=\"Hinh_thuc_doi_tra\"><\/span>H\u00ecnh th\u1ee9c \u0111\u1ed5i tr\u1ea3<span class=\"ez-toc-section-end\"><\/span><\/h2>\n<ul data-start=\"1285\" data-end=\"1386\">\n<li data-start=\"1285\" data-end=\"1326\">\n<p data-start=\"1287\" data-end=\"1326\">\u0110\u1ed5i s\u00e1ch m\u1edbi c\u00f9ng lo\u1ea1i ho\u1eb7c t\u01b0\u01a1ng \u0111\u01b0\u01a1ng<\/p>\n<\/li>\n<li data-start=\"1327\" data-end=\"1386\">\n<p data-start=\"1329\" data-end=\"1386\">Ho\u00e0n ti\u1ec1n theo th\u1ecfa thu\u1eadn trong tr\u01b0\u1eddng h\u1ee3p kh\u00f4ng c\u00f2n h\u00e0nVui l\u00f2ng li\u00ean h\u1ec7 v\u1edbi ch\u00fang t\u00f4i tr\u01b0\u1edbc khi g\u1eedi s\u00e1ch \u0111\u1ed5i tr\u1ea3 \u0111\u1ec3 \u0111\u01b0\u1ee3c h\u1ed7 tr\u1ee3 nhanh nh\u1ea5t.<\/p>\n<\/li>\n<\/ul>\n<p><!-- \/wp:list-item --><!-- wp:list-item --><\/p>\n<ul>\n<li style=\"list-style-type: none;\">\u00a0<\/li>\n<\/ul>\n<p><!-- \/wp:list-item --><!-- wp:list-item --><\/p>\n<p><!-- \/wp:paragraph --><\/p>\t\t\t\t\t\t\t\t<\/div>\n\t\t\t\t\t<\/div>\n\t\t\t\t<\/div>\n\t\t\t\t<\/div>\n\t\t","protected":false},"excerpt":{"rendered":"<p>Ch\u00ednh s\u00e1ch \u0111\u1ed5i tr\u1ea3Ch\u00fang t\u00f4i mong mu\u1ed1n mang \u0111\u1ebfn tr\u1ea3i nghi\u1ec7m mua s\u00e1ch t\u1ed1t nh\u1ea5t cho kh\u00e1ch h\u00e0ng. V\u00ec v\u1eady, ch\u00ednh s\u00e1ch \u0111\u1ed5i tr\u1ea3 \u0111\u01b0\u1ee3c \u00e1p d\u1ee5ng nh\u01b0 sau: \u0110i\u1ec1u ki\u1ec7n \u0111\u1ed5i tr\u1ea3 S\u00e1ch b\u1ecb l\u1ed7i in \u1ea5n, r\u00e1ch, m\u00f3p m\u00e9o do v\u1eadn chuy\u1ec3n Giao sai s\u00e1ch so v\u1edbi \u0111\u01a1n \u0111\u1eb7t h\u00e0ng Y\u00eau c\u1ea7u \u0111\u1ed5i [&hellip;]<\/p>\n","protected":false},"author":1,"featured_media":0,"parent":0,"menu_order":0,"comment_status":"closed","ping_status":"closed","template":"","meta":{"footnotes":""},"class_list":["post-314","page","type-page","status-publish","hentry"],"yoast_head":"<!-- This site is optimized with the Yoast SEO plugin v26.8 - https:\/\/yoast.com\/product\/yoast-seo-wordpress\/ -->\n<title>CH\u00cdNH S\u00c1CH \u0110\u1ed4I TR\u1ea2 - Little Bird Library.<\/title>\n<meta name=\"robots\" content=\"noindex, follow, max-snippet:-1, max-image-preview:large, max-video-preview:-1\" \/>\n<meta property=\"og:locale\" content=\"vi_VN\" \/>\n<meta property=\"og:type\" content=\"article\" \/>\n<meta property=\"og:title\" content=\"CH\u00cdNH S\u00c1CH \u0110\u1ed4I TR\u1ea2 - Little Bird Library.\" \/>\n<meta property=\"og:description\" content=\"Ch\u00ednh s\u00e1ch \u0111\u1ed5i tr\u1ea3 Ch\u00fang t\u00f4i mong mu\u1ed1n mang \u0111\u1ebfn tr\u1ea3i nghi\u1ec7m mua s\u00e1ch t\u1ed1t nh\u1ea5t cho kh\u00e1ch h\u00e0ng. V\u00ec v\u1eady, ch\u00ednh s\u00e1ch \u0111\u1ed5i tr\u1ea3 \u0111\u01b0\u1ee3c \u00e1p d\u1ee5ng nh\u01b0 sau: \u0110i\u1ec1u ki\u1ec7n \u0111\u1ed5i tr\u1ea3 S\u00e1ch b\u1ecb l\u1ed7i in \u1ea5n, r\u00e1ch, m\u00f3p m\u00e9o do v\u1eadn chuy\u1ec3n Giao sai s\u00e1ch so v\u1edbi \u0111\u01a1n \u0111\u1eb7t h\u00e0ng Y\u00eau c\u1ea7u [&hellip;]\" \/>\n<meta property=\"og:url\" content=\"https:\/\/lbl.bahibaha.cloud\/?page_id=314\" \/>\n<meta property=\"og:site_name\" content=\"Little Bird Library.\" \/>\n<meta property=\"article:modified_time\" content=\"2026-01-21T03:20:40+00:00\" \/>\n<meta name=\"twitter:card\" content=\"summary_large_image\" \/>\n<meta name=\"twitter:label1\" content=\"\u01af\u1edbc t\u00ednh th\u1eddi gian \u0111\u1ecdc\" \/>\n\t<meta name=\"twitter:data1\" content=\"1 ph\u00fat\" \/>\n<script type=\"application\/ld+json\" class=\"yoast-schema-graph\">{\"@context\":\"https:\/\/schema.org\",\"@graph\":[{\"@type\":\"WebPage\",\"@id\":\"https:\/\/lbl.bahibaha.cloud\/?page_id=314\",\"url\":\"https:\/\/lbl.bahibaha.cloud\/?page_id=314\",\"name\":\"CH\u00cdNH S\u00c1CH \u0110\u1ed4I TR\u1ea2 - Little Bird Library.\",\"isPartOf\":{\"@id\":\"https:\/\/lbl.bahibaha.cloud\/#website\"},\"datePublished\":\"2026-01-21T02:56:04+00:00\",\"dateModified\":\"2026-01-21T03:20:40+00:00\",\"breadcrumb\":{\"@id\":\"https:\/\/lbl.bahibaha.cloud\/?page_id=314#breadcrumb\"},\"inLanguage\":\"vi\",\"potentialAction\":[{\"@type\":\"ReadAction\",\"target\":[\"https:\/\/lbl.bahibaha.cloud\/?page_id=314\"]}]},{\"@type\":\"BreadcrumbList\",\"@id\":\"https:\/\/lbl.bahibaha.cloud\/?page_id=314#breadcrumb\",\"itemListElement\":[{\"@type\":\"ListItem\",\"position\":1,\"name\":\"Home\",\"item\":\"https:\/\/lbl.bahibaha.cloud\/\"},{\"@type\":\"ListItem\",\"position\":2,\"name\":\"CH\u00cdNH S\u00c1CH \u0110\u1ed4I TR\u1ea2\"}]},{\"@type\":\"WebSite\",\"@id\":\"https:\/\/lbl.bahibaha.cloud\/#website\",\"url\":\"https:\/\/lbl.bahibaha.cloud\/\",\"name\":\"Little Bird Library.\",\"description\":\"\",\"potentialAction\":[{\"@type\":\"SearchAction\",\"target\":{\"@type\":\"EntryPoint\",\"urlTemplate\":\"https:\/\/lbl.bahibaha.cloud\/?s={search_term_string}\"},\"query-input\":{\"@type\":\"PropertyValueSpecification\",\"valueRequired\":true,\"valueName\":\"search_term_string\"}}],\"inLanguage\":\"vi\"}]}<\/script>\n<!-- \/ Yoast SEO plugin. -->","yoast_head_json":{"title":"CH\u00cdNH S\u00c1CH \u0110\u1ed4I TR\u1ea2 - Little Bird Library.","robots":{"index":"noindex","follow":"follow","max-snippet":"max-snippet:-1","max-image-preview":"max-image-preview:large","max-video-preview":"max-video-preview:-1"},"og_locale":"vi_VN","og_type":"article","og_title":"CH\u00cdNH S\u00c1CH \u0110\u1ed4I TR\u1ea2 - Little Bird Library.","og_description":"Ch\u00ednh s\u00e1ch \u0111\u1ed5i tr\u1ea3 Ch\u00fang t\u00f4i mong mu\u1ed1n mang \u0111\u1ebfn tr\u1ea3i nghi\u1ec7m mua s\u00e1ch t\u1ed1t nh\u1ea5t cho kh\u00e1ch h\u00e0ng. V\u00ec v\u1eady, ch\u00ednh s\u00e1ch \u0111\u1ed5i tr\u1ea3 \u0111\u01b0\u1ee3c \u00e1p d\u1ee5ng nh\u01b0 sau: \u0110i\u1ec1u ki\u1ec7n \u0111\u1ed5i tr\u1ea3 S\u00e1ch b\u1ecb l\u1ed7i in \u1ea5n, r\u00e1ch, m\u00f3p m\u00e9o do v\u1eadn chuy\u1ec3n Giao sai s\u00e1ch so v\u1edbi \u0111\u01a1n \u0111\u1eb7t h\u00e0ng Y\u00eau c\u1ea7u [&hellip;]","og_url":"https:\/\/lbl.bahibaha.cloud\/?page_id=314","og_site_name":"Little Bird Library.","article_modified_time":"2026-01-21T03:20:40+00:00","twitter_card":"summary_large_image","twitter_misc":{"\u01af\u1edbc t\u00ednh th\u1eddi gian \u0111\u1ecdc":"1 ph\u00fat"},"schema":{"@context":"https:\/\/schema.org","@graph":[{"@type":"WebPage","@id":"https:\/\/lbl.bahibaha.cloud\/?page_id=314","url":"https:\/\/lbl.bahibaha.cloud\/?page_id=314","name":"CH\u00cdNH S\u00c1CH \u0110\u1ed4I TR\u1ea2 - Little Bird Library.","isPartOf":{"@id":"https:\/\/lbl.bahibaha.cloud\/#website"},"datePublished":"2026-01-21T02:56:04+00:00","dateModified":"2026-01-21T03:20:40+00:00","breadcrumb":{"@id":"https:\/\/lbl.bahibaha.cloud\/?page_id=314#breadcrumb"},"inLanguage":"vi","potentialAction":[{"@type":"ReadAction","target":["https:\/\/lbl.bahibaha.cloud\/?page_id=314"]}]},{"@type":"BreadcrumbList","@id":"https:\/\/lbl.bahibaha.cloud\/?page_id=314#breadcrumb","itemListElement":[{"@type":"ListItem","position":1,"name":"Home","item":"https:\/\/lbl.bahibaha.cloud\/"},{"@type":"ListItem","position":2,"name":"CH\u00cdNH S\u00c1CH \u0110\u1ed4I TR\u1ea2"}]},{"@type":"WebSite","@id":"https:\/\/lbl.bahibaha.cloud\/#website","url":"https:\/\/lbl.bahibaha.cloud\/","name":"Little Bird Library.","description":"","potentialAction":[{"@type":"SearchAction","target":{"@type":"EntryPoint","urlTemplate":"https:\/\/lbl.bahibaha.cloud\/?s={search_term_string}"},"query-input":{"@type":"PropertyValueSpecification","valueRequired":true,"valueName":"search_term_string"}}],"inLanguage":"vi"}]}},"_links":{"self":[{"href":"https:\/\/lbl.bahibaha.cloud\/index.php?rest_route=\/wp\/v2\/pages\/314","targetHints":{"allow":["GET"]}}],"collection":[{"href":"https:\/\/lbl.bahibaha.cloud\/index.php?rest_route=\/wp\/v2\/pages"}],"about":[{"href":"https:\/\/lbl.bahibaha.cloud\/index.php?rest_route=\/wp\/v2\/types\/page"}],"author":[{"embeddable":true,"href":"https:\/\/lbl.bahibaha.cloud\/index.php?rest_route=\/wp\/v2\/users\/1"}],"replies":[{"embeddable":true,"href":"https:\/\/lbl.bahibaha.cloud\/index.php?rest_route=%2Fwp%2Fv2%2Fcomments&post=314"}],"version-history":[{"count":19,"href":"https:\/\/lbl.bahibaha.cloud\/index.php?rest_route=\/wp\/v2\/pages\/314\/revisions"}],"predecessor-version":[{"id":344,"href":"https:\/\/lbl.bahibaha.cloud\/index.php?rest_route=\/wp\/v2\/pages\/314\/revisions\/344"}],"wp:attachment":[{"href":"https:\/\/lbl.bahibaha.cloud\/index.php?rest_route=%2Fwp%2Fv2%2Fmedia&parent=314"}],"curies":[{"name":"wp","href":"https:\/\/api.w.org\/{rel}","templated":true}]}}