{"id":245,"date":"2026-01-19T03:14:47","date_gmt":"2026-01-19T03:14:47","guid":{"rendered":"https:\/\/lbl.bahibaha.cloud\/?page_id=245"},"modified":"2026-01-19T03:14:47","modified_gmt":"2026-01-19T03:14:47","slug":"dang-ky","status":"publish","type":"page","link":"https:\/\/lbl.bahibaha.cloud\/?page_id=245","title":{"rendered":"\u0110\u0103ng K\u00fd"},"content":{"rendered":"<style id=\"wpforms-css-vars-234\">\n\t\t\t\t#wpforms-234 {\n\t\t\t\t--wpforms-container-padding: 0px;\n--wpforms-container-border-width: 1px;\n--wpforms-container-border-radius: 3px;\n--wpforms-background-color: rgba(0, 0, 0, 0);\n--wpforms-field-size-input-height: 43px;\n--wpforms-field-size-input-spacing: 15px;\n--wpforms-field-size-font-size: 16px;\n--wpforms-field-size-line-height: 19px;\n--wpforms-field-size-padding-h: 14px;\n--wpforms-field-size-checkbox-size: 16px;\n--wpforms-field-size-sublabel-spacing: 5px;\n--wpforms-field-size-icon-size: 1;\n--wpforms-label-size-font-size: 16px;\n--wpforms-label-size-line-height: 19px;\n--wpforms-label-size-sublabel-font-size: 14px;\n--wpforms-label-size-sublabel-line-height: 17px;\n--wpforms-button-size-font-size: 17px;\n--wpforms-button-size-height: 41px;\n--wpforms-button-size-padding-h: 15px;\n--wpforms-button-size-margin-top: 10px;\n--wpforms-container-shadow-size-box-shadow: none;\n\t\t\t}\n\t\t\t<\/style><div class=\"wpforms-container wpforms-container-full wpforms-render-modern\" id=\"wpforms-234\"><form id=\"wpforms-form-234\" class=\"wpforms-validate wpforms-form wpforms-ajax-form\" data-formid=\"234\" method=\"post\" enctype=\"multipart\/form-data\" action=\"\/index.php?rest_route=%2Fwp%2Fv2%2Fpages%2F245\" data-token=\"d27c39f3409b31999241690413a78016\" data-token-time=\"1776504255\"><noscript class=\"wpforms-error-noscript\">Vui l\u00f2ng b\u1eadt JavaScript trong tr\u00ecnh duy\u1ec7t c\u1ee7a b\u1ea1n \u0111\u1ec3 ho\u00e0n th\u00e0nh Form n\u00e0y.<\/noscript><div id=\"wpforms-error-noscript\" style=\"display: none;\">Vui l\u00f2ng b\u1eadt JavaScript trong tr\u00ecnh duy\u1ec7t c\u1ee7a b\u1ea1n \u0111\u1ec3 ho\u00e0n th\u00e0nh Form n\u00e0y.<\/div><div class=\"wpforms-field-container\"><div id=\"wpforms-234-field_1-container\" class=\"wpforms-field wpforms-field-name\" data-field-id=\"1\"><fieldset><legend class=\"wpforms-field-label\">T\u00ean <span class=\"wpforms-required-label\" aria-hidden=\"true\">*<\/span><\/legend><div class=\"wpforms-field-row wpforms-field-medium\"><div class=\"wpforms-field-row-block wpforms-first wpforms-one-half\"><input type=\"text\" id=\"wpforms-234-field_1\" class=\"wpforms-field-name-first wpforms-field-required\" name=\"wpforms[fields][1][first]\" aria-errormessage=\"wpforms-234-field_1-error\" required><label for=\"wpforms-234-field_1\" class=\"wpforms-field-sublabel after\">T\u00ean<\/label><\/div><div class=\"wpforms-field-row-block wpforms-one-half\"><input type=\"text\" id=\"wpforms-234-field_1-last\" class=\"wpforms-field-name-last wpforms-field-required\" name=\"wpforms[fields][1][last]\" aria-errormessage=\"wpforms-234-field_1-last-error\" required><label for=\"wpforms-234-field_1-last\" class=\"wpforms-field-sublabel after\">H\u1ecd<\/label><\/div><\/div><\/fieldset><\/div><div id=\"wpforms-234-field_2-container\" class=\"wpforms-field wpforms-field-email\" data-field-id=\"2\"><fieldset><legend class=\"wpforms-field-label\">Email <span class=\"wpforms-required-label\" aria-hidden=\"true\">*<\/span><\/legend><div class=\"wpforms-field-row wpforms-field-medium\"><div class=\"wpforms-field-row-block wpforms-one-half wpforms-first\"><input type=\"email\" id=\"wpforms-234-field_2\" class=\"wpforms-field-required wpforms-field-email-primary\" name=\"wpforms[fields][2][primary]\" spellcheck=\"false\" aria-errormessage=\"wpforms-234-field_2-error\" aria-describedby=\"wpforms-234-field_2-description\" required><label for=\"wpforms-234-field_2\" class=\"wpforms-field-sublabel after\">Email<\/label><\/div><div class=\"wpforms-field-row-block wpforms-one-half\"><input type=\"email\" id=\"wpforms-234-field_2-secondary\" class=\"wpforms-field-email-secondary wpforms-field-required\" data-rule-confirm=\"#wpforms-234-field_2\" name=\"wpforms[fields][2][secondary]\" spellcheck=\"false\" aria-errormessage=\"wpforms-234-field_2-secondary-error\" aria-describedby=\"wpforms-234-field_2-description\" required><label for=\"wpforms-234-field_2-secondary\" class=\"wpforms-field-sublabel after\">X\u00e1c nh\u1eadn email<\/label><\/div><\/div><div id=\"wpforms-234-field_2-description\" class=\"wpforms-field-description\">Vui l\u00f2ng nh\u1eadp Email c\u1ee7a b\u1ea1n<\/div><\/fieldset><\/div>\t\t<div id=\"wpforms-234-field_4-container\"\n\t\t\tclass=\"wpforms-field wpforms-field-text\"\n\t\t\tdata-field-type=\"text\"\n\t\t\tdata-field-id=\"4\"\n\t\t\t>\n\t\t\t<label class=\"wpforms-field-label\" for=\"wpforms-234-field_4\" >tin Email lu\u1eadn<\/label>\n\t\t\t<input type=\"text\" id=\"wpforms-234-field_4\" class=\"wpforms-field-medium\" name=\"wpforms[fields][4]\" >\n\t\t<\/div>\n\t\t<div id=\"wpforms-234-field_3-container\" class=\"wpforms-field wpforms-field-textarea\" data-field-id=\"3\"><label class=\"wpforms-field-label\" for=\"wpforms-234-field_3\">B\u00ecnh lu\u1eadn ho\u1eb7c tin nh\u1eafn<\/label><textarea id=\"wpforms-234-field_3\" class=\"wpforms-field-medium\" name=\"wpforms[fields][3]\" aria-errormessage=\"wpforms-234-field_3-error\" aria-describedby=\"wpforms-234-field_3-description\" ><\/textarea><div id=\"wpforms-234-field_3-description\" class=\"wpforms-field-description\">Vui l\u00f2ng m\u00f4 t\u1ea3 nh\u0169ng g\u00ec b\u1ea1n mong mu\u1ed1n<\/div><\/div><script>\n\t\t\t\t( function() {\n\t\t\t\t\tconst style = document.createElement( 'style' );\n\t\t\t\t\tstyle.appendChild( document.createTextNode( '#wpforms-234-field_4-container { position: absolute !important; overflow: hidden !important; display: inline !important; height: 1px !important; width: 1px !important; z-index: -1000 !important; padding: 0 !important; } #wpforms-234-field_4-container input { visibility: hidden; } #wpforms-conversational-form-page #wpforms-234-field_4-container label { counter-increment: none; }' ) );\n\t\t\t\t\tdocument.head.appendChild( style );\n\t\t\t\t\tdocument.currentScript?.remove();\n\t\t\t\t} )();\n\t\t\t<\/script><\/div><!-- .wpforms-field-container --><div class=\"wpforms-submit-container\" ><input type=\"hidden\" name=\"wpforms[id]\" value=\"234\"><input type=\"hidden\" name=\"page_title\" value=\"\"><input type=\"hidden\" name=\"page_url\" value=\"https:\/\/lbl.bahibaha.cloud\/index.php?rest_route=\/wp\/v2\/pages\/245\"><input type=\"hidden\" name=\"url_referer\" value=\"\"><button type=\"submit\" name=\"wpforms[submit]\" id=\"wpforms-submit-234\" class=\"wpforms-submit\" data-alt-text=\"\u0110ang g\u1eedi...\" data-submit-text=\"G\u1eedi\" aria-live=\"assertive\" value=\"wpforms-submit\">G\u1eedi<\/button><img decoding=\"async\" src=\"https:\/\/lbl.bahibaha.cloud\/wp-content\/plugins\/wpforms-lite\/assets\/images\/submit-spin.svg\" class=\"wpforms-submit-spinner\" style=\"display: none;\" width=\"26\" height=\"26\" alt=\"\u0110ang t\u1ea3i\"><\/div><\/form><\/div>  <!-- .wpforms-container -->\n","protected":false},"excerpt":{"rendered":"","protected":false},"author":1,"featured_media":0,"parent":0,"menu_order":0,"comment_status":"closed","ping_status":"closed","template":"","meta":{"footnotes":""},"class_list":["post-245","page","type-page","status-publish","hentry"],"yoast_head":"<!-- This site is optimized with the Yoast SEO plugin v26.8 - https:\/\/yoast.com\/product\/yoast-seo-wordpress\/ -->\n<title>\u0110\u0103ng K\u00fd - Little Bird Library.<\/title>\n<meta name=\"robots\" content=\"noindex, follow, max-snippet:-1, max-image-preview:large, max-video-preview:-1\" \/>\n<meta property=\"og:locale\" content=\"vi_VN\" \/>\n<meta property=\"og:type\" content=\"article\" \/>\n<meta property=\"og:title\" content=\"\u0110\u0103ng K\u00fd - Little Bird Library.\" \/>\n<meta property=\"og:url\" content=\"https:\/\/lbl.bahibaha.cloud\/?page_id=245\" \/>\n<meta property=\"og:site_name\" content=\"Little Bird Library.\" \/>\n<meta name=\"twitter:card\" content=\"summary_large_image\" \/>\n<script type=\"application\/ld+json\" class=\"yoast-schema-graph\">{\"@context\":\"https:\/\/schema.org\",\"@graph\":[{\"@type\":\"WebPage\",\"@id\":\"https:\/\/lbl.bahibaha.cloud\/?page_id=245\",\"url\":\"https:\/\/lbl.bahibaha.cloud\/?page_id=245\",\"name\":\"\u0110\u0103ng K\u00fd - Little Bird Library.\",\"isPartOf\":{\"@id\":\"https:\/\/lbl.bahibaha.cloud\/#website\"},\"datePublished\":\"2026-01-19T03:14:47+00:00\",\"breadcrumb\":{\"@id\":\"https:\/\/lbl.bahibaha.cloud\/?page_id=245#breadcrumb\"},\"inLanguage\":\"vi\",\"potentialAction\":[{\"@type\":\"ReadAction\",\"target\":[\"https:\/\/lbl.bahibaha.cloud\/?page_id=245\"]}]},{\"@type\":\"BreadcrumbList\",\"@id\":\"https:\/\/lbl.bahibaha.cloud\/?page_id=245#breadcrumb\",\"itemListElement\":[{\"@type\":\"ListItem\",\"position\":1,\"name\":\"Home\",\"item\":\"https:\/\/lbl.bahibaha.cloud\/\"},{\"@type\":\"ListItem\",\"position\":2,\"name\":\"\u0110\u0103ng K\u00fd\"}]},{\"@type\":\"WebSite\",\"@id\":\"https:\/\/lbl.bahibaha.cloud\/#website\",\"url\":\"https:\/\/lbl.bahibaha.cloud\/\",\"name\":\"Little Bird Library.\",\"description\":\"\",\"potentialAction\":[{\"@type\":\"SearchAction\",\"target\":{\"@type\":\"EntryPoint\",\"urlTemplate\":\"https:\/\/lbl.bahibaha.cloud\/?s={search_term_string}\"},\"query-input\":{\"@type\":\"PropertyValueSpecification\",\"valueRequired\":true,\"valueName\":\"search_term_string\"}}],\"inLanguage\":\"vi\"}]}<\/script>\n<!-- \/ Yoast SEO plugin. -->","yoast_head_json":{"title":"\u0110\u0103ng K\u00fd - Little Bird Library.","robots":{"index":"noindex","follow":"follow","max-snippet":"max-snippet:-1","max-image-preview":"max-image-preview:large","max-video-preview":"max-video-preview:-1"},"og_locale":"vi_VN","og_type":"article","og_title":"\u0110\u0103ng K\u00fd - Little Bird Library.","og_url":"https:\/\/lbl.bahibaha.cloud\/?page_id=245","og_site_name":"Little Bird Library.","twitter_card":"summary_large_image","schema":{"@context":"https:\/\/schema.org","@graph":[{"@type":"WebPage","@id":"https:\/\/lbl.bahibaha.cloud\/?page_id=245","url":"https:\/\/lbl.bahibaha.cloud\/?page_id=245","name":"\u0110\u0103ng K\u00fd - Little Bird Library.","isPartOf":{"@id":"https:\/\/lbl.bahibaha.cloud\/#website"},"datePublished":"2026-01-19T03:14:47+00:00","breadcrumb":{"@id":"https:\/\/lbl.bahibaha.cloud\/?page_id=245#breadcrumb"},"inLanguage":"vi","potentialAction":[{"@type":"ReadAction","target":["https:\/\/lbl.bahibaha.cloud\/?page_id=245"]}]},{"@type":"BreadcrumbList","@id":"https:\/\/lbl.bahibaha.cloud\/?page_id=245#breadcrumb","itemListElement":[{"@type":"ListItem","position":1,"name":"Home","item":"https:\/\/lbl.bahibaha.cloud\/"},{"@type":"ListItem","position":2,"name":"\u0110\u0103ng K\u00fd"}]},{"@type":"WebSite","@id":"https:\/\/lbl.bahibaha.cloud\/#website","url":"https:\/\/lbl.bahibaha.cloud\/","name":"Little Bird Library.","description":"","potentialAction":[{"@type":"SearchAction","target":{"@type":"EntryPoint","urlTemplate":"https:\/\/lbl.bahibaha.cloud\/?s={search_term_string}"},"query-input":{"@type":"PropertyValueSpecification","valueRequired":true,"valueName":"search_term_string"}}],"inLanguage":"vi"}]}},"_links":{"self":[{"href":"https:\/\/lbl.bahibaha.cloud\/index.php?rest_route=\/wp\/v2\/pages\/245","targetHints":{"allow":["GET"]}}],"collection":[{"href":"https:\/\/lbl.bahibaha.cloud\/index.php?rest_route=\/wp\/v2\/pages"}],"about":[{"href":"https:\/\/lbl.bahibaha.cloud\/index.php?rest_route=\/wp\/v2\/types\/page"}],"author":[{"embeddable":true,"href":"https:\/\/lbl.bahibaha.cloud\/index.php?rest_route=\/wp\/v2\/users\/1"}],"replies":[{"embeddable":true,"href":"https:\/\/lbl.bahibaha.cloud\/index.php?rest_route=%2Fwp%2Fv2%2Fcomments&post=245"}],"version-history":[{"count":1,"href":"https:\/\/lbl.bahibaha.cloud\/index.php?rest_route=\/wp\/v2\/pages\/245\/revisions"}],"predecessor-version":[{"id":247,"href":"https:\/\/lbl.bahibaha.cloud\/index.php?rest_route=\/wp\/v2\/pages\/245\/revisions\/247"}],"wp:attachment":[{"href":"https:\/\/lbl.bahibaha.cloud\/index.php?rest_route=%2Fwp%2Fv2%2Fmedia&parent=245"}],"curies":[{"name":"wp","href":"https:\/\/api.w.org\/{rel}","templated":true}]}}